{"id":1119,"date":"2017-02-20T17:51:22","date_gmt":"2017-02-20T16:51:22","guid":{"rendered":"http:\/\/peanutspeanuts.de\/?product=stempelset-keinen-stress-wir-wollen-eine-ganz-normale-stunde"},"modified":"2022-12-16T23:19:00","modified_gmt":"2022-12-16T22:19:00","slug":"stempelset-keinen-stress-wir-wollen-eine-ganz-normale-stunde","status":"publish","type":"product","link":"https:\/\/peanutspeanuts.de\/?product=stempelset-keinen-stress-wir-wollen-eine-ganz-normale-stunde","title":{"rendered":"Stempelset &#8220;Keinen Stress. Wir wollen eine ganz normale Stunde&#8221;"},"content":{"rendered":"<p dir=\"ltr\"><strong>&#8220;Keinen Stress. Wir wollen eine ganz normale Stunde&#8221; ist ein A6 &#8220;Clear Stamp Set&#8221;.<\/strong><\/p>\n<p dir=\"ltr\">Es beinhaltet 22 individuelle Stempel (8 Icons und 14 W\u00f6rter bzw. Phrasen) und erlaubt Dir die unterschiedlichsten Kombinationen und Einsatzm\u00f6glichkeiten. Dieses Set ist vorrangig an Referendarinnen und Referendare gerichtet.<\/p>\n<p dir=\"ltr\">F\u00fcr die Auswahl der Stempelgr\u00f6\u00dfen haben wir unterschiedliche Lehrerkalender sowohl in der Gr\u00f6\u00dfe A4 als auch A5 als Grundlage genutzt. Als Referenzgr\u00f6\u00dfe f\u00fcr Dich zum Ausmessen in Deinem pers\u00f6nlichen Kalender: Das Wort &#8220;Klasse&#8221; ist ca. 12 x 4 mm und die &#8220;Gedankenwolke&#8221; hat die Ma\u00dfe 52 x 26 mm.<\/p>\n<p dir=\"ltr\">Wie bei allen unseren Clear Stamp Sets achten wir auf die hohe Qualit\u00e4t. Aus diesem Grund sind unsere Stempel ausschlie\u00dflich aus hochwertigem Photopolymer in England gefertigt. Dieses kennzeichnet sich &#8211; im Gegensatz zu minderwertigen Silikonstempel &#8211; durch eine hohe Lichtbest\u00e4ndigkeit (keine Verf\u00e4rbung), scharfe Stempelqualit\u00e4t ohne Ausfransungen, gute Klebeeigenschaften \u00a0am Acrylblock und eine hervorragende Haltbarkeit aus.<\/p>\n<p><strong>Mit diesem Stempelset kannst Du&#8230;.<\/strong><\/p>\n<ul>\n<li>Deinen Kalender mit den wichtigsten Terminen eine Referendarin\/ eines Referendars bestempeln.<\/li>\n<li>die unterschiedlichen Stempel dieses Sets je nach Termin miteinander kombinieren.<\/li>\n<li>mit Icons die W\u00f6rter zu den unterschiedlichsten Situationen hervorheben oder als Alternative oder einfach zur Versch\u00f6nerung nutzen.<\/li>\n<li>Deinen Kalender dekorieren.<\/li>\n<li>Deine Termine farblich gestalten, indem Du farbige Stempelkissen gezielt einsetzt (h\u00f6here Flexibilit\u00e4t als bei Stickern oder selbstf\u00e4rbenden Stempeln).<\/li>\n<li>beliebig oft Deine Kalender versch\u00f6nern.<\/li>\n<li>mit den anderen Stempelsets von Peanut\u00b4s Peanuts\u00a0kombinieren.<\/li>\n<li>und nat\u00fcrlich Deine Stempelliebe befriedigen \ud83d\ude42<\/li>\n<\/ul>\n<p>Die M\u00f6glichkeiten sind unbegrenzt!<\/p>\n<p>F\u00fcr Photopolymer-Stempel ben\u00f6tigst du einen Acrylblock. N\u00e4here Infos dazu findest du in den FAQ und in verschiedenen Blogposts.<\/p>\n<p>F\u00fcr Projektideen schau Dich in unserem <a href=\"http:\/\/peanutspeanuts.de\/?page_id=1025\" target=\"_blank\" rel=\"noopener noreferrer\">Blog<\/a> um.<\/p>\n<p><strong>Teile Deine Projekte mit Peanut\u00b4s\u00a0Peanuts Stempel und nutze\u00a0<\/strong><br \/>\n<strong>#peanutspeanuts<\/strong><\/p>\n<p>&nbsp;<\/p>\n<p>Dieses Stempelset wurde erstmalig im Februar 2017 ver\u00f6ffentlicht.<\/p>\n","protected":false},"excerpt":{"rendered":"<p>&#8220;Keinen Stress. Wir wollen eine ganz normale Stunde&#8221; A6 Photopolymer Stempel Set.<\/p>\n","protected":false},"featured_media":1122,"comment_status":"open","ping_status":"closed","template":"","meta":[],"product_cat":[83],"product_tag":[],"post_mailing_queue_ids":[],"_links":{"self":[{"href":"https:\/\/peanutspeanuts.de\/index.php?rest_route=\/wp\/v2\/product\/1119"}],"collection":[{"href":"https:\/\/peanutspeanuts.de\/index.php?rest_route=\/wp\/v2\/product"}],"about":[{"href":"https:\/\/peanutspeanuts.de\/index.php?rest_route=\/wp\/v2\/types\/product"}],"replies":[{"embeddable":true,"href":"https:\/\/peanutspeanuts.de\/index.php?rest_route=%2Fwp%2Fv2%2Fcomments&post=1119"}],"wp:featuredmedia":[{"embeddable":true,"href":"https:\/\/peanutspeanuts.de\/index.php?rest_route=\/wp\/v2\/media\/1122"}],"wp:attachment":[{"href":"https:\/\/peanutspeanuts.de\/index.php?rest_route=%2Fwp%2Fv2%2Fmedia&parent=1119"}],"wp:term":[{"taxonomy":"product_cat","embeddable":true,"href":"https:\/\/peanutspeanuts.de\/index.php?rest_route=%2Fwp%2Fv2%2Fproduct_cat&post=1119"},{"taxonomy":"product_tag","embeddable":true,"href":"https:\/\/peanutspeanuts.de\/index.php?rest_route=%2Fwp%2Fv2%2Fproduct_tag&post=1119"}],"curies":[{"name":"wp","href":"https:\/\/api.w.org\/{rel}","templated":true}]}}