{"id":3067,"date":"2020-03-27T13:49:22","date_gmt":"2020-03-27T12:49:22","guid":{"rendered":"https:\/\/peanutspeanuts.de\/?post_type=product&#038;p=3067"},"modified":"2022-08-23T10:46:15","modified_gmt":"2022-08-23T08:46:15","slug":"give-me-5","status":"publish","type":"product","link":"https:\/\/peanutspeanuts.de\/?product=give-me-5","title":{"rendered":"Give me 5"},"content":{"rendered":"<p>Dies ist ein <strong>digitaler Download<\/strong> f\u00fcr das Warm-up &#8220;Give me 5&#8221; f\u00fcr den Englischunterricht.<\/p>\n<p>Dateiformat: 1 PDF<\/p>\n<p><b><u>Give me 5:<br \/>\n<\/u><\/b>Auf diesen Karten stehen ein Oberbegriff und dann 5 passende Unterbegriffe.<\/p>\n<p>Ich habe dieses Warm-up meist mit der Hilfe meines\u00a0<em>English Assistant<\/em>\u00a0durchgef\u00fchrt. Es ist sowohl f\u00fcr die Grundschule als auch die Mittelstufe geeignet.<\/p>\n<p>Die Antworten, die auf der Karte stehen, dienen nur als Hilfe, falls von den Kindern nichts genannt wird. Dann k\u00f6nnte der <em>Assistant<\/em> &#8220;Tipps&#8221; geben. Je nachdem, ob man etwas Bestimmtes wiederholen m\u00f6chte, kann man evtl. Karten vorgeben oder man l\u00e4sst den Zufall entscheiden. Bei den Blanko-Karten im Stapel kann der English Assistant auch selbst etwas ausdenken. Oder du kannst die Blanko-Karte mit eigenen Begriffen passend zum Lehrwerk oder Thema beschriften.<\/p>\n<p>Im Karten-Set sind 41 verschiedene Themenkarten enthalten, wobei 2 Karten sowohl mit der britischen als auch mit der amerikanischen Schreibung versehen sind (s. Foto), sodass du die f\u00fcr dich und deinen Unterricht passende Karte in das Spiel aufnehmen kannst. Au\u00dferdem enth\u00e4lt das Set 4 Blanko-Karten und ein Deckblatt.<\/p>\n<p>Die Schrift hat im M\u00e4rz 2021 ein Update erhalten (s. Foto vom Auszug aus der PDF).<\/p>\n<p>&nbsp;<\/p>\n<p><i>Alle digitalen\/downloadbaren Produkte sind nur f\u00fcr den privaten, eigenen Gebrauch bestimmt. Sie d\u00fcrfen nicht weiterverkauft oder f\u00fcr kommerzielle\u00a0Zwecke genutzt werden! Sie sind von Umtausch und von der R\u00fcckgabe ausgeschlossen. Auch d\u00fcrfen sie nicht ver\u00e4ndert werden. Eine Vervielf\u00e4ltigung kann zum privaten Gebrauch erstellt werden. Die Sticker sind ausschlie\u00dflich f\u00fcr die private Nutzung\u00a0innerhalb des Planers zu verwenden. Bei Ver\u00f6ffentlichungen (z.B. in den Sozialen Netzwerken) muss zwingend der Verweis zu Peanut&#8217;s Peanuts angegeben werden.<\/i><\/p>\n","protected":false},"excerpt":{"rendered":"<p>Dies ist ein digitaler Download f\u00fcr das Warm-up &#8220;Give me 5&#8221; f\u00fcr den Englischunterricht. Dateiformat: 1 PDF Give me 5: Auf diesen [&hellip;]<\/p>\n","protected":false},"featured_media":3068,"comment_status":"open","ping_status":"closed","template":"","meta":[],"product_cat":[261],"product_tag":[166,167,168],"post_mailing_queue_ids":[],"_links":{"self":[{"href":"https:\/\/peanutspeanuts.de\/index.php?rest_route=\/wp\/v2\/product\/3067"}],"collection":[{"href":"https:\/\/peanutspeanuts.de\/index.php?rest_route=\/wp\/v2\/product"}],"about":[{"href":"https:\/\/peanutspeanuts.de\/index.php?rest_route=\/wp\/v2\/types\/product"}],"replies":[{"embeddable":true,"href":"https:\/\/peanutspeanuts.de\/index.php?rest_route=%2Fwp%2Fv2%2Fcomments&post=3067"}],"wp:featuredmedia":[{"embeddable":true,"href":"https:\/\/peanutspeanuts.de\/index.php?rest_route=\/wp\/v2\/media\/3068"}],"wp:attachment":[{"href":"https:\/\/peanutspeanuts.de\/index.php?rest_route=%2Fwp%2Fv2%2Fmedia&parent=3067"}],"wp:term":[{"taxonomy":"product_cat","embeddable":true,"href":"https:\/\/peanutspeanuts.de\/index.php?rest_route=%2Fwp%2Fv2%2Fproduct_cat&post=3067"},{"taxonomy":"product_tag","embeddable":true,"href":"https:\/\/peanutspeanuts.de\/index.php?rest_route=%2Fwp%2Fv2%2Fproduct_tag&post=3067"}],"curies":[{"name":"wp","href":"https:\/\/api.w.org\/{rel}","templated":true}]}}