{"id":3139,"date":"2020-06-20T14:14:34","date_gmt":"2020-06-20T12:14:34","guid":{"rendered":"https:\/\/peanutspeanuts.de\/?post_type=product&#038;p=3139"},"modified":"2022-04-03T17:23:39","modified_gmt":"2022-04-03T15:23:39","slug":"schreibblatt","status":"publish","type":"product","link":"https:\/\/peanutspeanuts.de\/?product=schreibblatt","title":{"rendered":"Schreibblatt mit Zeilenh\u00e4uschen"},"content":{"rendered":"<p>Dieses Schreibblatt kommt zu Dir als kostenloser Downlaod im PDF-Format.<br \/>\nDu kannst es gut mit den &#8220;Fotos als Schreibanlass&#8221; nutzen, die im Shop erh\u00e4ltlich sind.<\/p>\n<p>Quellenangabe:<br \/>\nAlle Graphiken auf dem Schreibblatt sind von Peanut&#8217;s Peanuts.<\/p>\n<p>&nbsp;<\/p>\n<p><i>Alle digitalen\/downloadbaren Produkte sind nur f\u00fcr den privaten, eigenen Gebrauch bestimmt. Sie d\u00fcrfen nicht weiterverkauft oder f\u00fcr kommerzielle\u00a0Zwecke genutzt werden! Sie sind von Umtausch und von der R\u00fcckgabe ausgeschlossen. Auch d\u00fcrfen sie nicht ver\u00e4ndert werden. Eine Vervielf\u00e4ltigung kann zum privaten Gebrauch erstellt werden. Die Sticker sind ausschlie\u00dflich f\u00fcr die private Nutzung\u00a0innerhalb des Planers zu verwenden. Bei Ver\u00f6ffentlichungen (z.B. in den Sozialen Netzwerken) muss zwingend der Verweis zu Peanut&#8217;s Peanuts angegeben werden.<\/i><\/p>\n","protected":false},"excerpt":{"rendered":"<p>Dieses Schreibblatt kommt zu Dir als kostenloser Downlaod im PDF-Format. Du kannst es gut mit den &#8220;Fotos als Schreibanlass&#8221; nutzen, die im [&hellip;]<\/p>\n","protected":false},"featured_media":3136,"comment_status":"open","ping_status":"closed","template":"","meta":[],"product_cat":[262],"product_tag":[177,176],"post_mailing_queue_ids":[],"_links":{"self":[{"href":"https:\/\/peanutspeanuts.de\/index.php?rest_route=\/wp\/v2\/product\/3139"}],"collection":[{"href":"https:\/\/peanutspeanuts.de\/index.php?rest_route=\/wp\/v2\/product"}],"about":[{"href":"https:\/\/peanutspeanuts.de\/index.php?rest_route=\/wp\/v2\/types\/product"}],"replies":[{"embeddable":true,"href":"https:\/\/peanutspeanuts.de\/index.php?rest_route=%2Fwp%2Fv2%2Fcomments&post=3139"}],"wp:featuredmedia":[{"embeddable":true,"href":"https:\/\/peanutspeanuts.de\/index.php?rest_route=\/wp\/v2\/media\/3136"}],"wp:attachment":[{"href":"https:\/\/peanutspeanuts.de\/index.php?rest_route=%2Fwp%2Fv2%2Fmedia&parent=3139"}],"wp:term":[{"taxonomy":"product_cat","embeddable":true,"href":"https:\/\/peanutspeanuts.de\/index.php?rest_route=%2Fwp%2Fv2%2Fproduct_cat&post=3139"},{"taxonomy":"product_tag","embeddable":true,"href":"https:\/\/peanutspeanuts.de\/index.php?rest_route=%2Fwp%2Fv2%2Fproduct_tag&post=3139"}],"curies":[{"name":"wp","href":"https:\/\/api.w.org\/{rel}","templated":true}]}}