{"id":3417,"date":"2020-07-13T11:35:37","date_gmt":"2020-07-13T09:35:37","guid":{"rendered":"https:\/\/peanutspeanuts.de\/?post_type=product&#038;p=3417"},"modified":"2022-08-20T00:07:45","modified_gmt":"2022-08-19T22:07:45","slug":"digitales-heft-zur-schuelerbeobachtung-canyon","status":"publish","type":"product","link":"https:\/\/peanutspeanuts.de\/?product=digitales-heft-zur-schuelerbeobachtung-canyon","title":{"rendered":"Digitales Heft zur Sch\u00fclerbeobachtung &#8211; &#8220;Canyon&#8221;"},"content":{"rendered":"<p>Aus eigenem Wunsch heraus, weniger Papier zu nutzen, entstand dieses\u00a0<strong>digitale Heft zur Sch\u00fclerbeobachtung<\/strong> im <strong>Flat Design Stil<\/strong>. Bewusst habe ich auf ein kompliziertes Design verzichtet, um die Funktionalit\u00e4t in den Mittelpunkt zu stellen.<\/p>\n<p><strong>Dieser Sch\u00fclerbeobachtungsheft beinhaltet folgendes:<\/strong><\/p>\n<ul>\n<li>5 Seiten f\u00fcr Notizen pro Sch\u00fcler<\/li>\n<li>insgesamt f\u00fcr 25 Sch\u00fcler<\/li>\n<li>1 Blanko-Stickerseite, um digitale Sticker griffbereit zu haben<\/li>\n<li>NEU: 1 Seite zum Notieren von genutzten Abk\u00fcrzungen<\/li>\n<li>5 zus\u00e4tzliche Beobachtungsseiten<\/li>\n<li>insgesamt 133 Seiten<\/li>\n<\/ul>\n<p>Diese Inhalte sind jeweils \u00fcber Reiter, die mit einem Hyperlink versehen sind, zu erreichen.<\/p>\n<p><strong>Um das digitale Heft zur Sch\u00fclerbeobachtung, das als PDF nach Erwerb downloadbar ist, nutzen zu k\u00f6nnen, ben\u00f6tigst du folgendes:<\/strong><\/p>\n<ul>\n<li>Ein Tablett m\u00f6glichst mit Stift<\/li>\n<li>Eine App, die das \u00d6ffnen und Bearbeiten von PDFs und die Nutzung von Hyperlinks unterst\u00fctzt. Ich nutze z.B. Good Notes (unbezahlte, unbeauftragte Werbung).<\/li>\n<\/ul>\n<p><strong>Der Download enth\u00e4lt folgendes:<\/strong><\/p>\n<ul>\n<li>Heft zur Sch\u00fclerbeobachtung im PDF-Format<\/li>\n<li>2 Beispiel-Sticker<\/li>\n<\/ul>\n<p>In der <strong>Fotogalerie<\/strong> kannst du beispielhaft ausgef\u00fcllte Seiten sehen.<\/p>\n<p><strong>Ein passender Lehrerkalender und passende Sticker-Sets<\/strong> k\u00f6nnen ebenfalls hier im Shop erworben werden. Die Sets sind nicht im Download enthalten.<\/p>\n<p>&nbsp;<\/p>\n<p><i>Alle digitalen\/downloadbaren Produkte sind nur f\u00fcr den privaten, eigenen Gebrauch bestimmt. Sie d\u00fcrfen nicht weiterverkauft oder f\u00fcr kommerzielle\u00a0Zwecke genutzt werden! Sie sind von Umtausch und von der R\u00fcckgabe ausgeschlossen. Auch d\u00fcrfen sie nicht ver\u00e4ndert werden. Eine Vervielf\u00e4ltigung kann zum privaten Gebrauch erstellt werden. Die Sticker sind ausschlie\u00dflich f\u00fcr die private Nutzung\u00a0innerhalb des Planers zu verwenden. Bei Ver\u00f6ffentlichungen (z.B. in den Sozialen Netzwerken) muss zwingend der Verweis zu Peanut&#8217;s Peanuts angegeben werden.<\/i><\/p>\n","protected":false},"excerpt":{"rendered":"<p>Aus eigenem Wunsch heraus, weniger Papier zu nutzen, entstand dieses\u00a0digitale Heft zur Sch\u00fclerbeobachtung im Flat Design Stil. Bewusst habe ich auf ein [&hellip;]<\/p>\n","protected":false},"featured_media":5108,"comment_status":"open","ping_status":"closed","template":"","meta":[],"product_cat":[171],"product_tag":[173,166,179,178],"post_mailing_queue_ids":[],"_links":{"self":[{"href":"https:\/\/peanutspeanuts.de\/index.php?rest_route=\/wp\/v2\/product\/3417"}],"collection":[{"href":"https:\/\/peanutspeanuts.de\/index.php?rest_route=\/wp\/v2\/product"}],"about":[{"href":"https:\/\/peanutspeanuts.de\/index.php?rest_route=\/wp\/v2\/types\/product"}],"replies":[{"embeddable":true,"href":"https:\/\/peanutspeanuts.de\/index.php?rest_route=%2Fwp%2Fv2%2Fcomments&post=3417"}],"wp:featuredmedia":[{"embeddable":true,"href":"https:\/\/peanutspeanuts.de\/index.php?rest_route=\/wp\/v2\/media\/5108"}],"wp:attachment":[{"href":"https:\/\/peanutspeanuts.de\/index.php?rest_route=%2Fwp%2Fv2%2Fmedia&parent=3417"}],"wp:term":[{"taxonomy":"product_cat","embeddable":true,"href":"https:\/\/peanutspeanuts.de\/index.php?rest_route=%2Fwp%2Fv2%2Fproduct_cat&post=3417"},{"taxonomy":"product_tag","embeddable":true,"href":"https:\/\/peanutspeanuts.de\/index.php?rest_route=%2Fwp%2Fv2%2Fproduct_tag&post=3417"}],"curies":[{"name":"wp","href":"https:\/\/api.w.org\/{rel}","templated":true}]}}