{"id":3732,"date":"2020-10-03T21:45:52","date_gmt":"2020-10-03T19:45:52","guid":{"rendered":"https:\/\/peanutspeanuts.de\/?post_type=product&#038;p=3732"},"modified":"2024-09-09T01:08:12","modified_gmt":"2024-09-08T23:08:12","slug":"tauschkarten-zum-apfel","status":"publish","type":"product","link":"https:\/\/peanutspeanuts.de\/?product=tauschkarten-zum-apfel","title":{"rendered":"Tauschkarten zum Apfel"},"content":{"rendered":"<p>Tauschkarten sind vielseitig einsetzbar: um Fachbegriffe zu lernen, um Bewegung in den Unterricht einzubauen, um auch sch\u00fcchternen Kindern die M\u00f6glichkeit zum Sprechen zu geben.<\/p>\n<p>Dieser digitale Download (als PDF) enth\u00e4lt Tauschkarten zum Apfel:<\/p>\n<ul>\n<li>1 Satz Tauschkarten zum Apfel, Kerngeh\u00e4use, Fruchtfleisch, Stiel, Bl\u00fctenrest, Kerne und Schale ohne Begriffe<\/li>\n<li>1\u00a0Satz Tauschkarten zum Apfel, Kerngeh\u00e4use, Fruchtfleisch, Stiel, Bl\u00fctenrest, Kerne und Schale mit den Fachbegriffen ohne Artikel (mit Silbengliederung)<\/li>\n<li>1 Satz Tauschkarten zum Apfel, Kerngeh\u00e4use, Fruchtfleisch, Stiel, Bl\u00fctenrest, Kerne und Schale mit den Fachbegriffen mit den passenden Artikeln (mit Silbengliederung)<\/li>\n<li>Jede Karte ist in dreifacher Ausf\u00fchrung vorhanden.<\/li>\n<li>Jede Seite kann je nach Klassengr\u00f6\u00dfe mehrfach ausgedruckt werden.<\/li>\n<\/ul>\n<p>&nbsp;<\/p>\n<p>Insgesamt sind es 9 DinA4 Seiten mit Tauschkarten und eine Seite mit Ideen zur Nutzung.<\/p>\n<p>&nbsp;<\/p>\n<p>Dies ist ein digitaler Download.<\/p>\n<p>Dateiformat: \u00a01 PDF<\/p>\n<p>Alle Cliparts &amp; Fonts: Peanut&#8217;s Peanuts<\/p>\n<p>Je nach Drucker k\u00f6nnen die Farben etwas abweichen.<\/p>\n<p>&nbsp;<\/p>\n<p><i>Alle digitalen\/downloadbaren Produkte sind nur f\u00fcr den privaten, eigenen Gebrauch bestimmt. Sie d\u00fcrfen nicht weiterverkauft oder f\u00fcr kommerzielle\u00a0Zwecke genutzt werden! Sie sind von Umtausch und von der R\u00fcckgabe ausgeschlossen. Auch d\u00fcrfen sie nicht ver\u00e4ndert werden. Eine Vervielf\u00e4ltigung kann zum privaten Gebrauch erstellt werden. Bei Ver\u00f6ffentlichungen (z.B. in den Sozialen Netzwerken) muss zwingend der Verweis zu Peanut&#8217;s Peanuts angegeben werden.<\/i><\/p>\n","protected":false},"excerpt":{"rendered":"<p>Tauschkarten sind vielseitig einsetzbar: um Fachbegriffe zu lernen, um Bewegung in den Unterricht einzubauen, um auch sch\u00fcchternen Kindern die M\u00f6glichkeit zum Sprechen [&hellip;]<\/p>\n","protected":false},"featured_media":5426,"comment_status":"open","ping_status":"closed","template":"","meta":[],"product_cat":[263],"product_tag":[226,227,228],"post_mailing_queue_ids":[],"_links":{"self":[{"href":"https:\/\/peanutspeanuts.de\/index.php?rest_route=\/wp\/v2\/product\/3732"}],"collection":[{"href":"https:\/\/peanutspeanuts.de\/index.php?rest_route=\/wp\/v2\/product"}],"about":[{"href":"https:\/\/peanutspeanuts.de\/index.php?rest_route=\/wp\/v2\/types\/product"}],"replies":[{"embeddable":true,"href":"https:\/\/peanutspeanuts.de\/index.php?rest_route=%2Fwp%2Fv2%2Fcomments&post=3732"}],"wp:featuredmedia":[{"embeddable":true,"href":"https:\/\/peanutspeanuts.de\/index.php?rest_route=\/wp\/v2\/media\/5426"}],"wp:attachment":[{"href":"https:\/\/peanutspeanuts.de\/index.php?rest_route=%2Fwp%2Fv2%2Fmedia&parent=3732"}],"wp:term":[{"taxonomy":"product_cat","embeddable":true,"href":"https:\/\/peanutspeanuts.de\/index.php?rest_route=%2Fwp%2Fv2%2Fproduct_cat&post=3732"},{"taxonomy":"product_tag","embeddable":true,"href":"https:\/\/peanutspeanuts.de\/index.php?rest_route=%2Fwp%2Fv2%2Fproduct_tag&post=3732"}],"curies":[{"name":"wp","href":"https:\/\/api.w.org\/{rel}","templated":true}]}}