{"id":3807,"date":"2020-11-05T21:09:59","date_gmt":"2020-11-05T20:09:59","guid":{"rendered":"https:\/\/peanutspeanuts.de\/?post_type=product&#038;p=3807"},"modified":"2022-04-03T17:20:50","modified_gmt":"2022-04-03T15:20:50","slug":"kleines-abc-materialpaket","status":"publish","type":"product","link":"https:\/\/peanutspeanuts.de\/?product=kleines-abc-materialpaket","title":{"rendered":"Kleines ABC-Materialpaket"},"content":{"rendered":"<p>In diesem digitalen Materialpaket (PDF) sind folgende Materialien enthalten:<\/p>\n<ul>\n<li>Eine \u00dcbungskartei zum ABC mit ABC-Pl\u00e4ttchen (5 Aufgabenkarten). Diese Karten habe ich kleiner ausgedruckt (4 Seiten auf einer Seite). Anschlie\u00dfend habe ich sie laminiert mit einem Buchring zu einer Kartei verbunden.<\/li>\n<li>ABC-Armb\u00e4nder in 3 verschiedenen Varianten<\/li>\n<li>8 Schreibbl\u00e4tter mit ABC-Schmuckrahmen (farbig &amp; schwarz-wei\u00df): 4 horizontal (2 mit Schreiblinien in schwarz-wei\u00df und farbig, 2 ohne Schreiblinien in schwarz-wei\u00df und farbig), 4 vertikal (2 mit Schreiblinien in schwarz-wei\u00df und farbig, 2 ohne Schreiblinien in schwarz-wei\u00df und farbig)<\/li>\n<li>1 Seite mit Beschriftungen f\u00fcr Aufbewahrungsdosen<\/li>\n<\/ul>\n<p>&nbsp;<\/p>\n<p>Die Produktfotos sind nur Beispiele. Insgesamt sind es 18 DinA4 Seiten mit den oben angegebenen Materialien.<\/p>\n<p>Die in den Fotos sichtbaren Dosen und ABC-Pl\u00e4ttchen sind <strong>nicht<\/strong> Teil dieses Produkts. Dieses Produkt ist ein reiner digitaler Download, der anschlie\u00dfend ausgedruckt werden kann.<\/p>\n<p>Alle Quellenangaben sind im Dokument enthalten (Images &amp; Font von Peanut&#8217;s Peanuts).<\/p>\n<p>&nbsp;<\/p>\n<p><i>Alle digitalen\/downloadbaren Produkte sind nur f\u00fcr den privaten, eigenen Gebrauch bestimmt. Sie d\u00fcrfen nicht weiterverkauft oder f\u00fcr kommerzielle\u00a0Zwecke genutzt werden! Sie sind von Umtausch und von der R\u00fcckgabe ausgeschlossen. Auch d\u00fcrfen sie nicht ver\u00e4ndert werden. Eine Vervielf\u00e4ltigung kann zum privaten Gebrauch erstellt werden. Bei Ver\u00f6ffentlichungen (z.B. in den Sozialen Netzwerken) muss zwingend der Verweis zu Peanut&#8217;s Peanuts angegeben werden.<\/i><\/p>\n","protected":false},"excerpt":{"rendered":"<p>In diesem digitalen Materialpaket (PDF) sind folgende Materialien enthalten: Eine \u00dcbungskartei zum ABC mit ABC-Pl\u00e4ttchen (5 Aufgabenkarten). Diese Karten habe ich kleiner [&hellip;]<\/p>\n","protected":false},"featured_media":3808,"comment_status":"open","ping_status":"closed","template":"","meta":[],"product_cat":[262],"product_tag":[232,166,177,176],"post_mailing_queue_ids":[],"_links":{"self":[{"href":"https:\/\/peanutspeanuts.de\/index.php?rest_route=\/wp\/v2\/product\/3807"}],"collection":[{"href":"https:\/\/peanutspeanuts.de\/index.php?rest_route=\/wp\/v2\/product"}],"about":[{"href":"https:\/\/peanutspeanuts.de\/index.php?rest_route=\/wp\/v2\/types\/product"}],"replies":[{"embeddable":true,"href":"https:\/\/peanutspeanuts.de\/index.php?rest_route=%2Fwp%2Fv2%2Fcomments&post=3807"}],"wp:featuredmedia":[{"embeddable":true,"href":"https:\/\/peanutspeanuts.de\/index.php?rest_route=\/wp\/v2\/media\/3808"}],"wp:attachment":[{"href":"https:\/\/peanutspeanuts.de\/index.php?rest_route=%2Fwp%2Fv2%2Fmedia&parent=3807"}],"wp:term":[{"taxonomy":"product_cat","embeddable":true,"href":"https:\/\/peanutspeanuts.de\/index.php?rest_route=%2Fwp%2Fv2%2Fproduct_cat&post=3807"},{"taxonomy":"product_tag","embeddable":true,"href":"https:\/\/peanutspeanuts.de\/index.php?rest_route=%2Fwp%2Fv2%2Fproduct_tag&post=3807"}],"curies":[{"name":"wp","href":"https:\/\/api.w.org\/{rel}","templated":true}]}}