{"id":4054,"date":"2021-04-30T17:02:19","date_gmt":"2021-04-30T15:02:19","guid":{"rendered":"https:\/\/peanutspeanuts.de\/?post_type=product&#038;p=4054"},"modified":"2022-10-31T09:40:36","modified_gmt":"2022-10-31T08:40:36","slug":"satzzeichen-tafel-legematerial","status":"publish","type":"product","link":"https:\/\/peanutspeanuts.de\/?product=satzzeichen-tafel-legematerial","title":{"rendered":"Satzzeichen &#8211; Tafel- &#038; Legematerial"},"content":{"rendered":"<p>Dieser <strong>digitale Download<\/strong> enth\u00e4lt 1 PDF mit Tafel- bzw. Legematerial zur Einf\u00fchrung der Satzzeichen in der Grundschule (s. Bilder). Aus dem Material l\u00e4sst sich auch ein Merkplakat f\u00fcr die Klasse erstellen.<\/p>\n<p>Das Dokument enth\u00e4lt 1 Version mit Silbenschrift und 1 Version ohne Silbenschrift. Auch enth\u00e4lt es verschiedene Beispiels\u00e4tze (s. Bilder). Die K\u00e4rtchen sind durch feine Schneidemarkierungen optisch von einander getrennt.<\/p>\n<p>&nbsp;<\/p>\n<p>Dieses Dokument erh\u00e4ltst du hier als digitalen Download.<\/p>\n<p>Dateiformat: \u00a01 PDF mit insgesamt 9 Seiten.<\/p>\n<p>&nbsp;<\/p>\n<p>Alle Cliparts &amp; Fonts: Peanut&#8217;s Peanuts<\/p>\n<p>&nbsp;<\/p>\n<p><i>Alle digitalen\/downloadbaren Produkte sind nur f\u00fcr den privaten, eigenen Gebrauch bestimmt. Sie d\u00fcrfen nicht weiterverkauft oder f\u00fcr kommerzielle\u00a0Zwecke genutzt werden! Sie sind von Umtausch und von der R\u00fcckgabe ausgeschlossen. Auch d\u00fcrfen sie nicht ver\u00e4ndert werden. Eine Vervielf\u00e4ltigung kann zum privaten Gebrauch erstellt werden. Die Sticker sind ausschlie\u00dflich f\u00fcr die private Nutzung\u00a0innerhalb des Planers zu verwenden. Bei Ver\u00f6ffentlichungen (z.B. in den Sozialen Netzwerken) muss zwingend der Verweis zu Peanut&#8217;s Peanuts angegeben werden.<\/i><\/p>\n","protected":false},"excerpt":{"rendered":"<p>Dieser digitale Download enth\u00e4lt 1 PDF mit Tafel- bzw. Legematerial zur Einf\u00fchrung der Satzzeichen in der Grundschule (s. Bilder). Aus dem Material [&hellip;]<\/p>\n","protected":false},"featured_media":4053,"comment_status":"open","ping_status":"closed","template":"","meta":[],"product_cat":[262],"product_tag":[232,177,238],"post_mailing_queue_ids":[],"_links":{"self":[{"href":"https:\/\/peanutspeanuts.de\/index.php?rest_route=\/wp\/v2\/product\/4054"}],"collection":[{"href":"https:\/\/peanutspeanuts.de\/index.php?rest_route=\/wp\/v2\/product"}],"about":[{"href":"https:\/\/peanutspeanuts.de\/index.php?rest_route=\/wp\/v2\/types\/product"}],"replies":[{"embeddable":true,"href":"https:\/\/peanutspeanuts.de\/index.php?rest_route=%2Fwp%2Fv2%2Fcomments&post=4054"}],"wp:featuredmedia":[{"embeddable":true,"href":"https:\/\/peanutspeanuts.de\/index.php?rest_route=\/wp\/v2\/media\/4053"}],"wp:attachment":[{"href":"https:\/\/peanutspeanuts.de\/index.php?rest_route=%2Fwp%2Fv2%2Fmedia&parent=4054"}],"wp:term":[{"taxonomy":"product_cat","embeddable":true,"href":"https:\/\/peanutspeanuts.de\/index.php?rest_route=%2Fwp%2Fv2%2Fproduct_cat&post=4054"},{"taxonomy":"product_tag","embeddable":true,"href":"https:\/\/peanutspeanuts.de\/index.php?rest_route=%2Fwp%2Fv2%2Fproduct_tag&post=4054"}],"curies":[{"name":"wp","href":"https:\/\/api.w.org\/{rel}","templated":true}]}}