{"id":4237,"date":"2021-09-14T18:36:51","date_gmt":"2021-09-14T16:36:51","guid":{"rendered":"https:\/\/peanutspeanuts.de\/?post_type=product&#038;p=4237"},"modified":"2025-05-02T16:05:22","modified_gmt":"2025-05-02T14:05:22","slug":"5-schritte-faecher-poster-ich-verstehe-das-noch-nicht","status":"publish","type":"product","link":"https:\/\/peanutspeanuts.de\/?product=5-schritte-faecher-poster-ich-verstehe-das-noch-nicht","title":{"rendered":"5-Schritte F\u00e4cher &#038; Poster &#8211; Ich verstehe das (noch) nicht"},"content":{"rendered":"<p>Lehrer:innen kennen es &#8211; Eltern auch. Das Kind sitzt an seinen Aufgaben und irgendwann kommt &#8220;Ich verstehe das nicht. Was soll ich machen?&#8221; Diese 5 Schritte k\u00f6nnen dabei helfen, dass das Kind lernt, sich die Aufgaben selbst zu erarbeiten.<\/p>\n<p>Der F\u00e4cher kann den Kindern an den Tisch mit gegeben werden, damit das Kind die 5 Schritte nacheinander durchl\u00e4uft. Das Poster kann man sich in die Klasse h\u00e4ngen. Die Mini-Poster sind prima f\u00fcr die Lernzeitmappe, das Lernb\u00fcro oder die Federtasche.<\/p>\n<p>Dieser <strong>digitale Download<\/strong> enth\u00e4lt 1 PDF mit einem 5-Schritte F\u00e4cher (2 Versionen: unterschiedliche Ausrichtung der Schrift), ein 5-Schritte Poster und eine Vorlage f\u00fcr Mini-5-Schritte Poster (s. Bilder).<\/p>\n<p>&nbsp;<\/p>\n<p>Dies ist ein <strong>digitaler Download.<\/strong><\/p>\n<p>Dateiformat: \u00a01 PDF<\/p>\n<p>Alle Cliparts &amp; Fonts: Peanut&#8217;s Peanuts<\/p>\n<p>Idee der 5 Schritte: Caroline von St. Ange (Learn Learning With Caroline)<\/p>\n<p>Je nach Drucker k\u00f6nnen die Farben etwas abweichen.<\/p>\n<p>&nbsp;<\/p>\n<p>&nbsp;<\/p>\n<p><i>Alle digitalen\/downloadbaren Produkte sind nur f\u00fcr den privaten, eigenen Gebrauch bestimmt. Sie d\u00fcrfen nicht weiterverkauft oder f\u00fcr kommerzielle\u00a0Zwecke genutzt werden! Sie sind von Umtausch und von der R\u00fcckgabe ausgeschlossen. Auch d\u00fcrfen sie nicht ver\u00e4ndert werden. Eine Vervielf\u00e4ltigung kann zum privaten Gebrauch erstellt werden. Die Sticker sind ausschlie\u00dflich f\u00fcr die private Nutzung\u00a0innerhalb des Planers zu verwenden. Bei Ver\u00f6ffentlichungen (z.B. in den Sozialen Netzwerken) muss zwingend der Verweis zu Peanut&#8217;s Peanuts angegeben werden.<\/i><\/p>\n","protected":false},"excerpt":{"rendered":"<p>Lehrer:innen kennen es &#8211; Eltern auch. Das Kind sitzt an seinen Aufgaben und irgendwann kommt &#8220;Ich verstehe das nicht. Was soll ich [&hellip;]<\/p>\n","protected":false},"featured_media":4242,"comment_status":"open","ping_status":"closed","template":"","meta":[],"product_cat":[240],"product_tag":[242,166,177,241,235],"post_mailing_queue_ids":[],"_links":{"self":[{"href":"https:\/\/peanutspeanuts.de\/index.php?rest_route=\/wp\/v2\/product\/4237"}],"collection":[{"href":"https:\/\/peanutspeanuts.de\/index.php?rest_route=\/wp\/v2\/product"}],"about":[{"href":"https:\/\/peanutspeanuts.de\/index.php?rest_route=\/wp\/v2\/types\/product"}],"replies":[{"embeddable":true,"href":"https:\/\/peanutspeanuts.de\/index.php?rest_route=%2Fwp%2Fv2%2Fcomments&post=4237"}],"wp:featuredmedia":[{"embeddable":true,"href":"https:\/\/peanutspeanuts.de\/index.php?rest_route=\/wp\/v2\/media\/4242"}],"wp:attachment":[{"href":"https:\/\/peanutspeanuts.de\/index.php?rest_route=%2Fwp%2Fv2%2Fmedia&parent=4237"}],"wp:term":[{"taxonomy":"product_cat","embeddable":true,"href":"https:\/\/peanutspeanuts.de\/index.php?rest_route=%2Fwp%2Fv2%2Fproduct_cat&post=4237"},{"taxonomy":"product_tag","embeddable":true,"href":"https:\/\/peanutspeanuts.de\/index.php?rest_route=%2Fwp%2Fv2%2Fproduct_tag&post=4237"}],"curies":[{"name":"wp","href":"https:\/\/api.w.org\/{rel}","templated":true}]}}