{"id":4967,"date":"2021-12-22T20:59:09","date_gmt":"2021-12-22T19:59:09","guid":{"rendered":"https:\/\/peanutspeanuts.de\/?post_type=product&#038;p=4967"},"modified":"2022-08-06T08:48:30","modified_gmt":"2022-08-06T06:48:30","slug":"warm-up-kartei-fuer-den-fremdsprachenunterricht-gruen","status":"publish","type":"product","link":"https:\/\/peanutspeanuts.de\/?product=warm-up-kartei-fuer-den-fremdsprachenunterricht-gruen","title":{"rendered":"Warm-up Kartei f\u00fcr den Fremdsprachenunterricht (Gr\u00fcn)"},"content":{"rendered":"<div class=\"page\" title=\"Page 1\">\n<div class=\"section\">\n<div class=\"layoutArea\">\n<div class=\"column\">\n<p>Dieser Download enth\u00e4lt:<\/p>\n<ul>\n<li>1 Kartei mit 15 \u00a0verschiedenen, erprobten Warm-ups bzw. Spielen f\u00fcr den Fremdsprachenunterricht mit einem gr\u00fcnen Hintergrund (Beispiele s. Bilder)<\/li>\n<\/ul>\n<p>Die Kartei ist Din A4 gro\u00df, kann aber super kleiner ausgedruckt werden (s. Bild).<\/p>\n<\/div>\n<\/div>\n<\/div>\n<\/div>\n<p>Dies ist ein <strong>digitaler Download.<\/strong><\/p>\n<p>Dateiformat: \u00a01 PDF<\/p>\n<p>Alle Cliparts &amp; Fonts: Peanut&#8217;s Peanuts<\/p>\n<p>Je nach Drucker k\u00f6nnen die Farben etwas abweichen.<\/p>\n<p>Passend zu dieser Kartei gibt es die &#8220;Give Me 5&#8221;-Karten <a href=\"https:\/\/peanutspeanuts.de\/?product=give-me-5\">hier<\/a> im Shop. Die Kartei gibt es auch in 3 anderen Versionen (s. Shop).<\/p>\n<p>&nbsp;<\/p>\n<p><i>Alle digitalen\/downloadbaren Produkte sind nur f\u00fcr den privaten, eigenen Gebrauch bestimmt. Sie d\u00fcrfen nicht weiterverkauft oder f\u00fcr kommerzielle\u00a0Zwecke genutzt werden! Sie sind von Umtausch und von der R\u00fcckgabe ausgeschlossen. Auch d\u00fcrfen sie nicht ver\u00e4ndert werden. Eine Vervielf\u00e4ltigung kann zum privaten Gebrauch erstellt werden. Die Sticker sind ausschlie\u00dflich f\u00fcr die private Nutzung\u00a0innerhalb des Planers zu verwenden. Bei Ver\u00f6ffentlichungen (z.B. in den Sozialen Netzwerken) muss zwingend der Verweis zu Peanut&#8217;s Peanuts angegeben werden.<\/i><\/p>\n","protected":false},"excerpt":{"rendered":"<p>Dieser Download enth\u00e4lt: 1 Kartei mit 15 \u00a0verschiedenen, erprobten Warm-ups bzw. Spielen f\u00fcr den Fremdsprachenunterricht mit einem gr\u00fcnen Hintergrund (Beispiele s. Bilder) [&hellip;]<\/p>\n","protected":false},"featured_media":4976,"comment_status":"open","ping_status":"closed","template":"","meta":[],"product_cat":[261],"product_tag":[173,166,167,177,225,235,168],"post_mailing_queue_ids":[],"_links":{"self":[{"href":"https:\/\/peanutspeanuts.de\/index.php?rest_route=\/wp\/v2\/product\/4967"}],"collection":[{"href":"https:\/\/peanutspeanuts.de\/index.php?rest_route=\/wp\/v2\/product"}],"about":[{"href":"https:\/\/peanutspeanuts.de\/index.php?rest_route=\/wp\/v2\/types\/product"}],"replies":[{"embeddable":true,"href":"https:\/\/peanutspeanuts.de\/index.php?rest_route=%2Fwp%2Fv2%2Fcomments&post=4967"}],"wp:featuredmedia":[{"embeddable":true,"href":"https:\/\/peanutspeanuts.de\/index.php?rest_route=\/wp\/v2\/media\/4976"}],"wp:attachment":[{"href":"https:\/\/peanutspeanuts.de\/index.php?rest_route=%2Fwp%2Fv2%2Fmedia&parent=4967"}],"wp:term":[{"taxonomy":"product_cat","embeddable":true,"href":"https:\/\/peanutspeanuts.de\/index.php?rest_route=%2Fwp%2Fv2%2Fproduct_cat&post=4967"},{"taxonomy":"product_tag","embeddable":true,"href":"https:\/\/peanutspeanuts.de\/index.php?rest_route=%2Fwp%2Fv2%2Fproduct_tag&post=4967"}],"curies":[{"name":"wp","href":"https:\/\/api.w.org\/{rel}","templated":true}]}}