{"id":5040,"date":"2022-02-04T21:53:15","date_gmt":"2022-02-04T20:53:15","guid":{"rendered":"https:\/\/peanutspeanuts.de\/?post_type=product&#038;p=5040"},"modified":"2022-05-14T00:12:36","modified_gmt":"2022-05-13T22:12:36","slug":"wochenplan-fuer-zu-hause-gelb","status":"publish","type":"product","link":"https:\/\/peanutspeanuts.de\/?product=wochenplan-fuer-zu-hause-gelb","title":{"rendered":"Wochenplan f\u00fcr zu Hause &#8211; gelb"},"content":{"rendered":"<div class=\"page\" title=\"Page 1\">\n<div class=\"section\">\n<div class=\"layoutArea\">\n<div class=\"column\">\n<p>Dieser Download enth\u00e4lt 1 Wochenplan f\u00fcr zu Hause, um den Alltag transparent f\u00fcr Kinder darzustellen.<\/p>\n<div class=\"page\" title=\"Page 1\">\n<div class=\"section\">\n<div class=\"layoutArea\">\n<div class=\"column\">\n<p>Er enth\u00e4lt folgende Materialien:<\/p>\n<ul>\n<li>Karten mit den Wochentage in 2 Versionen:\u00a0Deutsch mit Englisch und nur Deutsch<\/li>\n<li>Pfeile in 4 verschiedenen Gr\u00f6\u00dfen, um den Tag oder\u00a0die Aktivit\u00e4t zu markieren<\/li>\n<li>25 verschiedene Aktivit\u00e4tskarten und 3 Blanko-Symbolkarten, die du selbst ausf\u00fcllen oder\u00a0bekleben kannst. Ganz aktuell im Alltag vieler Kinder: der Corona-Schnelltest. Auch daf\u00fcr gibt es bereits ein Schild. Durch mehrfaches Ausdrucken erh\u00e4lt man die gew\u00fcnschte Anzahl der Aktivit\u00e4tskarten. Der Hintergrund dieser Karten ist in Gelbt\u00f6nen gehalten. Andere Farbvarianten sind im Shop zu finden.<\/li>\n<\/ul>\n<\/div>\n<\/div>\n<\/div>\n<\/div>\n<p>(Beispiele s. Bilder; bei den Produktbildern kannst du ausgedruckte Schilder in Rott\u00f6nen sehen).<\/p>\n<p>Der Wochenplan ist Din A4 gro\u00df, kann aber nat\u00fcrlich auch kleiner ausgedruckt werden. Ausdrucken, laminieren und mit Magnetband versehen &#8211; zack ist der Wochenplan fertig.<\/p>\n<\/div>\n<\/div>\n<\/div>\n<\/div>\n<p>Dies ist ein <strong>digitaler Download.<br \/>\n<\/strong>Dateiformat: \u00a01 PDF<\/p>\n<p>Alle Cliparts &amp; Fonts: Peanut&#8217;s Peanuts<br \/>\nEinige Cliparts wurden nach Anleitungen von &#8220;Draw So cute&#8221; gezeichnet.<\/p>\n<p>Je nach Drucker k\u00f6nnen die Farben etwas abweichen.<\/p>\n<p>&nbsp;<\/p>\n<p>&nbsp;<\/p>\n<p><i>Alle digitalen\/downloadbaren Produkte sind nur f\u00fcr den privaten, eigenen Gebrauch bestimmt. Sie d\u00fcrfen nicht weiterverkauft oder f\u00fcr kommerzielle\u00a0Zwecke genutzt werden! Sie sind von Umtausch und von der R\u00fcckgabe ausgeschlossen. Auch d\u00fcrfen sie nicht ver\u00e4ndert werden. Eine Vervielf\u00e4ltigung kann zum privaten Gebrauch erstellt werden. Die Sticker sind ausschlie\u00dflich f\u00fcr die private Nutzung\u00a0innerhalb des Planers zu verwenden. Bei Ver\u00f6ffentlichungen (z.B. in den Sozialen Netzwerken) muss zwingend der Verweis zu Peanut&#8217;s Peanuts angegeben werden.<\/i><\/p>\n","protected":false},"excerpt":{"rendered":"<p>Dieser Download enth\u00e4lt 1 Wochenplan f\u00fcr zu Hause, um den Alltag transparent f\u00fcr Kinder darzustellen. Er enth\u00e4lt folgende Materialien: Karten mit den [&hellip;]<\/p>\n","protected":false},"featured_media":5037,"comment_status":"open","ping_status":"closed","template":"","meta":[],"product_cat":[258],"product_tag":[259,173,166,255],"post_mailing_queue_ids":[],"_links":{"self":[{"href":"https:\/\/peanutspeanuts.de\/index.php?rest_route=\/wp\/v2\/product\/5040"}],"collection":[{"href":"https:\/\/peanutspeanuts.de\/index.php?rest_route=\/wp\/v2\/product"}],"about":[{"href":"https:\/\/peanutspeanuts.de\/index.php?rest_route=\/wp\/v2\/types\/product"}],"replies":[{"embeddable":true,"href":"https:\/\/peanutspeanuts.de\/index.php?rest_route=%2Fwp%2Fv2%2Fcomments&post=5040"}],"wp:featuredmedia":[{"embeddable":true,"href":"https:\/\/peanutspeanuts.de\/index.php?rest_route=\/wp\/v2\/media\/5037"}],"wp:attachment":[{"href":"https:\/\/peanutspeanuts.de\/index.php?rest_route=%2Fwp%2Fv2%2Fmedia&parent=5040"}],"wp:term":[{"taxonomy":"product_cat","embeddable":true,"href":"https:\/\/peanutspeanuts.de\/index.php?rest_route=%2Fwp%2Fv2%2Fproduct_cat&post=5040"},{"taxonomy":"product_tag","embeddable":true,"href":"https:\/\/peanutspeanuts.de\/index.php?rest_route=%2Fwp%2Fv2%2Fproduct_tag&post=5040"}],"curies":[{"name":"wp","href":"https:\/\/api.w.org\/{rel}","templated":true}]}}