{"id":5099,"date":"2022-04-01T18:15:49","date_gmt":"2022-04-01T16:15:49","guid":{"rendered":"https:\/\/peanutspeanuts.de\/?post_type=product&#038;p=5099"},"modified":"2023-08-14T01:02:29","modified_gmt":"2023-08-13T23:02:29","slug":"leseraupen-material-motivation-fuer-erstleser-neuere-version-lila","status":"publish","type":"product","link":"https:\/\/peanutspeanuts.de\/?product=leseraupen-material-motivation-fuer-erstleser-neuere-version-lila","title":{"rendered":"Leseraupen-Material &#8211; Motivation f\u00fcr Erstleser (neuere Version) &#8211; lila"},"content":{"rendered":"<p>Mein Leseraupen-Material hat ein Update erhalten: ich habe den Lesepass etwas vereinfacht und eine neue Leseraupe gezeichnet. \u00a0Dies ist eine Version, die in Lilat\u00f6nen gestaltet ist.<\/p>\n<p>Dieser digitale Download dient der Lesemotivation in der Grundschule (insbesondere f\u00fcr Erstleser gedacht).<\/p>\n<p>\u00c4hnliche Ideen der Perlenraupen findet man \u00fcberall im Netz. Ich habe mich stark von Grundschulgefl\u00fcster auf Instagram inspirieren lassen. Danke noch einmal f\u00fcr die tolle Idee f\u00fcr den &#8220;Schlafplatz&#8221; unserer Leseraupen.<\/p>\n<p>Dieses digitale Paket umfasst:<\/p>\n<ul>\n<li>eine Druckvorlage f\u00fcr einen Lesepass (diesen kann man beidseitig drucken und dann falten, oder beim Layout 2 auf eine Seite anw\u00e4hlen und dann 2x falten)<\/li>\n<li>eine Druckvorlage mit 2 verschiedenen Versionen f\u00fcr ein Poster<\/li>\n<li>eine Druckvorlage f\u00fcr ein Schild f\u00fcr das &#8220;Raupenfutter&#8221; in 2 verschiedenen Versionen<\/li>\n<\/ul>\n<p>Alle Cliparts sind selbst gezeichnet.<\/p>\n<p>&nbsp;<\/p>\n<p><i>Alle digitalen\/downloadbaren Produkte sind nur f\u00fcr den privaten, eigenen Gebrauch bestimmt. Sie d\u00fcrfen nicht weiterverkauft oder f\u00fcr kommerzielle\u00a0Zwecke genutzt werden! Sie sind von Umtausch und von der R\u00fcckgabe ausgeschlossen. Auch d\u00fcrfen sie nicht ver\u00e4ndert werden. Eine Vervielf\u00e4ltigung kann zum privaten Gebrauch erstellt werden. Die Sticker sind ausschlie\u00dflich f\u00fcr die private Nutzung\u00a0innerhalb des Planers zu verwenden. Bei Ver\u00f6ffentlichungen (z.B. in den Sozialen Netzwerken) muss zwingend der Verweis zu Peanut&#8217;s Peanuts angegeben werden.<\/i><\/p>\n","protected":false},"excerpt":{"rendered":"<p>Mein Leseraupen-Material hat ein Update erhalten: ich habe den Lesepass etwas vereinfacht und eine neue Leseraupe gezeichnet. \u00a0Dies ist eine Version, die [&hellip;]<\/p>\n","protected":false},"featured_media":5089,"comment_status":"open","ping_status":"closed","template":"","meta":[],"product_cat":[262],"product_tag":[232,173,166,177,235],"post_mailing_queue_ids":[],"_links":{"self":[{"href":"https:\/\/peanutspeanuts.de\/index.php?rest_route=\/wp\/v2\/product\/5099"}],"collection":[{"href":"https:\/\/peanutspeanuts.de\/index.php?rest_route=\/wp\/v2\/product"}],"about":[{"href":"https:\/\/peanutspeanuts.de\/index.php?rest_route=\/wp\/v2\/types\/product"}],"replies":[{"embeddable":true,"href":"https:\/\/peanutspeanuts.de\/index.php?rest_route=%2Fwp%2Fv2%2Fcomments&post=5099"}],"wp:featuredmedia":[{"embeddable":true,"href":"https:\/\/peanutspeanuts.de\/index.php?rest_route=\/wp\/v2\/media\/5089"}],"wp:attachment":[{"href":"https:\/\/peanutspeanuts.de\/index.php?rest_route=%2Fwp%2Fv2%2Fmedia&parent=5099"}],"wp:term":[{"taxonomy":"product_cat","embeddable":true,"href":"https:\/\/peanutspeanuts.de\/index.php?rest_route=%2Fwp%2Fv2%2Fproduct_cat&post=5099"},{"taxonomy":"product_tag","embeddable":true,"href":"https:\/\/peanutspeanuts.de\/index.php?rest_route=%2Fwp%2Fv2%2Fproduct_tag&post=5099"}],"curies":[{"name":"wp","href":"https:\/\/api.w.org\/{rel}","templated":true}]}}