{"id":5137,"date":"2022-05-18T10:33:34","date_gmt":"2022-05-18T08:33:34","guid":{"rendered":"https:\/\/peanutspeanuts.de\/?post_type=product&#038;p=5137"},"modified":"2025-06-23T01:00:15","modified_gmt":"2025-06-22T23:00:15","slug":"prickelnde-ferien-feriengruss","status":"publish","type":"product","link":"https:\/\/peanutspeanuts.de\/?product=prickelnde-ferien-feriengruss","title":{"rendered":"Prickelnde Ferien &#8211; Feriengru\u00df"},"content":{"rendered":"<p>Dieser <strong>digitale Download<\/strong> enth\u00e4lt 1 PDF mit einem &#8220;prickelnden&#8221; Feriengru\u00df \u00a0(s. Bilder).<\/p>\n<p>Es ist 1 DinA4 Seite, die 4 Gr\u00fc\u00dfe mit Schneidemarkierungen enth\u00e4lt. Mit kleinen Brausep\u00e4ckchen oder Brausest\u00e4bchen ist dies ein perfekter Feriengru\u00df f\u00fcr Kinder! \ud83d\ude42<\/p>\n<p>&nbsp;<\/p>\n<p>Dies ist ein digitaler Download.<\/p>\n<p>Dateiformat: \u00a01 PDF<\/p>\n<p>Alle Cliparts &amp; Fonts: Peanut&#8217;s Peanuts<\/p>\n<p>Brause: Unbezahlte und unbeauftragte Empfehlung<\/p>\n<p>Je nach Drucker k\u00f6nnen die Farben etwas abweichen.<\/p>\n<p>&nbsp;<\/p>\n<p><i>Alle digitalen\/downloadbaren Produkte sind nur f\u00fcr den privaten, eigenen Gebrauch bestimmt. Sie d\u00fcrfen nicht weiterverkauft oder f\u00fcr kommerzielle\u00a0Zwecke genutzt werden! Sie sind von Umtausch und von der R\u00fcckgabe ausgeschlossen. Auch d\u00fcrfen sie nicht ver\u00e4ndert werden. Eine Vervielf\u00e4ltigung kann zum privaten Gebrauch erstellt werden. Die Sticker sind ausschlie\u00dflich f\u00fcr die private Nutzung\u00a0innerhalb des Planers zu verwenden. Bei Ver\u00f6ffentlichungen (z.B. in den Sozialen Netzwerken) muss zwingend der Verweis zu Peanut&#8217;s Peanuts angegeben werden.<\/i><\/p>\n","protected":false},"excerpt":{"rendered":"<p>Dieser digitale Download enth\u00e4lt 1 PDF mit einem &#8220;prickelnden&#8221; Feriengru\u00df \u00a0(s. Bilder). Es ist 1 DinA4 Seite, die 4 Gr\u00fc\u00dfe mit Schneidemarkierungen [&hellip;]<\/p>\n","protected":false},"featured_media":5143,"comment_status":"open","ping_status":"closed","template":"","meta":[],"product_cat":[240],"product_tag":[244,177,241,225],"post_mailing_queue_ids":[],"_links":{"self":[{"href":"https:\/\/peanutspeanuts.de\/index.php?rest_route=\/wp\/v2\/product\/5137"}],"collection":[{"href":"https:\/\/peanutspeanuts.de\/index.php?rest_route=\/wp\/v2\/product"}],"about":[{"href":"https:\/\/peanutspeanuts.de\/index.php?rest_route=\/wp\/v2\/types\/product"}],"replies":[{"embeddable":true,"href":"https:\/\/peanutspeanuts.de\/index.php?rest_route=%2Fwp%2Fv2%2Fcomments&post=5137"}],"wp:featuredmedia":[{"embeddable":true,"href":"https:\/\/peanutspeanuts.de\/index.php?rest_route=\/wp\/v2\/media\/5143"}],"wp:attachment":[{"href":"https:\/\/peanutspeanuts.de\/index.php?rest_route=%2Fwp%2Fv2%2Fmedia&parent=5137"}],"wp:term":[{"taxonomy":"product_cat","embeddable":true,"href":"https:\/\/peanutspeanuts.de\/index.php?rest_route=%2Fwp%2Fv2%2Fproduct_cat&post=5137"},{"taxonomy":"product_tag","embeddable":true,"href":"https:\/\/peanutspeanuts.de\/index.php?rest_route=%2Fwp%2Fv2%2Fproduct_tag&post=5137"}],"curies":[{"name":"wp","href":"https:\/\/api.w.org\/{rel}","templated":true}]}}