{"id":5193,"date":"2022-06-10T18:20:22","date_gmt":"2022-06-10T16:20:22","guid":{"rendered":"https:\/\/peanutspeanuts.de\/?post_type=product&#038;p=5193"},"modified":"2025-06-23T01:00:15","modified_gmt":"2025-06-22T23:00:15","slug":"sommerferien-zeit-zum-spielen-boho-farben","status":"publish","type":"product","link":"https:\/\/peanutspeanuts.de\/?product=sommerferien-zeit-zum-spielen-boho-farben","title":{"rendered":"Sommerferien &#8211; Zeit zum Spielen (Boho-Farben)"},"content":{"rendered":"<p>Mir sind bei einem gro\u00dfen Holl\u00e4nder diese Spielfiguren aufgefallen. Da dachte ich mir, die sind doch so super vielseitig einsetzbar. In der Schule habe ich eine gro\u00dfe Dose dieser Figuren, die ich vorher angemalt habe. Super f\u00fcr Lernspiele!<\/p>\n<p>Aber mit diesem Feriengru\u00df kann nun jedes Kind eine individuelle Spielfigur bekommen. Da die Figuren ganz schlicht sind, kann man sie z.B. mit dem Namen des Kindes bestempeln oder bunt anmalen (mehr Ideen siehst du in den Bildern)!<\/p>\n<p>Dieser <strong>digitale Download<\/strong> enth\u00e4lt 1 PDF mit einem Sommerferiengru\u00df \u00a0(s. Bilder).<\/p>\n<p>Es ist 1 DinA4 Seite, die 4 Gr\u00fc\u00dfe mit Schneidemarkierungen enth\u00e4lt. Mit kleinen Spielfiguren wird dieser Gru\u00df besonders nett! \ud83d\ude42<\/p>\n<p>&nbsp;<\/p>\n<p>Dies ist ein digitaler Download. Die Spielfiguren sind nicht im Produkt enthalten.<\/p>\n<p>Dateiformat: \u00a01 PDF<\/p>\n<p>Alle Cliparts &amp; Fonts: Peanut&#8217;s Peanuts<\/p>\n<p>Spielfiguren: Unbezahlte und unbeauftragte Empfehlung<\/p>\n<p>Je nach Drucker k\u00f6nnen die Farben etwas abweichen.<\/p>\n<p>&nbsp;<\/p>\n<p><i>Alle digitalen\/downloadbaren Produkte sind nur f\u00fcr den privaten, eigenen Gebrauch bestimmt. Sie d\u00fcrfen nicht weiterverkauft oder f\u00fcr kommerzielle\u00a0Zwecke genutzt werden! Sie sind von Umtausch und von der R\u00fcckgabe ausgeschlossen. Auch d\u00fcrfen sie nicht ver\u00e4ndert werden. Eine Vervielf\u00e4ltigung kann zum privaten Gebrauch erstellt werden. Die Sticker sind ausschlie\u00dflich f\u00fcr die private Nutzung\u00a0innerhalb des Planers zu verwenden. Bei Ver\u00f6ffentlichungen (z.B. in den Sozialen Netzwerken) muss zwingend der Verweis zu Peanut&#8217;s Peanuts angegeben werden.<\/i><\/p>\n","protected":false},"excerpt":{"rendered":"<p>Mir sind bei einem gro\u00dfen Holl\u00e4nder diese Spielfiguren aufgefallen. Da dachte ich mir, die sind doch so super vielseitig einsetzbar. In der [&hellip;]<\/p>\n","protected":false},"featured_media":5198,"comment_status":"open","ping_status":"closed","template":"","meta":[],"product_cat":[240],"product_tag":[],"post_mailing_queue_ids":[],"_links":{"self":[{"href":"https:\/\/peanutspeanuts.de\/index.php?rest_route=\/wp\/v2\/product\/5193"}],"collection":[{"href":"https:\/\/peanutspeanuts.de\/index.php?rest_route=\/wp\/v2\/product"}],"about":[{"href":"https:\/\/peanutspeanuts.de\/index.php?rest_route=\/wp\/v2\/types\/product"}],"replies":[{"embeddable":true,"href":"https:\/\/peanutspeanuts.de\/index.php?rest_route=%2Fwp%2Fv2%2Fcomments&post=5193"}],"wp:featuredmedia":[{"embeddable":true,"href":"https:\/\/peanutspeanuts.de\/index.php?rest_route=\/wp\/v2\/media\/5198"}],"wp:attachment":[{"href":"https:\/\/peanutspeanuts.de\/index.php?rest_route=%2Fwp%2Fv2%2Fmedia&parent=5193"}],"wp:term":[{"taxonomy":"product_cat","embeddable":true,"href":"https:\/\/peanutspeanuts.de\/index.php?rest_route=%2Fwp%2Fv2%2Fproduct_cat&post=5193"},{"taxonomy":"product_tag","embeddable":true,"href":"https:\/\/peanutspeanuts.de\/index.php?rest_route=%2Fwp%2Fv2%2Fproduct_tag&post=5193"}],"curies":[{"name":"wp","href":"https:\/\/api.w.org\/{rel}","templated":true}]}}