{"id":5210,"date":"2022-06-15T10:18:32","date_gmt":"2022-06-15T08:18:32","guid":{"rendered":"https:\/\/peanutspeanuts.de\/?post_type=product&#038;p=5210"},"modified":"2023-08-16T01:00:21","modified_gmt":"2023-08-15T23:00:21","slug":"deckblaetter-fuer-wochen-und-arbeitsplaene","status":"publish","type":"product","link":"https:\/\/peanutspeanuts.de\/?product=deckblaetter-fuer-wochen-und-arbeitsplaene","title":{"rendered":"Deckbl\u00e4tter f\u00fcr Wochen- und Arbeitspl\u00e4ne"},"content":{"rendered":"<p>Ich nutze im Sinne des <em><strong>Growth Mindset\u00a0<\/strong><\/em> in meiner Klasse gerne die wachsenden Pfl\u00e4nzchen. Daher wollte ich f\u00fcr unsere Wochenpl\u00e4ne auch gerne ein passendes Deckblatt.<\/p>\n<p>Dieser <strong>digitale Download<\/strong> enth\u00e4lt 1 PDF mit insgesamt 6 verschiedenen Deckbl\u00e4ttern \u00a0(3 verschiedene farbliche Varianten mit dem Wort Arbeitspl\u00e4ne, 3 verschiedene farbliche Varianten mit dem Wort Wochenpl\u00e4ne).<\/p>\n<p>Format: Din A4 in PDF<\/p>\n<p>&nbsp;<\/p>\n<p>Dies ist ein digitaler Download.<\/p>\n<p>Dateiformat: \u00a01 PDF<\/p>\n<p>Alle Cliparts &amp; Fonts: Peanut&#8217;s Peanuts<\/p>\n<p>Je nach Drucker k\u00f6nnen die Farben etwas abweichen.<\/p>\n<p>&nbsp;<\/p>\n<p><i>Alle digitalen\/downloadbaren Produkte sind nur f\u00fcr den privaten, eigenen Gebrauch bestimmt. Sie d\u00fcrfen nicht weiterverkauft oder f\u00fcr kommerzielle\u00a0Zwecke genutzt werden! Sie sind von Umtausch und von der R\u00fcckgabe ausgeschlossen. Auch d\u00fcrfen sie nicht ver\u00e4ndert werden. Eine Vervielf\u00e4ltigung kann zum privaten Gebrauch erstellt werden. Die Sticker sind ausschlie\u00dflich f\u00fcr die private Nutzung\u00a0innerhalb des Planers zu verwenden. Bei Ver\u00f6ffentlichungen (z.B. in den Sozialen Netzwerken) muss zwingend der Verweis zu Peanut&#8217;s Peanuts angegeben werden.<\/i><\/p>\n","protected":false},"excerpt":{"rendered":"<p>Ich nutze im Sinne des Growth Mindset\u00a0 in meiner Klasse gerne die wachsenden Pfl\u00e4nzchen. Daher wollte ich f\u00fcr unsere Wochenpl\u00e4ne auch gerne [&hellip;]<\/p>\n","protected":false},"featured_media":5213,"comment_status":"open","ping_status":"closed","template":"","meta":[],"product_cat":[240],"product_tag":[],"post_mailing_queue_ids":[],"_links":{"self":[{"href":"https:\/\/peanutspeanuts.de\/index.php?rest_route=\/wp\/v2\/product\/5210"}],"collection":[{"href":"https:\/\/peanutspeanuts.de\/index.php?rest_route=\/wp\/v2\/product"}],"about":[{"href":"https:\/\/peanutspeanuts.de\/index.php?rest_route=\/wp\/v2\/types\/product"}],"replies":[{"embeddable":true,"href":"https:\/\/peanutspeanuts.de\/index.php?rest_route=%2Fwp%2Fv2%2Fcomments&post=5210"}],"wp:featuredmedia":[{"embeddable":true,"href":"https:\/\/peanutspeanuts.de\/index.php?rest_route=\/wp\/v2\/media\/5213"}],"wp:attachment":[{"href":"https:\/\/peanutspeanuts.de\/index.php?rest_route=%2Fwp%2Fv2%2Fmedia&parent=5210"}],"wp:term":[{"taxonomy":"product_cat","embeddable":true,"href":"https:\/\/peanutspeanuts.de\/index.php?rest_route=%2Fwp%2Fv2%2Fproduct_cat&post=5210"},{"taxonomy":"product_tag","embeddable":true,"href":"https:\/\/peanutspeanuts.de\/index.php?rest_route=%2Fwp%2Fv2%2Fproduct_tag&post=5210"}],"curies":[{"name":"wp","href":"https:\/\/api.w.org\/{rel}","templated":true}]}}