{"id":5335,"date":"2022-07-01T11:05:30","date_gmt":"2022-07-01T09:05:30","guid":{"rendered":"https:\/\/peanutspeanuts.de\/?post_type=product&#038;p=5335"},"modified":"2024-07-08T01:07:57","modified_gmt":"2024-07-07T23:07:57","slug":"schmuckrahmen-eis-am-stiel","status":"publish","type":"product","link":"https:\/\/peanutspeanuts.de\/?product=schmuckrahmen-eis-am-stiel","title":{"rendered":"Schmuckrahmen &#8211; Eis am Stiel"},"content":{"rendered":"<p>Diese Schmuckrahmen kann man wunderbar f\u00fcr Schreibanl\u00e4sse im Unterricht oder auch privat nutzen.<\/p>\n<p>Dieser <strong>digitale Download<\/strong> enth\u00e4lt 1 PDF mit 2 verschiedenen Schmuckrahmen \u00a0(1 Black-White-Version und 1 farbige Version &#8211; s. Bilder) und beide Schmuckrahmen im png-Format.<\/p>\n<p>&nbsp;<\/p>\n<p>Dies ist ein digitaler Download.<\/p>\n<p>Dateiformat: \u00a01 PDF und 2 png<\/p>\n<p>Alle Cliparts &amp; Fonts: Peanut&#8217;s Peanuts<\/p>\n<p>Je nach Drucker k\u00f6nnen die Farben etwas abweichen.<\/p>\n<p>&nbsp;<\/p>\n<p><i>Alle digitalen\/downloadbaren Produkte sind nur f\u00fcr den privaten, eigenen Gebrauch bestimmt. Sie d\u00fcrfen nicht weiterverkauft oder f\u00fcr kommerzielle\u00a0Zwecke genutzt werden! Sie sind von Umtausch und von der R\u00fcckgabe ausgeschlossen. Auch d\u00fcrfen sie nicht ver\u00e4ndert werden. Eine Vervielf\u00e4ltigung kann zum privaten Gebrauch erstellt werden. Die Sticker sind ausschlie\u00dflich f\u00fcr die private Nutzung\u00a0innerhalb des Planers zu verwenden. Bei Ver\u00f6ffentlichungen (z.B. in den Sozialen Netzwerken) muss zwingend der Verweis zu Peanut&#8217;s Peanuts angegeben werden.<\/i><\/p>\n","protected":false},"excerpt":{"rendered":"<p>Diese Schmuckrahmen kann man wunderbar f\u00fcr Schreibanl\u00e4sse im Unterricht oder auch privat nutzen. Dieser digitale Download enth\u00e4lt 1 PDF mit 2 verschiedenen [&hellip;]<\/p>\n","protected":false},"featured_media":5324,"comment_status":"open","ping_status":"closed","template":"","meta":[],"product_cat":[240],"product_tag":[232,236],"post_mailing_queue_ids":[],"_links":{"self":[{"href":"https:\/\/peanutspeanuts.de\/index.php?rest_route=\/wp\/v2\/product\/5335"}],"collection":[{"href":"https:\/\/peanutspeanuts.de\/index.php?rest_route=\/wp\/v2\/product"}],"about":[{"href":"https:\/\/peanutspeanuts.de\/index.php?rest_route=\/wp\/v2\/types\/product"}],"replies":[{"embeddable":true,"href":"https:\/\/peanutspeanuts.de\/index.php?rest_route=%2Fwp%2Fv2%2Fcomments&post=5335"}],"wp:featuredmedia":[{"embeddable":true,"href":"https:\/\/peanutspeanuts.de\/index.php?rest_route=\/wp\/v2\/media\/5324"}],"wp:attachment":[{"href":"https:\/\/peanutspeanuts.de\/index.php?rest_route=%2Fwp%2Fv2%2Fmedia&parent=5335"}],"wp:term":[{"taxonomy":"product_cat","embeddable":true,"href":"https:\/\/peanutspeanuts.de\/index.php?rest_route=%2Fwp%2Fv2%2Fproduct_cat&post=5335"},{"taxonomy":"product_tag","embeddable":true,"href":"https:\/\/peanutspeanuts.de\/index.php?rest_route=%2Fwp%2Fv2%2Fproduct_tag&post=5335"}],"curies":[{"name":"wp","href":"https:\/\/api.w.org\/{rel}","templated":true}]}}