{"id":5392,"date":"2022-07-12T20:59:28","date_gmt":"2022-07-12T18:59:28","guid":{"rendered":"https:\/\/peanutspeanuts.de\/?post_type=product&#038;p=5392"},"modified":"2024-12-15T14:45:11","modified_gmt":"2024-12-15T13:45:11","slug":"karte-geschenkanhaenger-thanks-for-helping-me-grow","status":"publish","type":"product","link":"https:\/\/peanutspeanuts.de\/?product=karte-geschenkanhaenger-thanks-for-helping-me-grow","title":{"rendered":"Karte &#038; Geschenkanh\u00e4nger &#8211; Thanks for helping me grow"},"content":{"rendered":"<p>Tolle Karten, um sich z.B. bei den Lehrer:innen, Erzieher:innen oder liebsten Menschen zu bedanken.<\/p>\n<p>Die Schrift weicht etwas von dem Foto ab.<\/p>\n<p>Dieser <strong>digitale Download<\/strong> enth\u00e4lt 1 PDF mit 1 Vordruck f\u00fcr 2 Karten und einem Vordruck f\u00fcr insgesamt 12 Geschenkanh\u00e4nger, um die Karte z.B. zusammen mit einem kleinen Bl\u00fcmchen zu verschenken.<\/p>\n<p>Dies ist ein digitaler, kostenloser Download. Ich w\u00fcrde mich sehr \u00fcber ein Shoutout oder ein nettes Wort freuen!<\/p>\n<p>Dateiformat: \u00a01 PDF<\/p>\n<p>Alle Quellenangaben sind im Dokument enthalten.<\/p>\n<p>Je nach Drucker k\u00f6nnen die Farben etwas abweichen.<\/p>\n<p>&nbsp;<\/p>\n<p><i>Alle digitalen\/downloadbaren Produkte sind nur f\u00fcr den privaten, eigenen Gebrauch bestimmt. Sie d\u00fcrfen nicht weiterverkauft oder f\u00fcr kommerzielle\u00a0Zwecke genutzt werden! Sie sind von Umtausch und von der R\u00fcckgabe ausgeschlossen. Auch d\u00fcrfen sie nicht ver\u00e4ndert werden. Eine Vervielf\u00e4ltigung kann zum privaten Gebrauch erstellt werden. Die Sticker sind ausschlie\u00dflich f\u00fcr die private Nutzung\u00a0innerhalb des Planers zu verwenden. Bei Ver\u00f6ffentlichungen (z.B. in den Sozialen Netzwerken) muss zwingend der Verweis zu Peanut&#8217;s Peanuts angegeben werden.<\/i><\/p>\n","protected":false},"excerpt":{"rendered":"<p>Tolle Karten, um sich z.B. bei den Lehrer:innen, Erzieher:innen oder liebsten Menschen zu bedanken. Die Schrift weicht etwas von dem Foto ab. [&hellip;]<\/p>\n","protected":false},"featured_media":5394,"comment_status":"open","ping_status":"closed","template":"","meta":[],"product_cat":[258],"product_tag":[],"post_mailing_queue_ids":[],"_links":{"self":[{"href":"https:\/\/peanutspeanuts.de\/index.php?rest_route=\/wp\/v2\/product\/5392"}],"collection":[{"href":"https:\/\/peanutspeanuts.de\/index.php?rest_route=\/wp\/v2\/product"}],"about":[{"href":"https:\/\/peanutspeanuts.de\/index.php?rest_route=\/wp\/v2\/types\/product"}],"replies":[{"embeddable":true,"href":"https:\/\/peanutspeanuts.de\/index.php?rest_route=%2Fwp%2Fv2%2Fcomments&post=5392"}],"wp:featuredmedia":[{"embeddable":true,"href":"https:\/\/peanutspeanuts.de\/index.php?rest_route=\/wp\/v2\/media\/5394"}],"wp:attachment":[{"href":"https:\/\/peanutspeanuts.de\/index.php?rest_route=%2Fwp%2Fv2%2Fmedia&parent=5392"}],"wp:term":[{"taxonomy":"product_cat","embeddable":true,"href":"https:\/\/peanutspeanuts.de\/index.php?rest_route=%2Fwp%2Fv2%2Fproduct_cat&post=5392"},{"taxonomy":"product_tag","embeddable":true,"href":"https:\/\/peanutspeanuts.de\/index.php?rest_route=%2Fwp%2Fv2%2Fproduct_tag&post=5392"}],"curies":[{"name":"wp","href":"https:\/\/api.w.org\/{rel}","templated":true}]}}