{"id":5408,"date":"2022-07-12T21:13:06","date_gmt":"2022-07-12T19:13:06","guid":{"rendered":"https:\/\/peanutspeanuts.de\/?post_type=product&#038;p=5408"},"modified":"2024-09-09T01:08:12","modified_gmt":"2024-09-08T23:08:12","slug":"bestandteile-des-apfels-lesespiel","status":"publish","type":"product","link":"https:\/\/peanutspeanuts.de\/?product=bestandteile-des-apfels-lesespiel","title":{"rendered":"Bestandteile des Apfels &#8211; Lesespiel"},"content":{"rendered":"<p>Ein Lesespiel zum Thema\u00a0<em>Bestandteile des Apfels<\/em> f\u00fcr den Sachunterricht in Klasse 1 (Ich habe&#8230; &#8211; Wer hat&#8230;?)<\/p>\n<div class=\"page\" title=\"Page 1\">\n<div class=\"section\">\n<div class=\"layoutArea\">\n<div class=\"column\">\n<p>Dieser Download enth\u00e4lt das Lesespiel \u201cIch habe&#8230; &#8211; Wer hat&#8230;?\u201c mit den Bestandteilen des Apfels in versch. Differenzierungsformen in Silbenschrift (s. Bilder):<\/p>\n<ul>\n<li>Bestandteile des Apfels mit Fachbegriffen &#8211; Kerngeh\u00e4use<\/li>\n<li>Bestandteile des Apfels mit Fachbegriffen- Geh\u00e4use<\/li>\n<li>Bestandteile des Apfels mit Fachbegriffen (Kerngeh\u00e4use); Diphthonge &amp;\u00a0ie unterstrichen<\/li>\n<li>Bestandteile des Apfels mit Fachbegriffen (Geh\u00e4use); Diphthonge &amp; ie\u00a0unterstrichen<\/li>\n<li>Bestandteile des Apfels mit Fachbegriffen (Kerngeh\u00e4use) beim Suchwort<\/li>\n<li>Bestandteile des Apfels mit Fachbegriffen (Geh\u00e4use) beim Suchwort<\/li>\n<li>Bestandteile des Apfels mit Fachbegriffen (Kerngeh\u00e4use) beim\u00a0Suchwort; Diphthonge &amp; ie unterstrichen<\/li>\n<li>Bestandteile des Apfels mit Fachbegriffen (Geh\u00e4use) beim Suchwort;\u00a0Diphthonge &amp; ie unterstrichen<\/li>\n<li>Bestandteile des Apfels ohne Fachbegriffe<\/li>\n<\/ul>\n<p>&nbsp;<\/p>\n<p>Es ist f\u00fcr eine Kleingruppe mit bis zu 8 Spieler:innen konzipiert.<\/p>\n<\/div>\n<\/div>\n<\/div>\n<\/div>\n<p>Dieser <strong>digitale Download<\/strong> enth\u00e4lt 1 PDF mit<\/p>\n<p>Dateiformat: \u00a01 PDF<\/p>\n<p>Alle Quellenangaben sind im Dokument enthalten.<\/p>\n<p>Je nach Drucker k\u00f6nnen die Farben etwas abweichen.<\/p>\n<p>&nbsp;<\/p>\n<p><i>Alle digitalen\/downloadbaren Produkte sind nur f\u00fcr den privaten, eigenen Gebrauch bestimmt. Sie d\u00fcrfen nicht weiterverkauft oder f\u00fcr kommerzielle\u00a0Zwecke genutzt werden! Sie sind von Umtausch und von der R\u00fcckgabe ausgeschlossen. Auch d\u00fcrfen sie nicht ver\u00e4ndert werden. Eine Vervielf\u00e4ltigung kann zum privaten Gebrauch erstellt werden. Die Sticker sind ausschlie\u00dflich f\u00fcr die private Nutzung\u00a0innerhalb des Planers zu verwenden. Bei Ver\u00f6ffentlichungen (z.B. in den Sozialen Netzwerken) muss zwingend der Verweis zu Peanut&#8217;s Peanuts angegeben werden.<\/i><\/p>\n","protected":false},"excerpt":{"rendered":"<p>Ein Lesespiel zum Thema\u00a0Bestandteile des Apfels f\u00fcr den Sachunterricht in Klasse 1 (Ich habe&#8230; &#8211; Wer hat&#8230;?) Dieser Download enth\u00e4lt das Lesespiel [&hellip;]<\/p>\n","protected":false},"featured_media":5409,"comment_status":"open","ping_status":"closed","template":"","meta":[],"product_cat":[263],"product_tag":[],"post_mailing_queue_ids":[],"_links":{"self":[{"href":"https:\/\/peanutspeanuts.de\/index.php?rest_route=\/wp\/v2\/product\/5408"}],"collection":[{"href":"https:\/\/peanutspeanuts.de\/index.php?rest_route=\/wp\/v2\/product"}],"about":[{"href":"https:\/\/peanutspeanuts.de\/index.php?rest_route=\/wp\/v2\/types\/product"}],"replies":[{"embeddable":true,"href":"https:\/\/peanutspeanuts.de\/index.php?rest_route=%2Fwp%2Fv2%2Fcomments&post=5408"}],"wp:featuredmedia":[{"embeddable":true,"href":"https:\/\/peanutspeanuts.de\/index.php?rest_route=\/wp\/v2\/media\/5409"}],"wp:attachment":[{"href":"https:\/\/peanutspeanuts.de\/index.php?rest_route=%2Fwp%2Fv2%2Fmedia&parent=5408"}],"wp:term":[{"taxonomy":"product_cat","embeddable":true,"href":"https:\/\/peanutspeanuts.de\/index.php?rest_route=%2Fwp%2Fv2%2Fproduct_cat&post=5408"},{"taxonomy":"product_tag","embeddable":true,"href":"https:\/\/peanutspeanuts.de\/index.php?rest_route=%2Fwp%2Fv2%2Fproduct_tag&post=5408"}],"curies":[{"name":"wp","href":"https:\/\/api.w.org\/{rel}","templated":true}]}}