{"id":5442,"date":"2022-07-28T21:23:08","date_gmt":"2022-07-28T19:23:08","guid":{"rendered":"https:\/\/peanutspeanuts.de\/?post_type=product&#038;p=5442"},"modified":"2022-07-28T22:01:15","modified_gmt":"2022-07-28T20:01:15","slug":"reiter-fuer-haengeregister","status":"publish","type":"product","link":"https:\/\/peanutspeanuts.de\/?product=reiter-fuer-haengeregister","title":{"rendered":"Reiter f\u00fcr H\u00e4ngeregister"},"content":{"rendered":"<p>Ich nutze in meiner Klasse gerne ein kleines H\u00e4ngeregister, um meine Arbeitsbl\u00e4tter, Flashcards, Elternbriefe etc. f\u00fcr die Woche sortiert aufzubewahren.<\/p>\n<p>Vorteile: Meine Tasche ist leichter und wenn ich mal krank ausfalle, k\u00f6nnen die Vertretungskolleg:innen auf mein Material zugreifen. Auch Elternbriefr\u00fcckl\u00e4ufer haben einen Platz. Mir hat das H\u00e4ngeregister den Alltag sehr erleichtert.<\/p>\n<p>Bei Instagram hatte ich davon berichtet und der Wunsch kam auf, dass ich meine Reiter teile.<\/p>\n<p>Diese findest du also nun hier.<\/p>\n<p>Wenn dir dieser kostenlose Download gef\u00e4llt, w\u00fcrde ich mich sehr \u00fcber eine Rezension und\/oder ein Shout-Out bei Instagram freuen.<\/p>\n<p>&nbsp;<\/p>\n<p>Dies ist ein digitaler Download<\/p>\n<p>Dateiformat: \u00a01 PDF<\/p>\n<p>Alle Cliparts &amp; Fonts: Peanut&#8217;s Peanuts<\/p>\n<p>Je nach Drucker k\u00f6nnen die Farben etwas abweichen.<\/p>\n<p>&nbsp;<\/p>\n<p><i>Alle digitalen\/downloadbaren Produkte sind nur f\u00fcr den privaten, eigenen Gebrauch bestimmt. Sie d\u00fcrfen nicht weiterverkauft oder f\u00fcr kommerzielle\u00a0Zwecke genutzt werden! Sie sind von Umtausch und von der R\u00fcckgabe ausgeschlossen. Auch d\u00fcrfen sie nicht ver\u00e4ndert werden. Eine Vervielf\u00e4ltigung kann zum privaten Gebrauch erstellt werden. Die Sticker sind ausschlie\u00dflich f\u00fcr die private Nutzung\u00a0innerhalb des Planers zu verwenden. Bei Ver\u00f6ffentlichungen (z.B. in den Sozialen Netzwerken) muss zwingend der Verweis zu Peanut&#8217;s Peanuts angegeben werden.<\/i><\/p>\n","protected":false},"excerpt":{"rendered":"<p>Ich nutze in meiner Klasse gerne ein kleines H\u00e4ngeregister, um meine Arbeitsbl\u00e4tter, Flashcards, Elternbriefe etc. f\u00fcr die Woche sortiert aufzubewahren. Vorteile: Meine [&hellip;]<\/p>\n","protected":false},"featured_media":5445,"comment_status":"open","ping_status":"closed","template":"","meta":[],"product_cat":[240],"product_tag":[],"post_mailing_queue_ids":[],"_links":{"self":[{"href":"https:\/\/peanutspeanuts.de\/index.php?rest_route=\/wp\/v2\/product\/5442"}],"collection":[{"href":"https:\/\/peanutspeanuts.de\/index.php?rest_route=\/wp\/v2\/product"}],"about":[{"href":"https:\/\/peanutspeanuts.de\/index.php?rest_route=\/wp\/v2\/types\/product"}],"replies":[{"embeddable":true,"href":"https:\/\/peanutspeanuts.de\/index.php?rest_route=%2Fwp%2Fv2%2Fcomments&post=5442"}],"wp:featuredmedia":[{"embeddable":true,"href":"https:\/\/peanutspeanuts.de\/index.php?rest_route=\/wp\/v2\/media\/5445"}],"wp:attachment":[{"href":"https:\/\/peanutspeanuts.de\/index.php?rest_route=%2Fwp%2Fv2%2Fmedia&parent=5442"}],"wp:term":[{"taxonomy":"product_cat","embeddable":true,"href":"https:\/\/peanutspeanuts.de\/index.php?rest_route=%2Fwp%2Fv2%2Fproduct_cat&post=5442"},{"taxonomy":"product_tag","embeddable":true,"href":"https:\/\/peanutspeanuts.de\/index.php?rest_route=%2Fwp%2Fv2%2Fproduct_tag&post=5442"}],"curies":[{"name":"wp","href":"https:\/\/api.w.org\/{rel}","templated":true}]}}