{"id":5470,"date":"2022-08-06T08:51:01","date_gmt":"2022-08-06T06:51:01","guid":{"rendered":"https:\/\/peanutspeanuts.de\/?post_type=product&#038;p=5470"},"modified":"2024-07-10T09:36:54","modified_gmt":"2024-07-10T07:36:54","slug":"geschenkanhaenger-zur-einschulung","status":"publish","type":"product","link":"https:\/\/peanutspeanuts.de\/?product=geschenkanhaenger-zur-einschulung","title":{"rendered":"Geschenkanh\u00e4nger zur Einschulung"},"content":{"rendered":"<p>Da meine Nichte zur Schule kommt, hatte ich die Idee eines \u201eMut-Mach\u201c-Armbandes (so \u00e4hnlich wie die Mut-Mach-Karten von Caroline von St. Ange).<\/p>\n<p>Ich wollte das Armband aber auch sch\u00f6n pr\u00e4sentieren. Daher habe ich mich hingesetzt und diese K\u00e4rtchen entworfen. Der Download enth\u00e4lt eine Black\/White, eine druckerfreundliche farbige und eine farbige Version (s. Fotos).<br \/>\nDie K\u00e4rtchen des farbigen Ausdrucks haben einen hell-gelben Aquarelle-Hintergrund. Ein einzelner Kreis ist ca. 6 cm im Durchmesser.<\/p>\n<p>Wenn dir diese K\u00e4rtchen gefallen, w\u00fcrde ich mich sehr \u00fcber eine Rezension und\/oder ein Shout-Out bei Instagram freuen.<\/p>\n<p>&nbsp;<\/p>\n<p>Dies ist ein digitaler Download. Die abgebildeten Armb\u00e4nder sind nicht im Produkt enthalten. Sie dienen lediglich der besseren Darstellung.<\/p>\n<p>Dateiformat: \u00a01 PDF<\/p>\n<p>Cliparts &amp; Fonts: Peanut&#8217;s Peanuts<\/p>\n<p>Je nach Drucker k\u00f6nnen die Farben etwas abweichen.<\/p>\n<p>&nbsp;<\/p>\n<p><i>Alle digitalen\/downloadbaren Produkte sind nur f\u00fcr den privaten, eigenen Gebrauch bestimmt. Sie d\u00fcrfen nicht weiterverkauft oder f\u00fcr kommerzielle\u00a0Zwecke genutzt werden! Sie sind von Umtausch und von der R\u00fcckgabe ausgeschlossen. Auch d\u00fcrfen sie nicht ver\u00e4ndert werden. Eine Vervielf\u00e4ltigung kann zum privaten Gebrauch erstellt werden. Die Sticker sind ausschlie\u00dflich f\u00fcr die private Nutzung\u00a0innerhalb des Planers zu verwenden. Bei Ver\u00f6ffentlichungen (z.B. in den Sozialen Netzwerken) muss zwingend der Verweis zu Peanut&#8217;s Peanuts angegeben werden.<\/i><\/p>\n","protected":false},"excerpt":{"rendered":"<p>Da meine Nichte zur Schule kommt, hatte ich die Idee eines \u201eMut-Mach\u201c-Armbandes (so \u00e4hnlich wie die Mut-Mach-Karten von Caroline von St. Ange). [&hellip;]<\/p>\n","protected":false},"featured_media":6500,"comment_status":"open","ping_status":"closed","template":"","meta":[],"product_cat":[240],"product_tag":[268,177,241,225],"post_mailing_queue_ids":[],"_links":{"self":[{"href":"https:\/\/peanutspeanuts.de\/index.php?rest_route=\/wp\/v2\/product\/5470"}],"collection":[{"href":"https:\/\/peanutspeanuts.de\/index.php?rest_route=\/wp\/v2\/product"}],"about":[{"href":"https:\/\/peanutspeanuts.de\/index.php?rest_route=\/wp\/v2\/types\/product"}],"replies":[{"embeddable":true,"href":"https:\/\/peanutspeanuts.de\/index.php?rest_route=%2Fwp%2Fv2%2Fcomments&post=5470"}],"wp:featuredmedia":[{"embeddable":true,"href":"https:\/\/peanutspeanuts.de\/index.php?rest_route=\/wp\/v2\/media\/6500"}],"wp:attachment":[{"href":"https:\/\/peanutspeanuts.de\/index.php?rest_route=%2Fwp%2Fv2%2Fmedia&parent=5470"}],"wp:term":[{"taxonomy":"product_cat","embeddable":true,"href":"https:\/\/peanutspeanuts.de\/index.php?rest_route=%2Fwp%2Fv2%2Fproduct_cat&post=5470"},{"taxonomy":"product_tag","embeddable":true,"href":"https:\/\/peanutspeanuts.de\/index.php?rest_route=%2Fwp%2Fv2%2Fproduct_tag&post=5470"}],"curies":[{"name":"wp","href":"https:\/\/api.w.org\/{rel}","templated":true}]}}