{"id":5573,"date":"2022-09-08T14:16:28","date_gmt":"2022-09-08T12:16:28","guid":{"rendered":"https:\/\/peanutspeanuts.de\/?post_type=product&#038;p=5573"},"modified":"2024-01-29T00:02:39","modified_gmt":"2024-01-28T23:02:39","slug":"verschiedene-leg-formulare-fuer-die-grundschule","status":"publish","type":"product","link":"https:\/\/peanutspeanuts.de\/?product=verschiedene-leg-formulare-fuer-die-grundschule","title":{"rendered":"Verschiedene LEG-Formulare f\u00fcr die Grundschule"},"content":{"rendered":"<p><!--more-->Aus eigenem Wunsch heraus, weniger Papier zu nutzen, entstand diese <strong>Sammlung an Formularen zur Vorbereitung der Lernentwicklungsgespr\u00e4che (LEG)<\/strong>. Bewusst habe ich auf ein kompliziertes Design verzichtet, um die Funktionalit\u00e4t in den Mittelpunkt zu stellen.<\/p>\n<p><strong>Dieser Download enth\u00e4lt:<\/strong><\/p>\n<div class=\"page\" title=\"Page 1\">\n<div class=\"section\">\n<div class=\"layoutArea\">\n<div class=\"column\">\n<p>9 verschiedene Formulare<\/p>\n<ul>\n<li>5 mit Ankreuzoptionen (darunter ein zweiseitiges Formular)<\/li>\n<li>4 ohne Ankreuzoptionen<\/li>\n<\/ul>\n<p><strong>M\u00f6glicher Einsatz der Formulare:<\/strong><\/p>\n<ul>\n<li>Als Vorbereitung f\u00fcr das Lernentwicklungsgespr\u00e4ch kann die Lehrkraft f\u00fcr jedes Kind ein Formular ausf\u00fcllen.<\/li>\n<li>Digital \u2013 zum Beispiel bei GoodNotes importieren und anschlie\u00dfend ausf\u00fcllen. So lassen sich auch Fotos mit einf\u00fcgen.<\/li>\n<li>Analog \u2013 ausdrucken und in Papierform ausf\u00fcllen<\/li>\n<\/ul>\n<\/div>\n<\/div>\n<\/div>\n<\/div>\n<p>&nbsp;<\/p>\n<p><strong>Um die Formulare, die als PDF nach Erwerb downloadbar sind, digital nutzen zu k\u00f6nnen, ben\u00f6tigst du folgendes:<\/strong><\/p>\n<ul>\n<li>Ein Tablett m\u00f6glichst mit Stift<\/li>\n<li>Eine App, die das \u00d6ffnen und Bearbeiten von PDFs untterst\u00fctzt. Ich nutze z.B. GoodNotes (unbezahlte, unbeauftragte Werbung).<\/li>\n<\/ul>\n<p>&nbsp;<\/p>\n<p>Dies ist ein <strong>digitaler Download.<\/strong><\/p>\n<p>Dateiformat: \u00a01 PDF<\/p>\n<p>Alle Cliparts &amp; Fonts: Peanut&#8217;s Peanuts<\/p>\n<p>Je nach Drucker k\u00f6nnen die Farben etwas abweichen.<\/p>\n<p>&nbsp;<\/p>\n<p><i>Alle digitalen\/downloadbaren Produkte sind nur f\u00fcr den privaten, eigenen Gebrauch bestimmt. Sie d\u00fcrfen nicht weiterverkauft oder f\u00fcr kommerzielle\u00a0Zwecke genutzt werden! Sie sind von Umtausch und von der R\u00fcckgabe ausgeschlossen. Auch d\u00fcrfen sie nicht ver\u00e4ndert werden. Eine Vervielf\u00e4ltigung kann zum privaten Gebrauch erstellt werden. Die Sticker sind ausschlie\u00dflich f\u00fcr die private Nutzung\u00a0innerhalb des Planers zu verwenden. Bei Ver\u00f6ffentlichungen (z.B. in den Sozialen Netzwerken) muss zwingend der Verweis zu Peanut&#8217;s Peanuts angegeben werden.<\/i><\/p>\n","protected":false},"excerpt":{"rendered":"","protected":false},"featured_media":5568,"comment_status":"open","ping_status":"closed","template":"","meta":[],"product_cat":[171],"product_tag":[242,173,166,177,241,277,225,178],"post_mailing_queue_ids":[],"_links":{"self":[{"href":"https:\/\/peanutspeanuts.de\/index.php?rest_route=\/wp\/v2\/product\/5573"}],"collection":[{"href":"https:\/\/peanutspeanuts.de\/index.php?rest_route=\/wp\/v2\/product"}],"about":[{"href":"https:\/\/peanutspeanuts.de\/index.php?rest_route=\/wp\/v2\/types\/product"}],"replies":[{"embeddable":true,"href":"https:\/\/peanutspeanuts.de\/index.php?rest_route=%2Fwp%2Fv2%2Fcomments&post=5573"}],"wp:featuredmedia":[{"embeddable":true,"href":"https:\/\/peanutspeanuts.de\/index.php?rest_route=\/wp\/v2\/media\/5568"}],"wp:attachment":[{"href":"https:\/\/peanutspeanuts.de\/index.php?rest_route=%2Fwp%2Fv2%2Fmedia&parent=5573"}],"wp:term":[{"taxonomy":"product_cat","embeddable":true,"href":"https:\/\/peanutspeanuts.de\/index.php?rest_route=%2Fwp%2Fv2%2Fproduct_cat&post=5573"},{"taxonomy":"product_tag","embeddable":true,"href":"https:\/\/peanutspeanuts.de\/index.php?rest_route=%2Fwp%2Fv2%2Fproduct_tag&post=5573"}],"curies":[{"name":"wp","href":"https:\/\/api.w.org\/{rel}","templated":true}]}}