{"id":5794,"date":"2023-01-18T14:28:07","date_gmt":"2023-01-18T13:28:07","guid":{"rendered":"https:\/\/peanutspeanuts.de\/?post_type=product&#038;p=5794"},"modified":"2023-09-16T01:09:09","modified_gmt":"2023-09-15T23:09:09","slug":"nachrichten-fuer-die-brotdose-minimalistisch-ohne-bildchen","status":"publish","type":"product","link":"https:\/\/peanutspeanuts.de\/?product=nachrichten-fuer-die-brotdose-minimalistisch-ohne-bildchen","title":{"rendered":"Nachrichten f\u00fcr die Brotdose (minimalistisch &#8211; ohne Bildchen)"},"content":{"rendered":"<p>Wie sehr man sich doch freut, wenn man als \u00dcberraschung eine kleine Nachricht in der Brotdose findet.<\/p>\n<p>Dieser Download enth\u00e4lt verschiedene Mut-Mach-Witz-Liebes-Nachrichten, die du einfach ausdrucken, ausschneiden und deinen Liebsten in die Brotdose stecken kannst.<\/p>\n<p>&nbsp;<\/p>\n<p>In diesem Download sind 6 Din A4 B\u00f6gen mit je 8 kurzen Nachrichten enthalten.<\/p>\n<p>Dies ist ein <strong>digitaler Download.<\/strong><\/p>\n<p>Dateiformat: \u00a01 PDF<\/p>\n<p>Alle Quellenangaben sind im Dokument enthalten.<\/p>\n<p>Je nach Drucker k\u00f6nnen die Farben etwas abweichen. Achte auf die Druckeinstellungen, damit das Dokument nicht an den Seiten abgeschnitten wird.<\/p>\n<p>&nbsp;<\/p>\n<p><i>Alle digitalen\/downloadbaren Produkte sind nur f\u00fcr den privaten, eigenen Gebrauch bestimmt. Sie d\u00fcrfen nicht weiterverkauft oder f\u00fcr kommerzielle\u00a0Zwecke genutzt werden! Sie sind von Umtausch und von der R\u00fcckgabe ausgeschlossen. Auch d\u00fcrfen sie nicht ver\u00e4ndert werden. Eine Vervielf\u00e4ltigung kann zum privaten Gebrauch erstellt werden. Die Sticker sind ausschlie\u00dflich f\u00fcr die private Nutzung\u00a0innerhalb des Planers zu verwenden. Bei Ver\u00f6ffentlichungen (z.B. in den Sozialen Netzwerken) muss zwingend der Verweis zu Peanut&#8217;s Peanuts angegeben werden.<\/i><\/p>\n","protected":false},"excerpt":{"rendered":"<p>Wie sehr man sich doch freut, wenn man als \u00dcberraschung eine kleine Nachricht in der Brotdose findet. Dieser Download enth\u00e4lt verschiedene Mut-Mach-Witz-Liebes-Nachrichten, [&hellip;]<\/p>\n","protected":false},"featured_media":5795,"comment_status":"open","ping_status":"closed","template":"","meta":[],"product_cat":[258],"product_tag":[259,173,166,282,177,241,86,225,272],"post_mailing_queue_ids":[],"_links":{"self":[{"href":"https:\/\/peanutspeanuts.de\/index.php?rest_route=\/wp\/v2\/product\/5794"}],"collection":[{"href":"https:\/\/peanutspeanuts.de\/index.php?rest_route=\/wp\/v2\/product"}],"about":[{"href":"https:\/\/peanutspeanuts.de\/index.php?rest_route=\/wp\/v2\/types\/product"}],"replies":[{"embeddable":true,"href":"https:\/\/peanutspeanuts.de\/index.php?rest_route=%2Fwp%2Fv2%2Fcomments&post=5794"}],"wp:featuredmedia":[{"embeddable":true,"href":"https:\/\/peanutspeanuts.de\/index.php?rest_route=\/wp\/v2\/media\/5795"}],"wp:attachment":[{"href":"https:\/\/peanutspeanuts.de\/index.php?rest_route=%2Fwp%2Fv2%2Fmedia&parent=5794"}],"wp:term":[{"taxonomy":"product_cat","embeddable":true,"href":"https:\/\/peanutspeanuts.de\/index.php?rest_route=%2Fwp%2Fv2%2Fproduct_cat&post=5794"},{"taxonomy":"product_tag","embeddable":true,"href":"https:\/\/peanutspeanuts.de\/index.php?rest_route=%2Fwp%2Fv2%2Fproduct_tag&post=5794"}],"curies":[{"name":"wp","href":"https:\/\/api.w.org\/{rel}","templated":true}]}}