{"id":6016,"date":"2023-05-18T12:49:11","date_gmt":"2023-05-18T10:49:11","guid":{"rendered":"https:\/\/peanutspeanuts.de\/?post_type=product&#038;p=6016"},"modified":"2025-06-22T01:09:17","modified_gmt":"2025-06-21T23:09:17","slug":"kunterbunte-ferien-ein-feriengruss","status":"publish","type":"product","link":"https:\/\/peanutspeanuts.de\/?product=kunterbunte-ferien-ein-feriengruss","title":{"rendered":"Kunterbunte Ferien &#8211; Ein Feriengru\u00df"},"content":{"rendered":"<p>Meine Erdnuss hat auf einem Stra\u00dfenfest einen kunterbunten Buntstift geschenkt bekommen und da kam mir spontan die Idee zu diesem Feriengru\u00df.<\/p>\n<p>Wenn ich den Sch\u00fclerinnen und Sch\u00fclern etwas schenke, dann immer gerne etwas, was kein Plastikquatsch oder so ist. Stifte finde ich eine nette Kleinigkeit, genau wie Radiergummis etc. K\u00f6nnen die Kinder doch immer gut gebrauchen.<\/p>\n<p>Einfach ausdrucken, ausschneiden und an einen Stift kleben.<\/p>\n<p>Dieser <strong>digitale Download<\/strong> enth\u00e4lt 1 PDF mit einem Feriengru\u00df \u00a0(s. Bilder).<\/p>\n<p>&nbsp;<\/p>\n<p>&nbsp;<\/p>\n<p>Dies ist ein digitaler Download. Der Buntstift ist <strong>nicht<\/strong> im Produkt enthalten.<\/p>\n<p>Dateiformat: \u00a01 PDF<\/p>\n<p>Alle Cliparts &amp; Fonts: Peanut&#8217;s Peanuts<\/p>\n<p>Je nach Drucker k\u00f6nnen die Farben etwas abweichen.<\/p>\n<p>Es gibt diesen Feriengru\u00df auch in ged\u00e4mpften Boho-Farben!<\/p>\n<p>&nbsp;<\/p>\n<p><i>Alle digitalen\/downloadbaren Produkte sind nur f\u00fcr den privaten, eigenen Gebrauch bestimmt. Sie d\u00fcrfen nicht weiterverkauft oder f\u00fcr kommerzielle\u00a0Zwecke genutzt werden! Sie sind von Umtausch und von der R\u00fcckgabe ausgeschlossen. Auch d\u00fcrfen sie nicht ver\u00e4ndert werden. Eine Vervielf\u00e4ltigung kann zum privaten Gebrauch erstellt werden. Die Sticker sind ausschlie\u00dflich f\u00fcr die private Nutzung\u00a0innerhalb des Planers zu verwenden. Bei Ver\u00f6ffentlichungen (z.B. in den Sozialen Netzwerken) muss zwingend der Verweis zu Peanut&#8217;s Peanuts angegeben werden.<\/i><\/p>\n","protected":false},"excerpt":{"rendered":"<p>Meine Erdnuss hat auf einem Stra\u00dfenfest einen kunterbunten Buntstift geschenkt bekommen und da kam mir spontan die Idee zu diesem Feriengru\u00df. Wenn [&hellip;]<\/p>\n","protected":false},"featured_media":6009,"comment_status":"open","ping_status":"closed","template":"","meta":[],"product_cat":[240],"product_tag":[],"post_mailing_queue_ids":[],"_links":{"self":[{"href":"https:\/\/peanutspeanuts.de\/index.php?rest_route=\/wp\/v2\/product\/6016"}],"collection":[{"href":"https:\/\/peanutspeanuts.de\/index.php?rest_route=\/wp\/v2\/product"}],"about":[{"href":"https:\/\/peanutspeanuts.de\/index.php?rest_route=\/wp\/v2\/types\/product"}],"replies":[{"embeddable":true,"href":"https:\/\/peanutspeanuts.de\/index.php?rest_route=%2Fwp%2Fv2%2Fcomments&post=6016"}],"wp:featuredmedia":[{"embeddable":true,"href":"https:\/\/peanutspeanuts.de\/index.php?rest_route=\/wp\/v2\/media\/6009"}],"wp:attachment":[{"href":"https:\/\/peanutspeanuts.de\/index.php?rest_route=%2Fwp%2Fv2%2Fmedia&parent=6016"}],"wp:term":[{"taxonomy":"product_cat","embeddable":true,"href":"https:\/\/peanutspeanuts.de\/index.php?rest_route=%2Fwp%2Fv2%2Fproduct_cat&post=6016"},{"taxonomy":"product_tag","embeddable":true,"href":"https:\/\/peanutspeanuts.de\/index.php?rest_route=%2Fwp%2Fv2%2Fproduct_tag&post=6016"}],"curies":[{"name":"wp","href":"https:\/\/api.w.org\/{rel}","templated":true}]}}