{"id":6132,"date":"2023-08-07T22:02:56","date_gmt":"2023-08-07T20:02:56","guid":{"rendered":"https:\/\/peanutspeanuts.de\/?post_type=product&#038;p=6132"},"modified":"2024-09-09T01:08:12","modified_gmt":"2024-09-08T23:08:12","slug":"glueckskekse-to-go-zum-schuljahresbeginn","status":"publish","type":"product","link":"https:\/\/peanutspeanuts.de\/?product=glueckskekse-to-go-zum-schuljahresbeginn","title":{"rendered":"Gl\u00fcckskekse TO GO zum Schuljahresbeginn"},"content":{"rendered":"<p>Neues Schuljahr &#8211; neues Gl\u00fcck!<\/p>\n<p>Einfach diese Gl\u00fcckskekse ausdrucken, aufh\u00e4ngen und sich jeden Tag eine kleine Weisheit abrei\u00dfen. Tipp: Du kannst mit den Gl\u00fcckskeksen TO GO auch Deinen Arbeitsplatz, Dein Lehrerzimmer etc. versch\u00f6nern. Sie passen in jede Hosentasche, Handyh\u00fclle, Federtasche oder in den Lehrerkalender (und sie lassen sich wunderbar verschenken!)<\/p>\n<div class=\"page\" title=\"Page 1\">\n<div class=\"section\">\n<div class=\"layoutArea\">\n<div class=\"column\">\n<p>In diesem Download sind 3 verschiedene Layouts mit unterschiedlichen Gl\u00fcckskeksweisheiten enthalten.<\/p>\n<p>Dies ist ein <strong>digitaler Download.<\/strong><\/p>\n<\/div>\n<\/div>\n<\/div>\n<\/div>\n<p>Dateiformat: \u00a01 PDF<\/p>\n<p>Alle Quellenangaben sind im Dokument enthalten.<\/p>\n<p>Je nach Drucker k\u00f6nnen die Farben etwas abweichen. Achte auf die Druckeinstellungen, damit das Dokument nicht an den Seiten abgeschnitten wird.<\/p>\n<p>&nbsp;<\/p>\n<p><i>Alle digitalen\/downloadbaren Produkte sind nur f\u00fcr den privaten, eigenen Gebrauch bestimmt. Sie d\u00fcrfen nicht weiterverkauft oder f\u00fcr kommerzielle\u00a0Zwecke genutzt werden! Sie sind von Umtausch und von der R\u00fcckgabe ausgeschlossen. Auch d\u00fcrfen sie nicht ver\u00e4ndert werden. Eine Vervielf\u00e4ltigung kann zum privaten Gebrauch erstellt werden. Die Sticker sind ausschlie\u00dflich f\u00fcr die private Nutzung\u00a0innerhalb des Planers zu verwenden. Bei Ver\u00f6ffentlichungen (z.B. in den Sozialen Netzwerken) muss zwingend der Verweis zu Peanut&#8217;s Peanuts angegeben werden.<\/i><\/p>\n","protected":false},"excerpt":{"rendered":"<p>Neues Schuljahr &#8211; neues Gl\u00fcck! Einfach diese Gl\u00fcckskekse ausdrucken, aufh\u00e4ngen und sich jeden Tag eine kleine Weisheit abrei\u00dfen. Tipp: Du kannst mit [&hellip;]<\/p>\n","protected":false},"featured_media":6133,"comment_status":"open","ping_status":"closed","template":"","meta":[],"product_cat":[240],"product_tag":[259,173,166,177,241,86,287,288,225,272],"post_mailing_queue_ids":[],"_links":{"self":[{"href":"https:\/\/peanutspeanuts.de\/index.php?rest_route=\/wp\/v2\/product\/6132"}],"collection":[{"href":"https:\/\/peanutspeanuts.de\/index.php?rest_route=\/wp\/v2\/product"}],"about":[{"href":"https:\/\/peanutspeanuts.de\/index.php?rest_route=\/wp\/v2\/types\/product"}],"replies":[{"embeddable":true,"href":"https:\/\/peanutspeanuts.de\/index.php?rest_route=%2Fwp%2Fv2%2Fcomments&post=6132"}],"wp:featuredmedia":[{"embeddable":true,"href":"https:\/\/peanutspeanuts.de\/index.php?rest_route=\/wp\/v2\/media\/6133"}],"wp:attachment":[{"href":"https:\/\/peanutspeanuts.de\/index.php?rest_route=%2Fwp%2Fv2%2Fmedia&parent=6132"}],"wp:term":[{"taxonomy":"product_cat","embeddable":true,"href":"https:\/\/peanutspeanuts.de\/index.php?rest_route=%2Fwp%2Fv2%2Fproduct_cat&post=6132"},{"taxonomy":"product_tag","embeddable":true,"href":"https:\/\/peanutspeanuts.de\/index.php?rest_route=%2Fwp%2Fv2%2Fproduct_tag&post=6132"}],"curies":[{"name":"wp","href":"https:\/\/api.w.org\/{rel}","templated":true}]}}