{"id":6289,"date":"2023-12-01T20:13:03","date_gmt":"2023-12-01T19:13:03","guid":{"rendered":"https:\/\/peanutspeanuts.de\/?post_type=product&#038;p=6289"},"modified":"2024-07-07T01:08:59","modified_gmt":"2024-07-06T23:08:59","slug":"superhelden-effekt-mit-panda-version-2023","status":"publish","type":"product","link":"https:\/\/peanutspeanuts.de\/?product=superhelden-effekt-mit-panda-version-2023","title":{"rendered":"Superhelden-Effekt mit Panda (Version 2023)"},"content":{"rendered":"<div class=\"page\" title=\"Page 1\">\n<div class=\"section\">\n<div class=\"layoutArea\">\n<div class=\"column\">\n<p>Der Superhelden-Effekt ist toll. Er ist leicht umsetzbar, ben\u00f6tigt kein Material und steigert nachweislich das Selbstvertrauen.<\/p>\n<p>Dies ist die 2023 Version mit einem Panda als Superheld.<\/p>\n<p>Dieser Download enth\u00e4lt:<\/p>\n<ul>\n<li>1 Beschreibung mit dem Ablauf und dem Sinn des Superhelden-Effekts<\/li>\n<li>4 verschiedene Poster f\u00fcr den Klassenraum in DinA4 oder auch f\u00fcr die Federtasche (2 verschiedene Texte, 2 verschiedene Superhelden; s. Bilder)<\/li>\n<\/ul>\n<\/div>\n<\/div>\n<\/div>\n<\/div>\n<p>Dies ist ein <strong>digitaler Download.<\/strong><\/p>\n<p>Dateiformat: \u00a01 PDF<\/p>\n<p>Alle Cliparts &amp; Fonts: Peanut&#8217;s Peanuts<\/p>\n<p>Weitere Quellenangaben sind im Dokument enthalten.<\/p>\n<p>Je nach Drucker k\u00f6nnen die Farben etwas abweichen.<\/p>\n<p>&nbsp;<\/p>\n<p><i>Alle digitalen\/downloadbaren Produkte sind nur f\u00fcr den privaten, eigenen Gebrauch bestimmt. Sie d\u00fcrfen nicht weiterverkauft oder f\u00fcr kommerzielle\u00a0Zwecke genutzt werden! Sie sind von Umtausch und von der R\u00fcckgabe ausgeschlossen. Auch d\u00fcrfen sie nicht ver\u00e4ndert werden. Eine Vervielf\u00e4ltigung kann zum privaten Gebrauch erstellt werden. Die Sticker sind ausschlie\u00dflich f\u00fcr die private Nutzung\u00a0innerhalb des Planers zu verwenden. Bei Ver\u00f6ffentlichungen (z.B. in den Sozialen Netzwerken) muss zwingend der Verweis zu Peanut&#8217;s Peanuts angegeben werden.<\/i><\/p>\n","protected":false},"excerpt":{"rendered":"<p>Der Superhelden-Effekt ist toll. Er ist leicht umsetzbar, ben\u00f6tigt kein Material und steigert nachweislich das Selbstvertrauen. Dies ist die 2023 Version mit [&hellip;]<\/p>\n","protected":false},"featured_media":6331,"comment_status":"open","ping_status":"closed","template":"","meta":[],"product_cat":[240],"product_tag":[173,166,241,225,235,168],"post_mailing_queue_ids":[],"_links":{"self":[{"href":"https:\/\/peanutspeanuts.de\/index.php?rest_route=\/wp\/v2\/product\/6289"}],"collection":[{"href":"https:\/\/peanutspeanuts.de\/index.php?rest_route=\/wp\/v2\/product"}],"about":[{"href":"https:\/\/peanutspeanuts.de\/index.php?rest_route=\/wp\/v2\/types\/product"}],"replies":[{"embeddable":true,"href":"https:\/\/peanutspeanuts.de\/index.php?rest_route=%2Fwp%2Fv2%2Fcomments&post=6289"}],"wp:featuredmedia":[{"embeddable":true,"href":"https:\/\/peanutspeanuts.de\/index.php?rest_route=\/wp\/v2\/media\/6331"}],"wp:attachment":[{"href":"https:\/\/peanutspeanuts.de\/index.php?rest_route=%2Fwp%2Fv2%2Fmedia&parent=6289"}],"wp:term":[{"taxonomy":"product_cat","embeddable":true,"href":"https:\/\/peanutspeanuts.de\/index.php?rest_route=%2Fwp%2Fv2%2Fproduct_cat&post=6289"},{"taxonomy":"product_tag","embeddable":true,"href":"https:\/\/peanutspeanuts.de\/index.php?rest_route=%2Fwp%2Fv2%2Fproduct_tag&post=6289"}],"curies":[{"name":"wp","href":"https:\/\/api.w.org\/{rel}","templated":true}]}}