{"id":6310,"date":"2023-12-08T11:43:15","date_gmt":"2023-12-08T10:43:15","guid":{"rendered":"https:\/\/peanutspeanuts.de\/?post_type=product&#038;p=6310"},"modified":"2023-12-27T14:37:40","modified_gmt":"2023-12-27T13:37:40","slug":"weihnachtskarte-fuer-z-b-lehrerinnen-erzieherinnen","status":"publish","type":"product","link":"https:\/\/peanutspeanuts.de\/?product=weihnachtskarte-fuer-z-b-lehrerinnen-erzieherinnen","title":{"rendered":"Weihnachtskarte f\u00fcr z.B. Lehrer:innen &#038; Erzieher:innen"},"content":{"rendered":"<p>Tolle Karten, um sich z.B. bei den Lehrer:innen, Erzieher:innen oder liebsten Menschen mit einem weihnachtlichen Gru\u00df zu bedanken.<\/p>\n<p>&nbsp;<\/p>\n<p>Dieser <strong>digitale Download<\/strong> enth\u00e4lt 1 PDF mit einem Vordruck f\u00fcr farbige Karten und einem Vordruck f\u00fcr schwarz-wei\u00dfe Karten, die von den Kindern angemalt oder so gelassen werden k\u00f6nnen (s. Bilder).<\/p>\n<p>Ich w\u00fcrde mich sehr \u00fcber ein Shoutout oder ein nettes Wort freuen!<\/p>\n<p>Dateiformat: \u00a01 PDF<\/p>\n<p>Alle Quellenangaben sind im Dokument enthalten.<\/p>\n<p>Je nach Drucker k\u00f6nnen die Farben etwas abweichen.<\/p>\n<p>&nbsp;<\/p>\n<p><i>Alle digitalen\/downloadbaren Produkte sind nur f\u00fcr den privaten, eigenen Gebrauch bestimmt. Sie d\u00fcrfen nicht weiterverkauft oder f\u00fcr kommerzielle\u00a0Zwecke genutzt werden! Sie sind von Umtausch und von der R\u00fcckgabe ausgeschlossen. Auch d\u00fcrfen sie nicht ver\u00e4ndert werden. Eine Vervielf\u00e4ltigung kann zum privaten Gebrauch erstellt werden. Die Sticker sind ausschlie\u00dflich f\u00fcr die private Nutzung\u00a0innerhalb des Planers zu verwenden. Bei Ver\u00f6ffentlichungen (z.B. in den Sozialen Netzwerken) muss zwingend der Verweis zu Peanut&#8217;s Peanuts angegeben werden.<\/i><\/p>\n","protected":false},"excerpt":{"rendered":"<p>Tolle Karten, um sich z.B. bei den Lehrer:innen, Erzieher:innen oder liebsten Menschen mit einem weihnachtlichen Gru\u00df zu bedanken. &nbsp; Dieser digitale Download [&hellip;]<\/p>\n","protected":false},"featured_media":6311,"comment_status":"open","ping_status":"closed","template":"","meta":[],"product_cat":[258],"product_tag":[86,225,280],"post_mailing_queue_ids":[],"_links":{"self":[{"href":"https:\/\/peanutspeanuts.de\/index.php?rest_route=\/wp\/v2\/product\/6310"}],"collection":[{"href":"https:\/\/peanutspeanuts.de\/index.php?rest_route=\/wp\/v2\/product"}],"about":[{"href":"https:\/\/peanutspeanuts.de\/index.php?rest_route=\/wp\/v2\/types\/product"}],"replies":[{"embeddable":true,"href":"https:\/\/peanutspeanuts.de\/index.php?rest_route=%2Fwp%2Fv2%2Fcomments&post=6310"}],"wp:featuredmedia":[{"embeddable":true,"href":"https:\/\/peanutspeanuts.de\/index.php?rest_route=\/wp\/v2\/media\/6311"}],"wp:attachment":[{"href":"https:\/\/peanutspeanuts.de\/index.php?rest_route=%2Fwp%2Fv2%2Fmedia&parent=6310"}],"wp:term":[{"taxonomy":"product_cat","embeddable":true,"href":"https:\/\/peanutspeanuts.de\/index.php?rest_route=%2Fwp%2Fv2%2Fproduct_cat&post=6310"},{"taxonomy":"product_tag","embeddable":true,"href":"https:\/\/peanutspeanuts.de\/index.php?rest_route=%2Fwp%2Fv2%2Fproduct_tag&post=6310"}],"curies":[{"name":"wp","href":"https:\/\/api.w.org\/{rel}","templated":true}]}}