{"id":6517,"date":"2024-06-28T20:45:08","date_gmt":"2024-06-28T18:45:08","guid":{"rendered":"https:\/\/peanutspeanuts.de\/?post_type=product&#038;p=6517"},"modified":"2025-09-15T01:00:43","modified_gmt":"2025-09-14T23:00:43","slug":"ich-bin-ein-schulkind-poster","status":"publish","type":"product","link":"https:\/\/peanutspeanuts.de\/?product=ich-bin-ein-schulkind-poster","title":{"rendered":"Ich bin ein Schulkind. &#8211; Poster"},"content":{"rendered":"<div class=\"page\" title=\"Page 1\">\n<div class=\"section\">\n<div class=\"layoutArea\">\n<div class=\"column\">\n<p>Dieser Download enth\u00e4lt ein \u201cIch bin ein Schulkind.\u201c Poster in drei verschiedenen Farbvarianten in zwei Versionen:<\/p>\n<ol>\n<li>Version: Poster mit Eigenschaften bereits eingetragen: einfach ausdrucken und aufh\u00e4ngen.<\/li>\n<li>Version: Blankoposter zum individuellen Eintragen z.B. als \u201cG\u00e4stebuch\u201c bei der Einschulungsfeier, als Zugabe zum ersten Zeugnis, kleiner gedruckt als t\u00e4gliche Erinnerung in der Federtasche\u2026<\/li>\n<\/ol>\n<p>Dies ist ein <strong>digitaler Download.<\/strong><\/p>\n<\/div>\n<\/div>\n<\/div>\n<\/div>\n<p>Dateiformat: \u00a01 PDF<\/p>\n<p>Alle Cliparts &amp; Fonts: Peanut&#8217;s Peanuts<\/p>\n<p>Weitere Quellenangaben sind im Dokument enthalten.<\/p>\n<p>Je nach Drucker k\u00f6nnen die Farben etwas abweichen.<\/p>\n<p>&nbsp;<\/p>\n<p><i>Alle digitalen\/downloadbaren Produkte sind nur f\u00fcr den privaten, eigenen Gebrauch bestimmt. Sie d\u00fcrfen nicht weiterverkauft oder f\u00fcr kommerzielle\u00a0Zwecke genutzt werden! Sie sind von Umtausch und von der R\u00fcckgabe ausgeschlossen. Auch d\u00fcrfen sie nicht ver\u00e4ndert werden. Eine Vervielf\u00e4ltigung kann zum privaten Gebrauch erstellt werden. Die Sticker sind ausschlie\u00dflich f\u00fcr die private Nutzung\u00a0innerhalb des Planers zu verwenden. Bei Ver\u00f6ffentlichungen (z.B. in den Sozialen Netzwerken) muss zwingend der Verweis zu Peanut&#8217;s Peanuts angegeben werden.<\/i><\/p>\n","protected":false},"excerpt":{"rendered":"<p>Dieser Download enth\u00e4lt ein \u201cIch bin ein Schulkind.\u201c Poster in drei verschiedenen Farbvarianten in zwei Versionen: Version: Poster mit Eigenschaften bereits eingetragen: [&hellip;]<\/p>\n","protected":false},"featured_media":6525,"comment_status":"open","ping_status":"closed","template":"","meta":[],"product_cat":[240],"product_tag":[173,166,268,289,177,241,225,235],"post_mailing_queue_ids":[],"_links":{"self":[{"href":"https:\/\/peanutspeanuts.de\/index.php?rest_route=\/wp\/v2\/product\/6517"}],"collection":[{"href":"https:\/\/peanutspeanuts.de\/index.php?rest_route=\/wp\/v2\/product"}],"about":[{"href":"https:\/\/peanutspeanuts.de\/index.php?rest_route=\/wp\/v2\/types\/product"}],"replies":[{"embeddable":true,"href":"https:\/\/peanutspeanuts.de\/index.php?rest_route=%2Fwp%2Fv2%2Fcomments&post=6517"}],"wp:featuredmedia":[{"embeddable":true,"href":"https:\/\/peanutspeanuts.de\/index.php?rest_route=\/wp\/v2\/media\/6525"}],"wp:attachment":[{"href":"https:\/\/peanutspeanuts.de\/index.php?rest_route=%2Fwp%2Fv2%2Fmedia&parent=6517"}],"wp:term":[{"taxonomy":"product_cat","embeddable":true,"href":"https:\/\/peanutspeanuts.de\/index.php?rest_route=%2Fwp%2Fv2%2Fproduct_cat&post=6517"},{"taxonomy":"product_tag","embeddable":true,"href":"https:\/\/peanutspeanuts.de\/index.php?rest_route=%2Fwp%2Fv2%2Fproduct_tag&post=6517"}],"curies":[{"name":"wp","href":"https:\/\/api.w.org\/{rel}","templated":true}]}}