{"id":6534,"date":"2024-07-02T11:03:07","date_gmt":"2024-07-02T09:03:07","guid":{"rendered":"https:\/\/peanutspeanuts.de\/?post_type=product&#038;p=6534"},"modified":"2025-09-08T01:06:10","modified_gmt":"2025-09-07T23:06:10","slug":"leseaugen-lesebuddy","status":"publish","type":"product","link":"https:\/\/peanutspeanuts.de\/?product=leseaugen-lesebuddy","title":{"rendered":"Leseaugen \/ Lesebuddy"},"content":{"rendered":"<div class=\"page\" title=\"Page 1\">\n<div class=\"section\">\n<div class=\"layoutArea\">\n<div class=\"column\">\n<p>Dieser Download enth\u00e4lt Druckvorlagen, um Leseaugen\/Lesebuddys (und Abstandhalter) mit Eisstielen zu basteln. Meine Erfahrung ist, dass die Kinder sie sehr motiviert beim Lesen und Schreiben nutzen.<\/p>\n<ul>\n<li>K\u00f6nigsbuchstaben in 2 verschiedenen Schriften (Grundschrift &amp; eine dicke Schrift)<\/li>\n<li>6 verschiedene Etiketten zur Kennzeichnung des &#8220;Schlafplatzes&#8221; der Leseaugen\/Lesebuddys<\/li>\n<\/ul>\n<p>Ich habe die Vorlage gedruckt, ausgeschnitten und anschlie\u00dfend mit &#8220;Modpodge&#8221; festgeklebt. Zus\u00e4tzlich bin ich mit Modpodge auch noch einmal \u00fcber das festgeklebte Schildchen dr\u00fcber gegangen. Die Eisstiele sind die kleinen, die es bei diversen Bastell\u00e4den gibt.<\/p>\n<p>Dies ist ein <strong>digitaler Download. Eisstiele und Glas sind nicht enthalten!<\/strong><\/p>\n<\/div>\n<\/div>\n<\/div>\n<\/div>\n<p>Dateiformat: \u00a01 PDF<\/p>\n<p>Alle Cliparts &amp; Fonts: Peanut&#8217;s Peanuts<\/p>\n<p>Weitere Quellenangaben sind im Dokument enthalten.<\/p>\n<p>Je nach Drucker k\u00f6nnen die Farben etwas abweichen.<\/p>\n<p>&nbsp;<\/p>\n<p><i>Alle digitalen\/downloadbaren Produkte sind nur f\u00fcr den privaten, eigenen Gebrauch bestimmt. Sie d\u00fcrfen nicht weiterverkauft oder f\u00fcr kommerzielle\u00a0Zwecke genutzt werden! Sie sind von Umtausch und von der R\u00fcckgabe ausgeschlossen. Auch d\u00fcrfen sie nicht ver\u00e4ndert werden. Eine Vervielf\u00e4ltigung kann zum privaten Gebrauch erstellt werden. Die Sticker sind ausschlie\u00dflich f\u00fcr die private Nutzung\u00a0innerhalb des Planers zu verwenden. Bei Ver\u00f6ffentlichungen (z.B. in den Sozialen Netzwerken) muss zwingend der Verweis zu Peanut&#8217;s Peanuts angegeben werden.<\/i><\/p>\n","protected":false},"excerpt":{"rendered":"<p>Dieser Download enth\u00e4lt Druckvorlagen, um Leseaugen\/Lesebuddys (und Abstandhalter) mit Eisstielen zu basteln. Meine Erfahrung ist, dass die Kinder sie sehr motiviert beim [&hellip;]<\/p>\n","protected":false},"featured_media":6531,"comment_status":"open","ping_status":"closed","template":"","meta":[],"product_cat":[262],"product_tag":[173,166,268,289,177,241,225,235],"post_mailing_queue_ids":[],"_links":{"self":[{"href":"https:\/\/peanutspeanuts.de\/index.php?rest_route=\/wp\/v2\/product\/6534"}],"collection":[{"href":"https:\/\/peanutspeanuts.de\/index.php?rest_route=\/wp\/v2\/product"}],"about":[{"href":"https:\/\/peanutspeanuts.de\/index.php?rest_route=\/wp\/v2\/types\/product"}],"replies":[{"embeddable":true,"href":"https:\/\/peanutspeanuts.de\/index.php?rest_route=%2Fwp%2Fv2%2Fcomments&post=6534"}],"wp:featuredmedia":[{"embeddable":true,"href":"https:\/\/peanutspeanuts.de\/index.php?rest_route=\/wp\/v2\/media\/6531"}],"wp:attachment":[{"href":"https:\/\/peanutspeanuts.de\/index.php?rest_route=%2Fwp%2Fv2%2Fmedia&parent=6534"}],"wp:term":[{"taxonomy":"product_cat","embeddable":true,"href":"https:\/\/peanutspeanuts.de\/index.php?rest_route=%2Fwp%2Fv2%2Fproduct_cat&post=6534"},{"taxonomy":"product_tag","embeddable":true,"href":"https:\/\/peanutspeanuts.de\/index.php?rest_route=%2Fwp%2Fv2%2Fproduct_tag&post=6534"}],"curies":[{"name":"wp","href":"https:\/\/api.w.org\/{rel}","templated":true}]}}