{"id":6536,"date":"2024-07-03T20:00:29","date_gmt":"2024-07-03T18:00:29","guid":{"rendered":"https:\/\/peanutspeanuts.de\/?post_type=product&#038;p=6536"},"modified":"2025-09-09T01:00:43","modified_gmt":"2025-09-08T23:00:43","slug":"mut-mach-sprueche-fuer-die-lesebuddys","status":"publish","type":"product","link":"https:\/\/peanutspeanuts.de\/?product=mut-mach-sprueche-fuer-die-lesebuddys","title":{"rendered":"Mut-Mach-Spr\u00fcche f\u00fcr die Lesebuddys"},"content":{"rendered":"<div class=\"page\" title=\"Page 1\">\n<div class=\"section\">\n<div class=\"layoutArea\">\n<div class=\"column\">\n<p>Dieser Download enth\u00e4lt eine Druckvorlage, um auf die R\u00fcckseite der Lesebuddys kleine Mut-Mach-Spr\u00fcche zu kleben.<\/p>\n<ul>\n<li>10 verschiedene Spr\u00fcche mit dezentem Konfetti-Hintergrund<\/li>\n<li>Passend zu der Druckvorlage der Lesebuddys sind diese Spr\u00fcche in 2 verschiedenen Schriftarten in diesem Download enthalten<\/li>\n<\/ul>\n<p>Ich habe die Vorlage gedruckt, ausgeschnitten und anschlie\u00dfend mit &#8220;Modpodge&#8221; festgeklebt. Zus\u00e4tzlich bin ich mit Modpodge auch noch einmal \u00fcber das festgeklebte Schildchen dr\u00fcber gegangen. Die Eisstiele sind die kleinen, die es bei diversen Bastell\u00e4den gibt.<\/p>\n<p>Dies ist ein <strong>digitaler Download. Eisstiele und Glas sind nicht enthalten!<\/strong><\/p>\n<\/div>\n<\/div>\n<\/div>\n<\/div>\n<p>Dateiformat: \u00a01 PDF<\/p>\n<p>Alle Cliparts &amp; Fonts: Peanut&#8217;s Peanuts<\/p>\n<p>Weitere Quellenangaben sind im Dokument enthalten.<\/p>\n<p>Je nach Drucker k\u00f6nnen die Farben etwas abweichen.<\/p>\n<p>&nbsp;<\/p>\n<p><i>Alle digitalen\/downloadbaren Produkte sind nur f\u00fcr den privaten, eigenen Gebrauch bestimmt. Sie d\u00fcrfen nicht weiterverkauft oder f\u00fcr kommerzielle\u00a0Zwecke genutzt werden! Sie sind von Umtausch und von der R\u00fcckgabe ausgeschlossen. Auch d\u00fcrfen sie nicht ver\u00e4ndert werden. Eine Vervielf\u00e4ltigung kann zum privaten Gebrauch erstellt werden. Die Sticker sind ausschlie\u00dflich f\u00fcr die private Nutzung\u00a0innerhalb des Planers zu verwenden. Bei Ver\u00f6ffentlichungen (z.B. in den Sozialen Netzwerken) muss zwingend der Verweis zu Peanut&#8217;s Peanuts angegeben werden.<\/i><\/p>\n","protected":false},"excerpt":{"rendered":"<p>Dieser Download enth\u00e4lt eine Druckvorlage, um auf die R\u00fcckseite der Lesebuddys kleine Mut-Mach-Spr\u00fcche zu kleben. 10 verschiedene Spr\u00fcche mit dezentem Konfetti-Hintergrund Passend [&hellip;]<\/p>\n","protected":false},"featured_media":6537,"comment_status":"open","ping_status":"closed","template":"","meta":[],"product_cat":[262],"product_tag":[173,166,268,289,177,241,225,235],"post_mailing_queue_ids":[],"_links":{"self":[{"href":"https:\/\/peanutspeanuts.de\/index.php?rest_route=\/wp\/v2\/product\/6536"}],"collection":[{"href":"https:\/\/peanutspeanuts.de\/index.php?rest_route=\/wp\/v2\/product"}],"about":[{"href":"https:\/\/peanutspeanuts.de\/index.php?rest_route=\/wp\/v2\/types\/product"}],"replies":[{"embeddable":true,"href":"https:\/\/peanutspeanuts.de\/index.php?rest_route=%2Fwp%2Fv2%2Fcomments&post=6536"}],"wp:featuredmedia":[{"embeddable":true,"href":"https:\/\/peanutspeanuts.de\/index.php?rest_route=\/wp\/v2\/media\/6537"}],"wp:attachment":[{"href":"https:\/\/peanutspeanuts.de\/index.php?rest_route=%2Fwp%2Fv2%2Fmedia&parent=6536"}],"wp:term":[{"taxonomy":"product_cat","embeddable":true,"href":"https:\/\/peanutspeanuts.de\/index.php?rest_route=%2Fwp%2Fv2%2Fproduct_cat&post=6536"},{"taxonomy":"product_tag","embeddable":true,"href":"https:\/\/peanutspeanuts.de\/index.php?rest_route=%2Fwp%2Fv2%2Fproduct_tag&post=6536"}],"curies":[{"name":"wp","href":"https:\/\/api.w.org\/{rel}","templated":true}]}}