{"id":6712,"date":"2024-11-02T10:47:08","date_gmt":"2024-11-02T09:47:08","guid":{"rendered":"https:\/\/peanutspeanuts.de\/?post_type=product&#038;p=6712"},"modified":"2024-11-02T11:04:09","modified_gmt":"2024-11-02T10:04:09","slug":"krankenmappe-fuer-eine-fledermausklasse","status":"publish","type":"product","link":"https:\/\/peanutspeanuts.de\/?product=krankenmappe-fuer-eine-fledermausklasse","title":{"rendered":"Krankenmappe f\u00fcr eine Fledermausklasse"},"content":{"rendered":"<div class=\"page\" title=\"Page 1\">\n<div class=\"section\">\n<div class=\"layoutArea\">\n<div class=\"column\">\n<div class=\"page\" title=\"Page 1\">\n<div class=\"section\">\n<div class=\"layoutArea\">\n<div class=\"column\">\n<p>Dieser Download entha\u0308lt ein Deckblatt und eine Zusammenfassung f\u00fcr die Krankenmappe in 4 verschiedenen Ausf\u00fchrungen und 2 Designs jeweils in Farbe und druckerfreundlich in Schwarzwei\u00df (s. Fotos):<\/p>\n<ul>\n<li>Deckblatt Din A4<\/li>\n<li>2 Deckbl\u00e4tter in Din A5<\/li>\n<li>Version 1:\n<ul>\n<li>Datum und Ansprache in einer Box;\u00a0Tabelle des Schultages &amp; der Hausaufgaben mit den 3 Hauptf\u00e4chern der Grundschule &amp; einer\u00a0Blankozeile;\u00a0Tabelle des Schultages &amp; der Hausaufgaben von der 1. &#8211; 6. Stunde<\/li>\n<\/ul>\n<\/li>\n<li>Version 2:\n<ul>\n<li>Datum und Ansprache in drei Boxen:\u00a0Tabelle des Schultages &amp; der Hausaufgaben mit den 3 Hauptf\u00e4chern der\u00a0Grundschule &amp; einer Blankozeile;\u00a0Tabelle des Schultages &amp; der Hausaufgaben von der 1. &#8211; 6. Stunde<\/li>\n<\/ul>\n<\/li>\n<\/ul>\n<p>Dies ist ein <strong>digitaler Download.<\/strong><\/p>\n<\/div>\n<\/div>\n<\/div>\n<\/div>\n<\/div>\n<\/div>\n<\/div>\n<\/div>\n<p>Dateiformat: \u00a01 PDF<\/p>\n<p>Alle Cliparts &amp; Fonts: Peanut&#8217;s Peanuts<\/p>\n<p>Je nach Drucker k\u00f6nnen die Farben etwas abweichen.<\/p>\n<p>&nbsp;<\/p>\n<p><i>Alle digitalen\/downloadbaren Produkte sind nur f\u00fcr den privaten, eigenen Gebrauch bestimmt. Sie d\u00fcrfen nicht weiterverkauft oder f\u00fcr kommerzielle\u00a0Zwecke genutzt werden! Sie sind von Umtausch und von der R\u00fcckgabe ausgeschlossen. Auch d\u00fcrfen sie nicht ver\u00e4ndert werden. Eine Vervielf\u00e4ltigung kann zum privaten Gebrauch erstellt werden. Die Sticker sind ausschlie\u00dflich f\u00fcr die private Nutzung\u00a0innerhalb des Planers zu verwenden. Bei Ver\u00f6ffentlichungen (z.B. in den Sozialen Netzwerken) muss zwingend der Verweis zu Peanut&#8217;s Peanuts angegeben werden.<\/i><\/p>\n","protected":false},"excerpt":{"rendered":"<p>Dieser Download entha\u0308lt ein Deckblatt und eine Zusammenfassung f\u00fcr die Krankenmappe in 4 verschiedenen Ausf\u00fchrungen und 2 Designs jeweils in Farbe und [&hellip;]<\/p>\n","protected":false},"featured_media":6724,"comment_status":"open","ping_status":"closed","template":"","meta":[],"product_cat":[240],"product_tag":[166,177,241,225,235],"post_mailing_queue_ids":[],"_links":{"self":[{"href":"https:\/\/peanutspeanuts.de\/index.php?rest_route=\/wp\/v2\/product\/6712"}],"collection":[{"href":"https:\/\/peanutspeanuts.de\/index.php?rest_route=\/wp\/v2\/product"}],"about":[{"href":"https:\/\/peanutspeanuts.de\/index.php?rest_route=\/wp\/v2\/types\/product"}],"replies":[{"embeddable":true,"href":"https:\/\/peanutspeanuts.de\/index.php?rest_route=%2Fwp%2Fv2%2Fcomments&post=6712"}],"wp:featuredmedia":[{"embeddable":true,"href":"https:\/\/peanutspeanuts.de\/index.php?rest_route=\/wp\/v2\/media\/6724"}],"wp:attachment":[{"href":"https:\/\/peanutspeanuts.de\/index.php?rest_route=%2Fwp%2Fv2%2Fmedia&parent=6712"}],"wp:term":[{"taxonomy":"product_cat","embeddable":true,"href":"https:\/\/peanutspeanuts.de\/index.php?rest_route=%2Fwp%2Fv2%2Fproduct_cat&post=6712"},{"taxonomy":"product_tag","embeddable":true,"href":"https:\/\/peanutspeanuts.de\/index.php?rest_route=%2Fwp%2Fv2%2Fproduct_tag&post=6712"}],"curies":[{"name":"wp","href":"https:\/\/api.w.org\/{rel}","templated":true}]}}