{"id":6773,"date":"2024-12-15T11:18:36","date_gmt":"2024-12-15T10:18:36","guid":{"rendered":"https:\/\/peanutspeanuts.de\/?post_type=product&#038;p=6773"},"modified":"2024-12-17T00:00:10","modified_gmt":"2024-12-16T23:00:10","slug":"karte-geschenkanhaenger-thanks-for-helping-me-grow-weihnachtsedition","status":"publish","type":"product","link":"https:\/\/peanutspeanuts.de\/?product=karte-geschenkanhaenger-thanks-for-helping-me-grow-weihnachtsedition","title":{"rendered":"Karte &#038; Geschenkanh\u00e4nger &#8211; Thanks for helping me grow (Weihnachtsedition)"},"content":{"rendered":"<p>Hier findest du die passende Karte, um sich z.B. bei den Lehrer:innen, Erzieher:innen oder liebsten Menschen zur Weihnachtszeit zu bedanken.<\/p>\n<p>Von innen kannst du die Karten nach deinen Vorstellungen\u00a0gestalten.<\/p>\n<p>Dateiformat: \u00a01 PDF<\/p>\n<p>Alle Quellenangaben sind im Dokument enthalten.<\/p>\n<p>Je nach Drucker k\u00f6nnen die Farben etwas abweichen.<\/p>\n<p>&nbsp;<\/p>\n<p><i>Alle digitalen\/downloadbaren Produkte sind nur f\u00fcr den privaten, eigenen Gebrauch bestimmt. Sie d\u00fcrfen nicht weiterverkauft oder f\u00fcr kommerzielle\u00a0Zwecke genutzt werden! Sie sind von Umtausch und von der R\u00fcckgabe ausgeschlossen. Auch d\u00fcrfen sie nicht ver\u00e4ndert werden. Eine Vervielf\u00e4ltigung kann zum privaten Gebrauch erstellt werden. Die Sticker sind ausschlie\u00dflich f\u00fcr die private Nutzung\u00a0innerhalb des Planers zu verwenden. Bei Ver\u00f6ffentlichungen (z.B. in den Sozialen Netzwerken) muss zwingend der Verweis zu Peanut&#8217;s Peanuts angegeben werden.<\/i><\/p>\n","protected":false},"excerpt":{"rendered":"<p>Hier findest du die passende Karte, um sich z.B. bei den Lehrer:innen, Erzieher:innen oder liebsten Menschen zur Weihnachtszeit zu bedanken. Von innen [&hellip;]<\/p>\n","protected":false},"featured_media":6769,"comment_status":"open","ping_status":"closed","template":"","meta":[],"product_cat":[258],"product_tag":[],"post_mailing_queue_ids":[],"_links":{"self":[{"href":"https:\/\/peanutspeanuts.de\/index.php?rest_route=\/wp\/v2\/product\/6773"}],"collection":[{"href":"https:\/\/peanutspeanuts.de\/index.php?rest_route=\/wp\/v2\/product"}],"about":[{"href":"https:\/\/peanutspeanuts.de\/index.php?rest_route=\/wp\/v2\/types\/product"}],"replies":[{"embeddable":true,"href":"https:\/\/peanutspeanuts.de\/index.php?rest_route=%2Fwp%2Fv2%2Fcomments&post=6773"}],"wp:featuredmedia":[{"embeddable":true,"href":"https:\/\/peanutspeanuts.de\/index.php?rest_route=\/wp\/v2\/media\/6769"}],"wp:attachment":[{"href":"https:\/\/peanutspeanuts.de\/index.php?rest_route=%2Fwp%2Fv2%2Fmedia&parent=6773"}],"wp:term":[{"taxonomy":"product_cat","embeddable":true,"href":"https:\/\/peanutspeanuts.de\/index.php?rest_route=%2Fwp%2Fv2%2Fproduct_cat&post=6773"},{"taxonomy":"product_tag","embeddable":true,"href":"https:\/\/peanutspeanuts.de\/index.php?rest_route=%2Fwp%2Fv2%2Fproduct_tag&post=6773"}],"curies":[{"name":"wp","href":"https:\/\/api.w.org\/{rel}","templated":true}]}}