{"id":6984,"date":"2025-06-12T10:50:57","date_gmt":"2025-06-12T08:50:57","guid":{"rendered":"https:\/\/peanutspeanuts.de\/?post_type=product&#038;p=6984"},"modified":"2025-07-04T01:00:30","modified_gmt":"2025-07-03T23:00:30","slug":"abschiedsgeschenk-fuer-lehrerinnen-oder-erzieherinnen","status":"publish","type":"product","link":"https:\/\/peanutspeanuts.de\/?product=abschiedsgeschenk-fuer-lehrerinnen-oder-erzieherinnen","title":{"rendered":"Abschiedsgeschenk f\u00fcr Lehrer:innen oder Erzieher:innen"},"content":{"rendered":"<div class=\"page\" title=\"Page 1\">\n<div class=\"section\">\n<div class=\"layoutArea\">\n<div class=\"column\">\n<div class=\"page\" title=\"Page 1\">\n<div class=\"section\">\n<div class=\"layoutArea\">\n<div class=\"column\">\n<p>Abschiedsgeschenk mit Fingerabdruck (z.B. passend zu den Ferien)<\/p>\n<p>Dieses Bild la\u0308sst sich prima als ein Abschiedsgeschenk fu\u0308r Lehrer:innen oder Erzieher:innen vorbereiten.<br \/>\nEinfach ausdrucken, mit Stempelfarbe die Fingerabdru\u0308cke als Blu\u0308ten festhalten (s. Beispielbild), einrahmen und fertig.<\/p>\n<p>Dieser Download entha\u0308lt folgendes:<br \/>\n\u2022 1 Druckvorlage fu\u0308r das Abschiedsgeschenk<\/p>\n<p>Auf dem Bild siehst du hier 23 Blu\u0308ten. Man kann aber leicht die Blu\u0308ten durch mehrere Fingerabdru\u0308cke formen, sodass mehr als 23 Kinder mitschenken ko\u0308nnen.<br \/>\nEs besteht ebenfalls die Mo\u0308glichkeit, dass die Kinder den Blumentopf gestalten. Allerdings habe ich bewusst durch das minimalistische Farbdesign die Blu\u0308ten in den Fokus gestellt.<\/p>\n<p>&nbsp;<\/p>\n<\/div>\n<\/div>\n<\/div>\n<\/div>\n<p>Dies ist ein <strong>digitaler Download.\u00a0<\/strong><\/p>\n<p>Dateiformat: \u00a01 PDF<\/p>\n<\/div>\n<\/div>\n<\/div>\n<\/div>\n<p>Alle Cliparts &amp; Fonts: Peanut&#8217;s Peanuts<\/p>\n<p>Weitere Quellenangaben sind im Dokument enthalten.<\/p>\n<p>Je nach Drucker k\u00f6nnen die Farben etwas abweichen.<\/p>\n<p>&nbsp;<\/p>\n<p><i>Alle digitalen\/downloadbaren Produkte sind nur f\u00fcr den privaten, eigenen Gebrauch bestimmt. Sie d\u00fcrfen nicht weiterverkauft oder f\u00fcr kommerzielle\u00a0Zwecke genutzt werden! Sie sind von Umtausch und von der R\u00fcckgabe ausgeschlossen. Auch d\u00fcrfen sie nicht ver\u00e4ndert werden. Eine Vervielf\u00e4ltigung kann zum privaten Gebrauch erstellt werden. Die Sticker sind ausschlie\u00dflich f\u00fcr die private Nutzung\u00a0innerhalb des Planers zu verwenden. Bei Ver\u00f6ffentlichungen (z.B. in den Sozialen Netzwerken) muss zwingend der Verweis zu Peanut&#8217;s Peanuts angegeben werden.<\/i><\/p>\n","protected":false},"excerpt":{"rendered":"<p>Abschiedsgeschenk mit Fingerabdruck (z.B. passend zu den Ferien) Dieses Bild la\u0308sst sich prima als ein Abschiedsgeschenk fu\u0308r Lehrer:innen oder Erzieher:innen vorbereiten. Einfach [&hellip;]<\/p>\n","protected":false},"featured_media":6988,"comment_status":"open","ping_status":"closed","template":"","meta":[],"product_cat":[258],"product_tag":[295,259,173,166,282,177,266,241,225,272,235],"post_mailing_queue_ids":[],"_links":{"self":[{"href":"https:\/\/peanutspeanuts.de\/index.php?rest_route=\/wp\/v2\/product\/6984"}],"collection":[{"href":"https:\/\/peanutspeanuts.de\/index.php?rest_route=\/wp\/v2\/product"}],"about":[{"href":"https:\/\/peanutspeanuts.de\/index.php?rest_route=\/wp\/v2\/types\/product"}],"replies":[{"embeddable":true,"href":"https:\/\/peanutspeanuts.de\/index.php?rest_route=%2Fwp%2Fv2%2Fcomments&post=6984"}],"wp:featuredmedia":[{"embeddable":true,"href":"https:\/\/peanutspeanuts.de\/index.php?rest_route=\/wp\/v2\/media\/6988"}],"wp:attachment":[{"href":"https:\/\/peanutspeanuts.de\/index.php?rest_route=%2Fwp%2Fv2%2Fmedia&parent=6984"}],"wp:term":[{"taxonomy":"product_cat","embeddable":true,"href":"https:\/\/peanutspeanuts.de\/index.php?rest_route=%2Fwp%2Fv2%2Fproduct_cat&post=6984"},{"taxonomy":"product_tag","embeddable":true,"href":"https:\/\/peanutspeanuts.de\/index.php?rest_route=%2Fwp%2Fv2%2Fproduct_tag&post=6984"}],"curies":[{"name":"wp","href":"https:\/\/api.w.org\/{rel}","templated":true}]}}