{"id":7061,"date":"2025-08-05T20:12:00","date_gmt":"2025-08-05T18:12:00","guid":{"rendered":"https:\/\/peanutspeanuts.de\/?post_type=product&#038;p=7061"},"modified":"2025-08-07T01:01:18","modified_gmt":"2025-08-06T23:01:18","slug":"duftes-3-schuljahr-kleiner-gruss-zum-schulanfang","status":"publish","type":"product","link":"https:\/\/peanutspeanuts.de\/?product=duftes-3-schuljahr-kleiner-gruss-zum-schulanfang","title":{"rendered":"Duftes 3. Schuljahr &#8211; kleiner Gru\u00df zum Schulanfang"},"content":{"rendered":"<p>Dieser <strong>digitale Download<\/strong>\u00a0ist auf Wunsch einer Followerin entstanden.\u00a0Er enth\u00e4lt 1 PDF mit einem &#8220;duften&#8221; Schulanfangsgru\u00df \u00a0(s. Bilder).<\/p>\n<p>Es ist 1 DinA4 Seite, die 4 Gr\u00fc\u00dfe mit Schneidemarkierungen enth\u00e4lt.<\/p>\n<p>Mit duftenden Radiergummis (gibt es oft z.B. beim g\u00fcnstigen Holl\u00e4nder mit &#8220;A&#8221;) ist der Gru\u00df perfekt! \ud83d\ude42<\/p>\n<p>&nbsp;<\/p>\n<p>Dies ist ein digitaler Download.<\/p>\n<p>Dateiformat: \u00a01 PDF<\/p>\n<p>Alle Cliparts &amp; Fonts: Peanut&#8217;s Peanuts<\/p>\n<p>Je nach Drucker k\u00f6nnen die Farben etwas abweichen.<\/p>\n<p>&nbsp;<\/p>\n<p><i>Alle digitalen\/downloadbaren Produkte sind nur f\u00fcr den privaten, eigenen Gebrauch bestimmt. Sie d\u00fcrfen nicht weiterverkauft oder f\u00fcr kommerzielle\u00a0Zwecke genutzt werden! Sie sind von Umtausch und von der R\u00fcckgabe ausgeschlossen. Auch d\u00fcrfen sie nicht ver\u00e4ndert werden. Eine Vervielf\u00e4ltigung kann zum privaten Gebrauch erstellt werden. Die Sticker sind ausschlie\u00dflich f\u00fcr die private Nutzung\u00a0innerhalb des Planers zu verwenden. Bei Ver\u00f6ffentlichungen (z.B. in den Sozialen Netzwerken) muss zwingend der Verweis zu Peanut&#8217;s Peanuts angegeben werden.<\/i><\/p>\n","protected":false},"excerpt":{"rendered":"<p>Dieser digitale Download\u00a0ist auf Wunsch einer Followerin entstanden.\u00a0Er enth\u00e4lt 1 PDF mit einem &#8220;duften&#8221; Schulanfangsgru\u00df \u00a0(s. Bilder). Es ist 1 DinA4 Seite, [&hellip;]<\/p>\n","protected":false},"featured_media":7067,"comment_status":"open","ping_status":"closed","template":"","meta":[],"product_cat":[240],"product_tag":[244,177,241,225],"post_mailing_queue_ids":[],"_links":{"self":[{"href":"https:\/\/peanutspeanuts.de\/index.php?rest_route=\/wp\/v2\/product\/7061"}],"collection":[{"href":"https:\/\/peanutspeanuts.de\/index.php?rest_route=\/wp\/v2\/product"}],"about":[{"href":"https:\/\/peanutspeanuts.de\/index.php?rest_route=\/wp\/v2\/types\/product"}],"replies":[{"embeddable":true,"href":"https:\/\/peanutspeanuts.de\/index.php?rest_route=%2Fwp%2Fv2%2Fcomments&post=7061"}],"wp:featuredmedia":[{"embeddable":true,"href":"https:\/\/peanutspeanuts.de\/index.php?rest_route=\/wp\/v2\/media\/7067"}],"wp:attachment":[{"href":"https:\/\/peanutspeanuts.de\/index.php?rest_route=%2Fwp%2Fv2%2Fmedia&parent=7061"}],"wp:term":[{"taxonomy":"product_cat","embeddable":true,"href":"https:\/\/peanutspeanuts.de\/index.php?rest_route=%2Fwp%2Fv2%2Fproduct_cat&post=7061"},{"taxonomy":"product_tag","embeddable":true,"href":"https:\/\/peanutspeanuts.de\/index.php?rest_route=%2Fwp%2Fv2%2Fproduct_tag&post=7061"}],"curies":[{"name":"wp","href":"https:\/\/api.w.org\/{rel}","templated":true}]}}