{"id":7263,"date":"2026-01-09T16:51:35","date_gmt":"2026-01-09T15:51:35","guid":{"rendered":"https:\/\/peanutspeanuts.de\/?post_type=product&#038;p=7263"},"modified":"2026-02-09T00:00:18","modified_gmt":"2026-02-08T23:00:18","slug":"superhelden-effekt-supereule","status":"publish","type":"product","link":"https:\/\/peanutspeanuts.de\/?product=superhelden-effekt-supereule","title":{"rendered":"Superhelden-Effekt &#8211; Supereule"},"content":{"rendered":"<div class=\"page\" title=\"Page 1\">\n<div class=\"section\">\n<div class=\"layoutArea\">\n<div class=\"column\">\n<p>Update 09.01.2026 &#8211; Superheld &#8211; Eule ideal f\u00fcr eine Eulenklasse!<\/p>\n<p>Der Superhelden-Effekt ist toll. Er ist leicht umsetzbar, ben\u00f6tigt kein Material und steigert nachweislich das Selbstvertrauen.<\/p>\n<p>Dieser Download enth\u00e4lt:<\/p>\n<ul>\n<li>1 Beschreibung mit dem Ablauf und dem Sinn des Superhelden-Effekts<\/li>\n<li>2 verschiedene Poster f\u00fcr den Klassenraum in DinA4 oder auch f\u00fcr die Federtasche (2 verschiedene Affirmationen; s. Bilder)<\/li>\n<\/ul>\n<\/div>\n<\/div>\n<\/div>\n<\/div>\n<p>Dies ist ein <strong>digitaler Download.<\/strong><\/p>\n<p>Dateiformat: \u00a01 PDF<\/p>\n<p>Alle Quellenangaben sind im Dokument enthalten.<\/p>\n<p>Je nach Drucker k\u00f6nnen die Farben etwas abweichen.<\/p>\n<p>&nbsp;<\/p>\n<p>HINWEIS: Es gibt auch 3 \u00e4ltere (und g\u00fcnstigere) Versionen im Shop. Au\u00dferdem gibt es auch weitere Klassentiere z.B. L\u00f6we, Fuchs, Fledermaus, Erdm\u00e4nnchen&#8230;<\/p>\n<p>&nbsp;<\/p>\n<p><i>Alle digitalen\/downloadbaren Produkte sind nur f\u00fcr den privaten, eigenen Gebrauch bestimmt. Sie d\u00fcrfen nicht weiterverkauft oder f\u00fcr kommerzielle\u00a0Zwecke genutzt werden! Sie sind von Umtausch und von der R\u00fcckgabe ausgeschlossen. Auch d\u00fcrfen sie nicht ver\u00e4ndert werden. Eine Vervielf\u00e4ltigung kann zum privaten Gebrauch erstellt werden. Die Sticker sind ausschlie\u00dflich f\u00fcr die private Nutzung\u00a0innerhalb des Planers zu verwenden. Bei Ver\u00f6ffentlichungen (z.B. in den Sozialen Netzwerken) muss zwingend der Verweis zu Peanut&#8217;s Peanuts angegeben werden.<\/i><\/p>\n","protected":false},"excerpt":{"rendered":"<p>Update 09.01.2026 &#8211; Superheld &#8211; Eule ideal f\u00fcr eine Eulenklasse! Der Superhelden-Effekt ist toll. Er ist leicht umsetzbar, ben\u00f6tigt kein Material und [&hellip;]<\/p>\n","protected":false},"featured_media":7264,"comment_status":"open","ping_status":"closed","template":"","meta":[],"product_cat":[240],"product_tag":[173,166,289,177,241,225,235],"post_mailing_queue_ids":[],"_links":{"self":[{"href":"https:\/\/peanutspeanuts.de\/index.php?rest_route=\/wp\/v2\/product\/7263"}],"collection":[{"href":"https:\/\/peanutspeanuts.de\/index.php?rest_route=\/wp\/v2\/product"}],"about":[{"href":"https:\/\/peanutspeanuts.de\/index.php?rest_route=\/wp\/v2\/types\/product"}],"replies":[{"embeddable":true,"href":"https:\/\/peanutspeanuts.de\/index.php?rest_route=%2Fwp%2Fv2%2Fcomments&post=7263"}],"wp:featuredmedia":[{"embeddable":true,"href":"https:\/\/peanutspeanuts.de\/index.php?rest_route=\/wp\/v2\/media\/7264"}],"wp:attachment":[{"href":"https:\/\/peanutspeanuts.de\/index.php?rest_route=%2Fwp%2Fv2%2Fmedia&parent=7263"}],"wp:term":[{"taxonomy":"product_cat","embeddable":true,"href":"https:\/\/peanutspeanuts.de\/index.php?rest_route=%2Fwp%2Fv2%2Fproduct_cat&post=7263"},{"taxonomy":"product_tag","embeddable":true,"href":"https:\/\/peanutspeanuts.de\/index.php?rest_route=%2Fwp%2Fv2%2Fproduct_tag&post=7263"}],"curies":[{"name":"wp","href":"https:\/\/api.w.org\/{rel}","templated":true}]}}