{"id":7338,"date":"2026-02-05T17:00:29","date_gmt":"2026-02-05T16:00:29","guid":{"rendered":"https:\/\/peanutspeanuts.de\/?post_type=product&#038;p=7338"},"modified":"2026-03-06T13:45:17","modified_gmt":"2026-03-06T12:45:17","slug":"bewegungslesekette-2","status":"publish","type":"product","link":"https:\/\/peanutspeanuts.de\/?product=bewegungslesekette-2","title":{"rendered":"Bewegungslesekette"},"content":{"rendered":"<div class=\"page\" title=\"Page 1\">\n<div class=\"section\">\n<div class=\"layoutArea\">\n<div class=\"column\">\n<p>Dieser Download enth\u00e4lt folgendes:<\/p>\n<ul>\n<li>eine Lesekette bestehend aus 24 Lesekarten im Konfettidesign, um Bewegungen spielerisch in den Unterricht zu integrieren.<\/li>\n<\/ul>\n<p>Die Lesekette ist f\u00fcr Kinder ab der 4. Klasse geeignet, da z.B. die Pr\u00e4teritumform eines Verbes gefragt wird.<\/p>\n<div class=\"page\" title=\"Page 1\">\n<div class=\"section\">\n<div class=\"layoutArea\">\n<div class=\"column\">\n<p><strong>Spielanleitung<\/strong>: Jede\/r Schu\u0308ler\/in erha\u0308lt eine Karte. Das Kind mit der ersten Karte (gr\u00fcne Ampelkarte &#8211; \u201cDu beginnst das Spiel.\u201c) liest diese vor und fu\u0308hrt die dort beschriebene Ta\u0308tigkeit aus. Danach liest das na\u0308chste Kind, dessen Text zur ersten Karte passt, seine Karte vor und fu\u0308hrt die dort beschriebene Ta\u0308tigkeit aus. Das erste Kind kann sich dann wieder setzen. Nach und nach liest jedes Kind seine Karte vor bis die Klasse bei der letzten Karte (rote Ampelkarte) angekommen ist.<\/p>\n<p>Etwas schwieriger wird das Spiel, wenn das Kind immer nur den Auftrag auf der Lesekarte ausf\u00fchrt, ohne die Karte vorzulesen.<\/p>\n<p>&nbsp;<\/p>\n<\/div>\n<\/div>\n<\/div>\n<\/div>\n<p>Dies ist ein <strong>digitaler Download.\u00a0<\/strong><\/p>\n<p>Dateiformat: \u00a01 PDF<\/p>\n<\/div>\n<\/div>\n<\/div>\n<\/div>\n<p>Alle Cliparts &amp; Fonts: siehe Quellenangaben im Dokument<\/p>\n<p>Je nach Drucker k\u00f6nnen die Farben etwas abweichen.<\/p>\n<p>&nbsp;<\/p>\n<p><i>Alle digitalen\/downloadbaren Produkte sind nur f\u00fcr den privaten, eigenen Gebrauch bestimmt. Sie d\u00fcrfen nicht weiterverkauft oder f\u00fcr kommerzielle\u00a0Zwecke genutzt werden! Sie sind von Umtausch und von der R\u00fcckgabe ausgeschlossen. Auch d\u00fcrfen sie nicht ver\u00e4ndert werden. Eine Vervielf\u00e4ltigung kann zum privaten Gebrauch erstellt werden. Die Sticker sind ausschlie\u00dflich f\u00fcr die private Nutzung\u00a0innerhalb des Planers zu verwenden. Bei Ver\u00f6ffentlichungen (z.B. in den Sozialen Netzwerken) muss zwingend der Verweis zu Peanut&#8217;s Peanuts angegeben werden.<\/i><\/p>\n","protected":false},"excerpt":{"rendered":"<p>Dieser Download enth\u00e4lt folgendes: eine Lesekette bestehend aus 24 Lesekarten im Konfettidesign, um Bewegungen spielerisch in den Unterricht zu integrieren. Die Lesekette [&hellip;]<\/p>\n","protected":false},"featured_media":7333,"comment_status":"open","ping_status":"closed","template":"","meta":[],"product_cat":[262],"product_tag":[232,173,166,177,241,293,225,235,168],"post_mailing_queue_ids":[],"_links":{"self":[{"href":"https:\/\/peanutspeanuts.de\/index.php?rest_route=\/wp\/v2\/product\/7338"}],"collection":[{"href":"https:\/\/peanutspeanuts.de\/index.php?rest_route=\/wp\/v2\/product"}],"about":[{"href":"https:\/\/peanutspeanuts.de\/index.php?rest_route=\/wp\/v2\/types\/product"}],"replies":[{"embeddable":true,"href":"https:\/\/peanutspeanuts.de\/index.php?rest_route=%2Fwp%2Fv2%2Fcomments&post=7338"}],"wp:featuredmedia":[{"embeddable":true,"href":"https:\/\/peanutspeanuts.de\/index.php?rest_route=\/wp\/v2\/media\/7333"}],"wp:attachment":[{"href":"https:\/\/peanutspeanuts.de\/index.php?rest_route=%2Fwp%2Fv2%2Fmedia&parent=7338"}],"wp:term":[{"taxonomy":"product_cat","embeddable":true,"href":"https:\/\/peanutspeanuts.de\/index.php?rest_route=%2Fwp%2Fv2%2Fproduct_cat&post=7338"},{"taxonomy":"product_tag","embeddable":true,"href":"https:\/\/peanutspeanuts.de\/index.php?rest_route=%2Fwp%2Fv2%2Fproduct_tag&post=7338"}],"curies":[{"name":"wp","href":"https:\/\/api.w.org\/{rel}","templated":true}]}}