{"id":7367,"date":"2026-03-06T09:45:53","date_gmt":"2026-03-06T08:45:53","guid":{"rendered":"https:\/\/peanutspeanuts.de\/?post_type=product&#038;p=7367"},"modified":"2026-03-09T00:00:05","modified_gmt":"2026-03-08T23:00:05","slug":"neue-lesekette-mit-bewegungen-und-spass","status":"publish","type":"product","link":"https:\/\/peanutspeanuts.de\/?product=neue-lesekette-mit-bewegungen-und-spass","title":{"rendered":"Neue Lesekette mit Bewegungen und Spa\u00df"},"content":{"rendered":"<div class=\"page\" title=\"Page 1\">\n<div class=\"section\">\n<div class=\"layoutArea\">\n<div class=\"column\">\n<p>Suchst Du eine aktive und motivierende Methode, um Deine Sch\u00fcler*innen im Deutschunterricht zu begeistern? Mit dieser Bewegungslesekette \u00fcben sie spielerisch das Lasen und bleiben dabei in Bewegung! Das Material ist perfekt, um Lesekompetenz und Spa\u00df zu f\u00f6rdern.<\/p>\n<p>So funktioniert die Bewegungslesekette:<\/p>\n<p>Jede*r Sch\u00fcler*in erh\u00e4lt eine Karte. Das Spiel beginnt mit der gr\u00fcnen Ampelkarte. Die Person mit dieser Karte liest ihre Aufgabe durch und f\u00fchrt die beschriebene Aufgabe aus. Danach sucht die n\u00e4chste Person, deren Karte zum gelesenen Text passt, liest ihre Aufgabe durch und macht die Aktion. So geht es reihum, bis alle Karten gelesen und die rote Ampelkarte erreicht ist. Die Lesekette ist ideal, um den Unterricht lebendig zu gestalten und eignet sich besonders gut ab Klasse 4.<\/p>\n<p>Dieser Download enth\u00e4lt:<\/p>\n<ul>\n<li>Eine komplette Lesekette mit 24 liebevoll gestalteten Karten.<\/li>\n<li>Jede Karte enth\u00e4lt eine klare Leseaufgabe.<\/li>\n<li>Start- und Endkarten (gr\u00fcne und rote Ampel) leiten das Spiel ein und beenden es.<\/li>\n<li>Vielf\u00e4ltige Aufgaben, die z. B. grammatikalische Strukturen wie das Pr\u00e4teritum von Verben und die Steigerung von Adjektiven abfragen.<\/li>\n<li>Zus\u00e4tzliche \u00dcbungen zu englischen W\u00f6rtern und dem kleinen Einmaleins sorgen f\u00fcr Abwechslung.<\/li>\n<\/ul>\n<p>Deine Sch\u00fcler*innen lernen und verbessern mit diesem Material:<\/p>\n<ul>\n<li>Lesekompetenz st\u00e4rken: Sie \u00fcben das genaue Lesen und Verstehen von Anweisungen.<\/li>\n<li>Konzentration f\u00f6rdern: Das aufmerksame Zuh\u00f6ren und das Finden der passenden Folgekarte schulen die Konzentration.<\/li>\n<li>Bewegung integrieren: Die eingebauten Bewegungsaufgaben bringen Abwechslung und f\u00f6rdern die k\u00f6rperliche Aktivit\u00e4t im Klassenzimmer.<\/li>\n<li>Soziale Kompetenzen entwickeln: Durch das gemeinsame Spiel lernen die Sch\u00fcler*innen, sich abzuwechseln und aufeinander zu achten. Auch das genaue Zuh\u00f6ren wird ge\u00fcbt.<\/li>\n<\/ul>\n<p>Dieser Download enth\u00e4lt folgendes:<\/p>\n<ul>\n<li>eine Lesekette bestehend aus 24 Lesekarten im Konfettidesign, um Bewegungen spielerisch in den Unterricht zu integrieren.<\/li>\n<\/ul>\n<div class=\"page\" title=\"Page 1\">\n<div class=\"section\">\n<div class=\"layoutArea\"><\/div>\n<\/div>\n<\/div>\n<p>Dies ist ein <strong>digitaler Download.\u00a0<\/strong><\/p>\n<p>Dateiformat: \u00a01 PDF<\/p>\n<\/div>\n<\/div>\n<\/div>\n<\/div>\n<p>Alle Cliparts &amp; Fonts: siehe Quellenangaben im Dokument<\/p>\n<p>Je nach Drucker k\u00f6nnen die Farben etwas abweichen.<\/p>\n<p>&nbsp;<\/p>\n<p><i>Alle digitalen\/downloadbaren Produkte sind nur f\u00fcr den privaten, eigenen Gebrauch bestimmt. Sie d\u00fcrfen nicht weiterverkauft oder f\u00fcr kommerzielle\u00a0Zwecke genutzt werden! Sie sind von Umtausch und von der R\u00fcckgabe ausgeschlossen. Auch d\u00fcrfen sie nicht ver\u00e4ndert werden. Eine Vervielf\u00e4ltigung kann zum privaten Gebrauch erstellt werden. Die Sticker sind ausschlie\u00dflich f\u00fcr die private Nutzung\u00a0innerhalb des Planers zu verwenden. Bei Ver\u00f6ffentlichungen (z.B. in den Sozialen Netzwerken) muss zwingend der Verweis zu Peanut&#8217;s Peanuts angegeben werden.<\/i><\/p>\n","protected":false},"excerpt":{"rendered":"<p>Suchst Du eine aktive und motivierende Methode, um Deine Sch\u00fcler*innen im Deutschunterricht zu begeistern? Mit dieser Bewegungslesekette \u00fcben sie spielerisch das Lasen [&hellip;]<\/p>\n","protected":false},"featured_media":7376,"comment_status":"open","ping_status":"closed","template":"","meta":[],"product_cat":[262],"product_tag":[232,173,166,177,241,293,225,235,168],"post_mailing_queue_ids":[],"_links":{"self":[{"href":"https:\/\/peanutspeanuts.de\/index.php?rest_route=\/wp\/v2\/product\/7367"}],"collection":[{"href":"https:\/\/peanutspeanuts.de\/index.php?rest_route=\/wp\/v2\/product"}],"about":[{"href":"https:\/\/peanutspeanuts.de\/index.php?rest_route=\/wp\/v2\/types\/product"}],"replies":[{"embeddable":true,"href":"https:\/\/peanutspeanuts.de\/index.php?rest_route=%2Fwp%2Fv2%2Fcomments&post=7367"}],"wp:featuredmedia":[{"embeddable":true,"href":"https:\/\/peanutspeanuts.de\/index.php?rest_route=\/wp\/v2\/media\/7376"}],"wp:attachment":[{"href":"https:\/\/peanutspeanuts.de\/index.php?rest_route=%2Fwp%2Fv2%2Fmedia&parent=7367"}],"wp:term":[{"taxonomy":"product_cat","embeddable":true,"href":"https:\/\/peanutspeanuts.de\/index.php?rest_route=%2Fwp%2Fv2%2Fproduct_cat&post=7367"},{"taxonomy":"product_tag","embeddable":true,"href":"https:\/\/peanutspeanuts.de\/index.php?rest_route=%2Fwp%2Fv2%2Fproduct_tag&post=7367"}],"curies":[{"name":"wp","href":"https:\/\/api.w.org\/{rel}","templated":true}]}}