{"id":7383,"date":"2026-03-15T18:07:07","date_gmt":"2026-03-15T17:07:07","guid":{"rendered":"https:\/\/peanutspeanuts.de\/?post_type=product&#038;p=7383"},"modified":"2026-03-22T00:00:11","modified_gmt":"2026-03-21T23:00:11","slug":"sachunterrichtassistent-schild-zum-umhaengen","status":"publish","type":"product","link":"https:\/\/peanutspeanuts.de\/?product=sachunterrichtassistent-schild-zum-umhaengen","title":{"rendered":"Sachunterrichtassistent &#8211; Schild zum Umh\u00e4ngen"},"content":{"rendered":"<div class=\"page\" title=\"Page 1\">\n<div class=\"section\">\n<div class=\"layoutArea\">\n<div class=\"column\">\n<div class=\"page\" title=\"Page 1\">\n<div class=\"section\">\n<div class=\"layoutArea\">\n<div class=\"column\">\n<p>Du suchst eine einfache und motivierende M\u00f6glichkeit, Deine Sch\u00fcler*innen aktiv in den Sachunterricht einzubinden? Mit diesen liebevoll gestalteten Schildern zum <b>Sachunterrichts-Assistenten<\/b> gibst Du ihnen die Chance, sichtbar Verantwortung zu \u00fcbernehmen und stolz ihre Rolle im Unterricht zu zeigen.<\/p>\n<h3>Was Du mit diesem Material bekommst:<\/h3>\n<ul>\n<li>Eine praktische <b>Druckvorlage f\u00fcr Schilder<\/b>, die Deine Sch\u00fcler*innen als &#8220;Sachunterrichts-Assistent*innen&#8221; kennzeichnen.<\/li>\n<li>Das Material enth\u00e4lt die Schilder in <b>zwei verschiedenen Gr\u00f6\u00dfen<\/b>, damit Du die passende Option f\u00fcr Deine Klasse ausw\u00e4hlen kannst.<\/li>\n<li>Ein <b>ansprechendes und kinderfreundliches Design<\/b>, das sofort begeistert und zum Mitmachen motiviert. (Auf dem Schild im Aquarell-Look sind zwei Grundschulkinder &#8211; ein Junge und ein M\u00e4dchen &#8211; zu sehen, die einen Laborkittel tragen. Der Junge hat Cochleaimplantate und h\u00e4lt eine gro\u00dfe Lupe in der Hand. Das M\u00e4dchen mit Brille ist mit Stift und Block bereit, Notizen zu machen.)<\/li>\n<li>Die Schilder sind <b>schnell und unkompliziert<\/b> einsatzbereit: Einfach ausdrucken, lochen und ein B\u00e4ndchen befestigen.<\/li>\n<li>Eine tolle M\u00f6glichkeit, Deine Sch\u00fcler*innen auf spielerische Weise in den Unterrichtsalltag einzubinden und ihnen <b>besondere Aufgaben<\/b> zu \u00fcbertragen.<\/li>\n<\/ul>\n<h3>Was Deine Sch\u00fcler*innen lernen und verbessern:<\/h3>\n<ul>\n<li><b>Verantwortungsbewusstsein:<\/b> Sie \u00fcbernehmen aktiv kleine Aufgaben und tragen so zur Gestaltung der Stunde bei.<\/li>\n<li><b>Selbstst\u00e4ndigkeit:<\/b> Beim Erledigen ihrer Assistent*innen-Aufgaben \u00fcben sie, eigenverantwortlich und zuverl\u00e4ssig zu handeln.<\/li>\n<li><b>Soziale Kompetenzen:<\/b> Sie lernen, anderen zu helfen, Materialien zu verteilen oder im Team zu agieren.<\/li>\n<li><b>Organisationstalent:<\/b> Praktische F\u00e4higkeiten wie das Verteilen von Arbeitsbl\u00e4ttern oder das Aufr\u00e4umen werden ganz nebenbei geschult.<\/li>\n<li><b>Selbstwertgef\u00fchl:<\/b> Das sichtbare Tragen des Schildes st\u00e4rkt ihr Vertrauen in die eigenen F\u00e4higkeiten und ihre Rolle in der Klassengemeinschaft.<\/li>\n<\/ul>\n<p>&nbsp;<\/p>\n<p>Ich habe die Erfahrung gemacht, dass Kinder diesen &#8220;Job&#8221; lieben, da sie unheimlich gerne Verantwortung im Unterricht \u00fcbernehmen. Ich nutze den Assistenten, um beispielsweise bei Versuchen zu assistieren oder auch um zu Beginn des Unterrichts spielerisch Inhalte der letzten Stunde zu wiederholen.<\/p>\n<\/div>\n<div class=\"column\">\n<p>Die Druckvorlage kommt in 2 verschiedenen Gr\u00f6\u00dfen.<\/p>\n<p>Dies ist ein <strong>digitaler Download.<\/strong><\/p>\n<\/div>\n<\/div>\n<\/div>\n<\/div>\n<\/div>\n<\/div>\n<\/div>\n<\/div>\n<p>Dateiformat: \u00a01 PDF<\/p>\n<p>Alle Cliparts &amp; Fonts: s. Dokument<\/p>\n<p>Je nach Drucker k\u00f6nnen die Farben etwas abweichen.<\/p>\n<p>&nbsp;<\/p>\n<p><i>Alle digitalen\/downloadbaren Produkte sind nur f\u00fcr den privaten, eigenen Gebrauch bestimmt. Sie d\u00fcrfen nicht weiterverkauft oder f\u00fcr kommerzielle\u00a0Zwecke genutzt werden! Sie sind von Umtausch und von der R\u00fcckgabe ausgeschlossen. Auch d\u00fcrfen sie nicht ver\u00e4ndert werden. Eine Vervielf\u00e4ltigung kann zum privaten Gebrauch erstellt werden. Die Sticker sind ausschlie\u00dflich f\u00fcr die private Nutzung\u00a0innerhalb des Planers zu verwenden. Bei Ver\u00f6ffentlichungen (z.B. in den Sozialen Netzwerken) muss zwingend der Verweis zu Peanut&#8217;s Peanuts angegeben werden.<\/i><\/p>\n","protected":false},"excerpt":{"rendered":"<p>Du suchst eine einfache und motivierende M\u00f6glichkeit, Deine Sch\u00fcler*innen aktiv in den Sachunterricht einzubinden? Mit diesen liebevoll gestalteten Schildern zum Sachunterrichts-Assistenten gibst [&hellip;]<\/p>\n","protected":false},"featured_media":7384,"comment_status":"open","ping_status":"closed","template":"","meta":[],"product_cat":[263],"product_tag":[242,166,177,241,228,225,235,300],"post_mailing_queue_ids":[],"_links":{"self":[{"href":"https:\/\/peanutspeanuts.de\/index.php?rest_route=\/wp\/v2\/product\/7383"}],"collection":[{"href":"https:\/\/peanutspeanuts.de\/index.php?rest_route=\/wp\/v2\/product"}],"about":[{"href":"https:\/\/peanutspeanuts.de\/index.php?rest_route=\/wp\/v2\/types\/product"}],"replies":[{"embeddable":true,"href":"https:\/\/peanutspeanuts.de\/index.php?rest_route=%2Fwp%2Fv2%2Fcomments&post=7383"}],"wp:featuredmedia":[{"embeddable":true,"href":"https:\/\/peanutspeanuts.de\/index.php?rest_route=\/wp\/v2\/media\/7384"}],"wp:attachment":[{"href":"https:\/\/peanutspeanuts.de\/index.php?rest_route=%2Fwp%2Fv2%2Fmedia&parent=7383"}],"wp:term":[{"taxonomy":"product_cat","embeddable":true,"href":"https:\/\/peanutspeanuts.de\/index.php?rest_route=%2Fwp%2Fv2%2Fproduct_cat&post=7383"},{"taxonomy":"product_tag","embeddable":true,"href":"https:\/\/peanutspeanuts.de\/index.php?rest_route=%2Fwp%2Fv2%2Fproduct_tag&post=7383"}],"curies":[{"name":"wp","href":"https:\/\/api.w.org\/{rel}","templated":true}]}}