{"id":7405,"date":"2026-04-05T17:07:41","date_gmt":"2026-04-05T15:07:41","guid":{"rendered":"https:\/\/peanutspeanuts.de\/?post_type=product&#038;p=7405"},"modified":"2026-04-05T17:13:46","modified_gmt":"2026-04-05T15:13:46","slug":"superhelden-effekt-superbiene","status":"publish","type":"product","link":"https:\/\/peanutspeanuts.de\/?product=superhelden-effekt-superbiene","title":{"rendered":"Superhelden-Effekt &#8211; Superbiene"},"content":{"rendered":"<div class=\"page\" title=\"Page 1\">\n<div class=\"section\">\n<div class=\"layoutArea\">\n<div class=\"column\">\n<p>M\u00f6chtest Du Deinen Sch\u00fcler*innen helfen, ihr Selbstvertrauen zu st\u00e4rken und Stress abzubauen? Entdecke den Superhelden-Effekt!<\/p>\n<p>Dieser Download bietet Dir alles, um den Superhelden-Effekt in Deiner Klasse einzuf\u00fchren und zu nutzen:<\/p>\n<ul>\n<li>Eine ausf\u00fchrliche Erl\u00e4uterung zum Superhelden-Effekt: Du erf\u00e4hrst, wie diese einfache Methode das Selbstvertrauen Deiner Sch\u00fcler*innen wissenschaftlich nachweislich st\u00e4rkt und Stress reduziert. Es geht um die Kraft der K\u00f6rperhaltung und wie sie unsere Hormone positiv beeinflusst.<\/li>\n<li>Zwei motivierende DIN A4 Poster: Mit den Affirmationen \u201eIch glaube an mich!\u201c und \u201eIch kann alles schaffen!\u201c \u2013 perfekt f\u00fcr Dein Klassenzimmer oder als Inspiration f\u00fcr zu Hause. Die Poster zeigen eine s\u00fc\u00dfe Biene im Superhelden-Outfit, die sofort gute Laune macht.<\/li>\n<li>Eine praktische Vorlage f\u00fcr vier kleine Federtaschenposter: Deine Sch\u00fcler*innen k\u00f6nnen diese Mini-Poster ausschneiden und in ihre Federtasche stecken. So haben sie ihre t\u00e4gliche Dosis Superhelden-Power immer dabei und werden immer wieder daran erinnert, wie stark sie sind!<\/li>\n<\/ul>\n<p>Mit diesem Material lernen Deine Sch\u00fcler*innen, wie sie&#8230;<\/p>\n<ul>\n<li>&#8230;ihr Selbstvertrauen aktiv st\u00e4rken k\u00f6nnen.<\/li>\n<li>&#8230;Stress vor Pr\u00fcfungen oder schwierigen Aufgaben effektiv abbauen.<\/li>\n<li>&#8230;eine positive Einstellung zu sich selbst entwickeln.<\/li>\n<li>&#8230;die Kraft ihrer K\u00f6rperhaltung nutzen, um sich stark und mutig zu f\u00fchlen.<\/li>\n<li>&#8230;sich selbst als Superheld*innen im Alltag wahrnehmen.<\/li>\n<\/ul>\n<p>Perfekt f\u00fcr deine Bienen-Klasse!<\/p>\n<p>Dies ist ein <strong>digitaler Download.<\/strong><\/p>\n<\/div>\n<\/div>\n<\/div>\n<\/div>\n<p>Dateiformat: \u00a01 PDF<\/p>\n<p>Alle Quellenangaben sind im Dokument enthalten.<\/p>\n<p>Je nach Drucker k\u00f6nnen die Farben etwas abweichen.<\/p>\n<p>&nbsp;<\/p>\n<p>HINWEIS: Es gibt auch 3 \u00e4ltere (und g\u00fcnstigere) Versionen im Shop. Au\u00dferdem gibt es auch weitere Klassentiere z.B. L\u00f6we, Fuchs, Fledermaus, Erdm\u00e4nnchen, Eule, Igel, Giraffe, Koala, Schildkr\u00f6te, Kolibri&#8230;<\/p>\n<p>&nbsp;<\/p>\n<p><i>Alle digitalen\/downloadbaren Produkte sind nur f\u00fcr den privaten, eigenen Gebrauch bestimmt. Sie d\u00fcrfen nicht weiterverkauft oder f\u00fcr kommerzielle\u00a0Zwecke genutzt werden! Sie sind von Umtausch und von der R\u00fcckgabe ausgeschlossen. Auch d\u00fcrfen sie nicht ver\u00e4ndert werden. Eine Vervielf\u00e4ltigung kann zum privaten Gebrauch erstellt werden. Die Sticker sind ausschlie\u00dflich f\u00fcr die private Nutzung\u00a0innerhalb des Planers zu verwenden. Bei Ver\u00f6ffentlichungen (z.B. in den Sozialen Netzwerken) muss zwingend der Verweis zu Peanut&#8217;s Peanuts angegeben werden.<\/i><\/p>\n","protected":false},"excerpt":{"rendered":"<p>M\u00f6chtest Du Deinen Sch\u00fcler*innen helfen, ihr Selbstvertrauen zu st\u00e4rken und Stress abzubauen? Entdecke den Superhelden-Effekt! Dieser Download bietet Dir alles, um den [&hellip;]<\/p>\n","protected":false},"featured_media":7406,"comment_status":"open","ping_status":"closed","template":"","meta":[],"product_cat":[240],"product_tag":[173,166,289,177,241,299,225,235],"post_mailing_queue_ids":[],"_links":{"self":[{"href":"https:\/\/peanutspeanuts.de\/index.php?rest_route=\/wp\/v2\/product\/7405"}],"collection":[{"href":"https:\/\/peanutspeanuts.de\/index.php?rest_route=\/wp\/v2\/product"}],"about":[{"href":"https:\/\/peanutspeanuts.de\/index.php?rest_route=\/wp\/v2\/types\/product"}],"replies":[{"embeddable":true,"href":"https:\/\/peanutspeanuts.de\/index.php?rest_route=%2Fwp%2Fv2%2Fcomments&post=7405"}],"wp:featuredmedia":[{"embeddable":true,"href":"https:\/\/peanutspeanuts.de\/index.php?rest_route=\/wp\/v2\/media\/7406"}],"wp:attachment":[{"href":"https:\/\/peanutspeanuts.de\/index.php?rest_route=%2Fwp%2Fv2%2Fmedia&parent=7405"}],"wp:term":[{"taxonomy":"product_cat","embeddable":true,"href":"https:\/\/peanutspeanuts.de\/index.php?rest_route=%2Fwp%2Fv2%2Fproduct_cat&post=7405"},{"taxonomy":"product_tag","embeddable":true,"href":"https:\/\/peanutspeanuts.de\/index.php?rest_route=%2Fwp%2Fv2%2Fproduct_tag&post=7405"}],"curies":[{"name":"wp","href":"https:\/\/api.w.org\/{rel}","templated":true}]}}