{"id":7428,"date":"2026-04-06T20:42:15","date_gmt":"2026-04-06T18:42:15","guid":{"rendered":"https:\/\/peanutspeanuts.de\/?post_type=product&#038;p=7428"},"modified":"2026-04-06T21:02:45","modified_gmt":"2026-04-06T19:02:45","slug":"13-diverse-gruesse-an-das-kollegium","status":"publish","type":"product","link":"https:\/\/peanutspeanuts.de\/?product=13-diverse-gruesse-an-das-kollegium","title":{"rendered":"13 diverse Gr\u00fc\u00dfe an das Kollegium"},"content":{"rendered":"<div class=\"page\" title=\"Page 1\">\n<div class=\"section\">\n<div class=\"layoutArea\">\n<div class=\"column\">\n<p data-pm-slice=\"1 3 []\">M\u00f6chtest Du Deinem Kollegium eine kleine Freude machen und Dich f\u00fcr die tolle Zusammenarbeit bedanken? Mit diesen vielf\u00e4ltigen Aufstellern gelingt Dir das im Handumdrehen!<\/p>\n<p>Dieser Download bietet Dir eine bunte Auswahl an 13 liebevoll gestalteten Aufstellern, die Du perfekt zu Deinen Leckereien stellen kannst. So zeigst Du Deinen Kolleg*innen auf charmante Weise, dass Du an sie denkst und ihre Arbeit sch\u00e4tzt.<\/p>\n<h3>Was Dich erwartet:<\/h3>\n<ul>\n<li>**Vielf\u00e4ltige Anl\u00e4sse:** Du findest passende Aufsteller f\u00fcr die wichtigsten Momente im Schuljahr und dar\u00fcber hinaus.<\/li>\n<li>**Festliche Gr\u00fc\u00dfe:** \u00dcberrasche Dein Kollegium zu Weihnachten, Ostern oder Karneval\/Fasching mit thematisch passenden Spr\u00fcchen und Designs.<\/li>\n<li>**Schulische Meilensteine:** Begr\u00fc\u00dfe Deine Kolleg*innen herzlich zum Schuljahresbeginn oder zum Start des zweiten Halbjahres.<\/li>\n<li>**Pers\u00f6nliche Wertsch\u00e4tzung:** Als Geburtstagsgru\u00df oder um Dich einfach f\u00fcr die Unterst\u00fctzung nach einer besonders intensiven Phase im Schulalltag zu bedanken.<\/li>\n<li>**Sofort einsatzbereit:** Die Aufsteller sind fertig zum Ausdrucken, Ausschneiden, in der Mitte falten und aufstellen. So sparst Du wertvolle Zeit.<\/li>\n<li>**Liebevolle Designs:** Jedes Motiv ist ansprechend gestaltet und verbreitet sofort gute Laune.<\/li>\n<\/ul>\n<h3>Deine Vorteile auf einen Blick:<\/h3>\n<ul>\n<li>**St\u00e4rke den Kollegiumszusammenhalt:** Zeige Deinen Kolleg*innen Deine Wertsch\u00e4tzung und f\u00f6rdere ein positives Miteinander im Lehrerzimmer.<\/li>\n<li>**Schaffe eine herzliche Atmosph\u00e4re:** Kleine Gesten bewirken oft Gro\u00dfes und tragen zu einem angenehmen und unterst\u00fctzenden Arbeitsklima bei.<\/li>\n<li>**Bereite Freude mit wenig Aufwand:** Mit diesen fertigen Materialien hast Du schnell eine nette \u00dcberraschung parat, ohne lange nach den richtigen Worten suchen zu m\u00fcssen.<\/li>\n<li>**Sei immer passend vorbereitet:** Egal welcher Anlass, Du hast immer den richtigen Aufsteller zur Hand, um Danke zu sagen, zu gratulieren oder einfach nur gute W\u00fcnsche zu \u00fcbermitteln.<\/li>\n<\/ul>\n<p>Dieser Download entha\u0308lt 13 Aufsteller mit leicht unterschiedlichem Text (s. Bilder).<\/p>\n<\/div>\n<\/div>\n<\/div>\n<\/div>\n<p>Dies ist ein <strong>digitaler Download.<\/strong><\/p>\n<p>Dateiformat: \u00a01 PDF<\/p>\n<p>Alle Cliparts &amp; Fonts: s. Quellenangaben im Dokument<\/p>\n<p>Je nach Drucker k\u00f6nnen die Farben etwas abweichen.<\/p>\n<p>&nbsp;<\/p>\n<p><i>Alle digitalen\/downloadbaren Produkte sind nur f\u00fcr den privaten, eigenen Gebrauch bestimmt. Sie d\u00fcrfen nicht weiterverkauft oder f\u00fcr kommerzielle\u00a0Zwecke genutzt werden! Sie sind von Umtausch und von der R\u00fcckgabe ausgeschlossen. Auch d\u00fcrfen sie nicht ver\u00e4ndert werden. Eine Vervielf\u00e4ltigung kann zum privaten Gebrauch erstellt werden. Die Sticker sind ausschlie\u00dflich f\u00fcr die private Nutzung\u00a0innerhalb des Planers zu verwenden. Bei Ver\u00f6ffentlichungen (z.B. in den Sozialen Netzwerken) muss zwingend der Verweis zu Peanut&#8217;s Peanuts angegeben werden.<\/i><\/p>\n","protected":false},"excerpt":{"rendered":"<p>M\u00f6chtest Du Deinem Kollegium eine kleine Freude machen und Dich f\u00fcr die tolle Zusammenarbeit bedanken? Mit diesen vielf\u00e4ltigen Aufstellern gelingt Dir das [&hellip;]<\/p>\n","protected":false},"featured_media":7429,"comment_status":"open","ping_status":"closed","template":"","meta":[],"product_cat":[240],"product_tag":[166,177,170,241,225,235],"post_mailing_queue_ids":[],"_links":{"self":[{"href":"https:\/\/peanutspeanuts.de\/index.php?rest_route=\/wp\/v2\/product\/7428"}],"collection":[{"href":"https:\/\/peanutspeanuts.de\/index.php?rest_route=\/wp\/v2\/product"}],"about":[{"href":"https:\/\/peanutspeanuts.de\/index.php?rest_route=\/wp\/v2\/types\/product"}],"replies":[{"embeddable":true,"href":"https:\/\/peanutspeanuts.de\/index.php?rest_route=%2Fwp%2Fv2%2Fcomments&post=7428"}],"wp:featuredmedia":[{"embeddable":true,"href":"https:\/\/peanutspeanuts.de\/index.php?rest_route=\/wp\/v2\/media\/7429"}],"wp:attachment":[{"href":"https:\/\/peanutspeanuts.de\/index.php?rest_route=%2Fwp%2Fv2%2Fmedia&parent=7428"}],"wp:term":[{"taxonomy":"product_cat","embeddable":true,"href":"https:\/\/peanutspeanuts.de\/index.php?rest_route=%2Fwp%2Fv2%2Fproduct_cat&post=7428"},{"taxonomy":"product_tag","embeddable":true,"href":"https:\/\/peanutspeanuts.de\/index.php?rest_route=%2Fwp%2Fv2%2Fproduct_tag&post=7428"}],"curies":[{"name":"wp","href":"https:\/\/api.w.org\/{rel}","templated":true}]}}