{"id":7464,"date":"2026-04-19T17:08:12","date_gmt":"2026-04-19T15:08:12","guid":{"rendered":"https:\/\/peanutspeanuts.de\/?post_type=product&#038;p=7464"},"modified":"2026-04-22T01:00:15","modified_gmt":"2026-04-21T23:00:15","slug":"ich-habe-wer-hat-mit-adjektiven","status":"publish","type":"product","link":"https:\/\/peanutspeanuts.de\/?product=ich-habe-wer-hat-mit-adjektiven","title":{"rendered":"Ich habe&#8230; &#8211; Wer hat&#8230;? mit Adjektiven"},"content":{"rendered":"<div class=\"page\" title=\"Page 1\">\n<div class=\"section\">\n<div class=\"layoutArea\">\n<div class=\"column\">\n<p data-pm-slice=\"1 3 []\">Tauche ein in die Welt der Adjektive mit dieser interaktiven Lesekette! Deine Sch\u00fcler*innen festigen spielerisch ihr Wissen \u00fcber die Steigerung von Adjektiven.<\/p>\n<h3>So funktioniert die Lesekette:<\/h3>\n<ul>\n<li>Das Material enth\u00e4lt eine spannende <strong>&#8220;Ich habe&#8230; Wer hat&#8230;?&#8221;<\/strong> Lesekette.<\/li>\n<li>Deine Sch\u00fcler*innen \u00fcben dabei <strong>acht verschiedene Adjektive<\/strong> in allen drei Vergleichsstufen: Grundform (Positiv), erste Vergleichsstufe (Komparativ) und zweite Vergleichsstufe (Superlativ).<\/li>\n<li>Mische die Karten und verteile sie an Deine Sch\u00fcler*innen.<\/li>\n<li>Das Spiel beginnt mit der Karte, die eine <strong>gr\u00fcne Ampel<\/strong> zeigt.<\/li>\n<li>Jede*r Sch\u00fcler*in liest abwechselnd die eigene Karte vor und sucht die passende Anschlusskarte.<\/li>\n<li>Die Lesekette endet, wenn die Karte mit der <strong>roten Ampel<\/strong> vorgelesen wird.<\/li>\n<li>Das Spiel f\u00f6rdert das genaue Zuh\u00f6ren und das schnelle Erkennen der richtigen Adjektivform.<\/li>\n<\/ul>\n<h3>Das lernen Deine Sch\u00fcler*innen mit diesem Material:<\/h3>\n<ul>\n<li>Sie <strong>erkennen und steigern Adjektive<\/strong> sicher in allen drei Vergleichsstufen (Positiv, Komparativ, Superlativ).<\/li>\n<li>Sie <strong>verbessern ihre Lesefl\u00fcssigkeit<\/strong> durch das wiederholte und aktive Vorlesen der Karten.<\/li>\n<li>Sie <strong>schulen ihr H\u00f6rverst\u00e4ndnis<\/strong>, indem sie aufmerksam zuh\u00f6ren, um die korrekte Anschlusskarte zu finden.<\/li>\n<li>Sie <strong>st\u00e4rken ihre Sprachkompetenz<\/strong> und ihr Gef\u00fchl f\u00fcr die deutsche Sprache durch den praktischen Umgang mit Adjektiven.<\/li>\n<li>Sie <strong>f\u00f6rdern kooperatives Lernen<\/strong> und den Teamgeist, da das Spiel nur gemeinsam funktioniert.<\/li>\n<\/ul>\n<p>&nbsp;<\/p>\n<p>Dies ist ein <strong>digitaler Download.\u00a0<\/strong><\/p>\n<p>Dateiformat: \u00a01 PDF<\/p>\n<\/div>\n<\/div>\n<\/div>\n<\/div>\n<p>Alle Cliparts &amp; Fonts: siehe Quellenangaben im Dokument<\/p>\n<p>Je nach Drucker k\u00f6nnen die Farben etwas abweichen.<\/p>\n<p>&nbsp;<\/p>\n<p><i>Alle digitalen\/downloadbaren Produkte sind nur f\u00fcr den privaten, eigenen Gebrauch bestimmt. Sie d\u00fcrfen nicht weiterverkauft oder f\u00fcr kommerzielle\u00a0Zwecke genutzt werden! Sie sind von Umtausch und von der R\u00fcckgabe ausgeschlossen. Auch d\u00fcrfen sie nicht ver\u00e4ndert werden. Eine Vervielf\u00e4ltigung kann zum privaten Gebrauch erstellt werden. Die Sticker sind ausschlie\u00dflich f\u00fcr die private Nutzung\u00a0innerhalb des Planers zu verwenden. Bei Ver\u00f6ffentlichungen (z.B. in den Sozialen Netzwerken) muss zwingend der Verweis zu Peanut&#8217;s Peanuts angegeben werden.<\/i><\/p>\n","protected":false},"excerpt":{"rendered":"<p>Tauche ein in die Welt der Adjektive mit dieser interaktiven Lesekette! Deine Sch\u00fcler*innen festigen spielerisch ihr Wissen \u00fcber die Steigerung von Adjektiven. [&hellip;]<\/p>\n","protected":false},"featured_media":7460,"comment_status":"open","ping_status":"closed","template":"","meta":[],"product_cat":[262],"product_tag":[232,173,166,177,241,293,225,235,168],"post_mailing_queue_ids":[],"_links":{"self":[{"href":"https:\/\/peanutspeanuts.de\/index.php?rest_route=\/wp\/v2\/product\/7464"}],"collection":[{"href":"https:\/\/peanutspeanuts.de\/index.php?rest_route=\/wp\/v2\/product"}],"about":[{"href":"https:\/\/peanutspeanuts.de\/index.php?rest_route=\/wp\/v2\/types\/product"}],"replies":[{"embeddable":true,"href":"https:\/\/peanutspeanuts.de\/index.php?rest_route=%2Fwp%2Fv2%2Fcomments&post=7464"}],"wp:featuredmedia":[{"embeddable":true,"href":"https:\/\/peanutspeanuts.de\/index.php?rest_route=\/wp\/v2\/media\/7460"}],"wp:attachment":[{"href":"https:\/\/peanutspeanuts.de\/index.php?rest_route=%2Fwp%2Fv2%2Fmedia&parent=7464"}],"wp:term":[{"taxonomy":"product_cat","embeddable":true,"href":"https:\/\/peanutspeanuts.de\/index.php?rest_route=%2Fwp%2Fv2%2Fproduct_cat&post=7464"},{"taxonomy":"product_tag","embeddable":true,"href":"https:\/\/peanutspeanuts.de\/index.php?rest_route=%2Fwp%2Fv2%2Fproduct_tag&post=7464"}],"curies":[{"name":"wp","href":"https:\/\/api.w.org\/{rel}","templated":true}]}}