{"id":7470,"date":"2026-05-02T16:22:58","date_gmt":"2026-05-02T14:22:58","guid":{"rendered":"https:\/\/peanutspeanuts.de\/?post_type=product&#038;p=7470"},"modified":"2026-05-02T16:27:47","modified_gmt":"2026-05-02T14:27:47","slug":"stop-and-swap-numbers-englisches-warm-up","status":"publish","type":"product","link":"https:\/\/peanutspeanuts.de\/?product=stop-and-swap-numbers-englisches-warm-up","title":{"rendered":"Stop and Swap &#8211; Numbers (Englisches Warm-up)"},"content":{"rendered":"<div class=\"page\" title=\"Page 1\">\n<div class=\"section\">\n<div class=\"layoutArea\">\n<div class=\"column\">\n<p data-pm-slice=\"1 1 []\">Bring frischen Wind in deinen Englischunterricht und lass deine Sch\u00fcler*innen spielerisch Zahlen \u00fcben! Mit dem interaktiven &#8220;Stop and Swap numbers&#8221;-Material festigen sie ihre Kenntnisse der englischen Zahlen von 1 bis 100 und verbessern gleichzeitig ihre Sprech- und H\u00f6rf\u00e4higkeiten.<\/p>\n<p>Dieses Material hilft deinen Sch\u00fcler*innen dabei, folgende Kompetenzen zu erwerben oder zu verbessern:<\/p>\n<ul>\n<li><strong>Sprechen und Fragen stellen:<\/strong> Sie \u00fcben aktiv, nach Zahlen zu fragen und diese zu benennen.<\/li>\n<li><strong>H\u00f6rverst\u00e4ndnis:<\/strong> Sie verstehen gesprochene Zahlen im Kontext eines Mini-Dialogs.<\/li>\n<li><strong>Zahlenkenntnis:<\/strong> Sie festigen die englischen Zahlen von 1 bis 100, inklusive Zehnerzahlen.<\/li>\n<li><strong>Interaktion und Kommunikation:<\/strong> Das Spiel f\u00f6rdert den Austausch und die Zusammenarbeit in der Klasse.<\/li>\n<li><strong>Bewegung im Unterricht:<\/strong> Die Sch\u00fcler*innen sind aktiv unterwegs und lernen mit Spa\u00df.<\/li>\n<\/ul>\n<p>So funktioniert das Spiel ganz einfach:<\/p>\n<ul>\n<li>Jede*r Sch\u00fcler*in erh\u00e4lt eine Karte mit einer Zahl und der Frage &#8220;What is your number?&#8221;.<\/li>\n<li>Die Sch\u00fcler*innen bewegen sich frei im Raum. Treffen sie auf eine*n Partner*in, halten sie an und lesen ihre Karte vor.<\/li>\n<li>Der*die Partner*in antwortet mit der eigenen Zahl.<\/li>\n<li>Nach einem kurzen Austausch tauschen die Sch\u00fcler*innen ihre Karten und suchen sich neue Partner*innen. So entsteht ein dynamischer Lernprozess!<\/li>\n<\/ul>\n<p>F\u00fcr noch mehr Abwechslung kannst du die Phasen des Sprechens und des Partnerwechsels mit Musik untermalen. Stoppt die Musik, suchen sich die Sch\u00fcler*innen sofort eine*n neue*n Partner*in \u2013 das sorgt f\u00fcr zus\u00e4tzliche Motivation und Tempo!<\/p>\n<p>Dieser Download enth\u00e4lt:<\/p>\n<ul>\n<li><strong>28 farbenfrohe &#8220;Stop and Swap numbers&#8221; Karten:<\/strong> Jede Karte zeigt eine englische Zahl (von 1 bis 100) und die Aufforderung &#8220;What is your number?&#8221;, perfekt zum direkten Ausdrucken und Loslegen.<\/li>\n<li><strong>Detaillierte Spielanleitung:<\/strong> Eine klare Anleitung, die dir den Einsatz im Unterricht erleichtert.<\/li>\n<li><strong>Vielseitig einsetzbar:<\/strong> Ideal f\u00fcr den Einstieg, zur Wiederholung oder als Auflockerung zwischendurch.<\/li>\n<\/ul>\n<p>Bereite deinen Sch\u00fcler*innen eine spannende und effektive \u00dcbungseinheit vor, die sie lieben werden!<\/p>\n<p>&nbsp;<\/p>\n<p>Dies ist ein <strong>digitaler Download.\u00a0<\/strong><\/p>\n<p>Dateiformat: \u00a01 PDF<\/p>\n<\/div>\n<\/div>\n<\/div>\n<\/div>\n<p>Alle Cliparts &amp; Fonts: siehe Quellenangaben im Dokument<\/p>\n<p>Je nach Drucker k\u00f6nnen die Farben etwas abweichen.<\/p>\n<p>&nbsp;<\/p>\n<p><i>Alle digitalen\/downloadbaren Produkte sind nur f\u00fcr den privaten, eigenen Gebrauch bestimmt. Sie d\u00fcrfen nicht weiterverkauft oder f\u00fcr kommerzielle\u00a0Zwecke genutzt werden! Sie sind von Umtausch und von der R\u00fcckgabe ausgeschlossen. Auch d\u00fcrfen sie nicht ver\u00e4ndert werden. Eine Vervielf\u00e4ltigung kann zum privaten Gebrauch erstellt werden. Die Sticker sind ausschlie\u00dflich f\u00fcr die private Nutzung\u00a0innerhalb des Planers zu verwenden. Bei Ver\u00f6ffentlichungen (z.B. in den Sozialen Netzwerken) muss zwingend der Verweis zu Peanut&#8217;s Peanuts angegeben werden.<\/i><\/p>\n","protected":false},"excerpt":{"rendered":"<p>Bring frischen Wind in deinen Englischunterricht und lass deine Sch\u00fcler*innen spielerisch Zahlen \u00fcben! Mit dem interaktiven &#8220;Stop and Swap numbers&#8221;-Material festigen sie [&hellip;]<\/p>\n","protected":false},"featured_media":7466,"comment_status":"open","ping_status":"closed","template":"","meta":[],"product_cat":[261],"product_tag":[173,166,167,177,241,293,225,235,168],"post_mailing_queue_ids":[],"_links":{"self":[{"href":"https:\/\/peanutspeanuts.de\/index.php?rest_route=\/wp\/v2\/product\/7470"}],"collection":[{"href":"https:\/\/peanutspeanuts.de\/index.php?rest_route=\/wp\/v2\/product"}],"about":[{"href":"https:\/\/peanutspeanuts.de\/index.php?rest_route=\/wp\/v2\/types\/product"}],"replies":[{"embeddable":true,"href":"https:\/\/peanutspeanuts.de\/index.php?rest_route=%2Fwp%2Fv2%2Fcomments&post=7470"}],"wp:featuredmedia":[{"embeddable":true,"href":"https:\/\/peanutspeanuts.de\/index.php?rest_route=\/wp\/v2\/media\/7466"}],"wp:attachment":[{"href":"https:\/\/peanutspeanuts.de\/index.php?rest_route=%2Fwp%2Fv2%2Fmedia&parent=7470"}],"wp:term":[{"taxonomy":"product_cat","embeddable":true,"href":"https:\/\/peanutspeanuts.de\/index.php?rest_route=%2Fwp%2Fv2%2Fproduct_cat&post=7470"},{"taxonomy":"product_tag","embeddable":true,"href":"https:\/\/peanutspeanuts.de\/index.php?rest_route=%2Fwp%2Fv2%2Fproduct_tag&post=7470"}],"curies":[{"name":"wp","href":"https:\/\/api.w.org\/{rel}","templated":true}]}}